{"id":101283,"date":"2018-11-30T11:54:19","date_gmt":"2018-11-30T10:54:19","guid":{"rendered":"https:\/\/lesaintlaurentvape.com\/produit\/vaporesso-guardian-tank\/"},"modified":"2020-10-31T20:37:09","modified_gmt":"2020-10-31T19:37:09","slug":"vaporesso-guardian-tank","status":"publish","type":"product","link":"https:\/\/lesaintlaurentvape.com\/en\/produit\/vaporesso-guardian-tank\/","title":{"rendered":"Vaporesso Guardian Tank"},"content":{"rendered":"<p><span style=\"color: #ffffff;\">Vaporesso Guardian Tank Vaporesso Guardian Tank<\/span><\/p>\n<h2 style=\"text-align: center;\"><b>DESCRIPTION D\u00c9TAILL\u00c9E:<\/b><\/h2>\n<p><img loading=\"lazy\" class=\"aligncenter size-full wp-image-4233\" src=\"https:\/\/dscvape.fr\/wp-content\/uploads\/2018\/11\/Guardian-tank-detail-vapo.png\" alt=\"\" width=\"939\" height=\"955\" \/><\/p>\n<p style=\"text-align: center;\"><strong><u>Un clearomiseur bien pens\u00e9<\/u><\/strong><\/p>\n<p style=\"text-align: center;\">Le Guardian tank se pr\u00e9sente comme un tank assez classique au premier abord mais on remarque que tout d\u2019abord l\u2019airflow a \u00e9t\u00e9 d\u00e9lib\u00e9r\u00e9ment install\u00e9 sur le haut du tank afin d\u2019\u00e9viter les fuites de e-liquide. En plus de cela, nous avons une double s\u00e9curit\u00e9 enfant qui vient renforcer ce syst\u00e8me et va permettre, en plus d\u2019emp\u00eacher vos enfants de jouer avec, d\u2019\u00e9viter toute ouverture accidentelle dans le sac. Ce m\u00e9canisme fonctionne donc en deux temps, tout d\u2019abord il faut deviser la premi\u00e8re partie du top cap dans le sens de l\u2019aiguille d\u2019une montre puis deviser la seconde partie dans le sens contraire pour d\u00e9couvrir la zone de remplissage.<\/p>\n<p><img loading=\"lazy\" class=\"aligncenter wp-image-3958\" src=\"https:\/\/dscvape.fr\/wp-content\/uploads\/2018\/11\/guardian-tank-ouverture.png\" alt=\"\" width=\"706\" height=\"705\" \/><\/p>\n<p style=\"text-align: center;\"><strong><u>Les r\u00e9sistances GD CCELL<\/u><\/strong><\/p>\n<p style=\"text-align: center;\">Ce clearomiseur nous laisse d\u00e9couvrir les r\u00e9sistances GD CCELL, des r\u00e9sistances en c\u00e9ramique n\u00e9es de la technologie CCELL de chez Vaporesso, qui promettent une meilleure retranscription des saveurs, emp\u00eacher les dry-hits ainsi que d\u2019augmenter leur dur\u00e9e de vie.<br \/>\nPour changer ces r\u00e9sistances, rien de plus simple, il suffit de tirer dessus pour pouvoir la retirer. Il suffira de l\u2019enfoncer pour installer une nouvelle.<\/p>\n<p><img loading=\"lazy\" class=\"aligncenter size-full wp-image-3097\" src=\"https:\/\/dscvape.fr\/wp-content\/uploads\/2018\/11\/gd-ccell.png\" alt=\"\" width=\"398\" height=\"257\" \/><\/p>\n","protected":false},"excerpt":{"rendered":"<p>Le Guardian Tank de la marque Vaporesso est un clearomiseur DL pour une vape simple. Dot\u00e9 des r\u00e9sistances CCELL GD, cet atomiseur permet une excellente retranscription des saveurs ainsi qu&#8217;une dur\u00e9e de vie importante. Il est \u00e9galement dot\u00e9 d&#8217;une double s\u00e9curit\u00e9 enfant afin d&#8217;\u00e9viter qu&#8217;un enfant ne puisse l&#8217;ouvrir mais aussi \u00e9viter tout risque de fuite \u00e0 cause d&#8217;une ouverture accidentelle dans le sac. Son airflow se situe aussi sur le top cap pour renforcer son c\u00f4t\u00e9 anti-fuite et ce clearomiseur permet un remplissage simple par le haut.<\/p>\n","protected":false},"featured_media":73153,"comment_status":"closed","ping_status":"closed","template":"","meta":[],"marques":[7545],"bundle_layout":"","bundled_by":[],"bundled_items":[],"supplier_id":null,"supplier_sku":"","atum_controlled":true,"out_stock_date":null,"out_stock_threshold":null,"inheritable":false,"inbound_stock":null,"stock_on_hold":null,"sold_today":null,"sales_last_days":null,"reserved_stock":null,"customer_returns":null,"warehouse_damage":null,"lost_in_post":null,"other_logs":null,"out_stock_days":null,"lost_sales":null,"has_location":null,"update_date":null,"atum_locations":[],"atum_stock_status":"instock","low_stock":false,"mi_inventories":[],"multi_inventory":null,"inventory_sorting_mode":null,"inventory_iteration":null,"expirable_inventories":null,"price_per_inventory":null,"_links":{"self":[{"href":"https:\/\/lesaintlaurentvape.com\/en\/wp-json\/wp\/v2\/product\/101283\/"}],"collection":[{"href":"https:\/\/lesaintlaurentvape.com\/en\/wp-json\/wp\/v2\/product\/"}],"about":[{"href":"https:\/\/lesaintlaurentvape.com\/en\/wp-json\/wp\/v2\/types\/product\/"}],"replies":[{"embeddable":true,"href":"https:\/\/lesaintlaurentvape.com\/en\/wp-json\/wp\/v2\/comments\/?post=101283"}],"wp:featuredmedia":[{"embeddable":true,"href":"https:\/\/lesaintlaurentvape.com\/en\/wp-json\/wp\/v2\/media\/73153\/"}],"wp:attachment":[{"href":"https:\/\/lesaintlaurentvape.com\/en\/wp-json\/wp\/v2\/media\/?parent=101283"}],"wp:term":[{"taxonomy":"marques","embeddable":true,"href":"https:\/\/lesaintlaurentvape.com\/en\/wp-json\/wp\/v2\/marques\/?post=101283"}],"curies":[{"name":"wp","href":"https:\/\/api.w.org\/{rel}","templated":true}]}}