{"id":101280,"date":"2018-11-30T12:53:13","date_gmt":"2018-11-30T11:53:13","guid":{"rendered":"https:\/\/lesaintlaurentvape.com\/produit\/vaporesso-ccell-gd\/"},"modified":"2020-10-31T20:33:58","modified_gmt":"2020-10-31T19:33:58","slug":"vaporesso-ccell-gd","status":"publish","type":"product","link":"https:\/\/lesaintlaurentvape.com\/en\/produit\/vaporesso-ccell-gd\/","title":{"rendered":"Vaporesso R\u00e9sistance CCELL GD SS"},"content":{"rendered":"<p><span style=\"color: #ffffff;\">Vaporesso R\u00e9sistance CCELL<\/span><\/p>\n<h3 style=\"text-align: center;\">CCELL GD SS 0,5 ohm<\/h3>\n<table>\n<tbody>\n<tr>\n<td width=\"302\">Valeur (ohm)<\/td>\n<td width=\"303\">0,5 ohm<\/td>\n<\/tr>\n<tr>\n<td width=\"302\">Mat\u00e9riel<\/td>\n<td width=\"303\">C\u00e9ramique<\/td>\n<\/tr>\n<tr>\n<td width=\"302\">Utilisation optimale<\/td>\n<td width=\"303\">20-35 W<\/td>\n<\/tr>\n<tr>\n<td width=\"302\">Type d\u2019inhalation<\/td>\n<td width=\"303\">Directe<\/td>\n<\/tr>\n<\/tbody>\n<\/table>\n<h3 style=\"text-align: center;\">CCELL GD SS 0,6 ohm<\/h3>\n<table>\n<tbody>\n<tr>\n<td width=\"302\">Valeur (ohm)<\/td>\n<td width=\"303\">0,6 ohm<\/td>\n<\/tr>\n<tr>\n<td width=\"302\">Mat\u00e9riel<\/td>\n<td width=\"303\">C\u00e9ramique<\/td>\n<\/tr>\n<tr>\n<td width=\"302\">Utilisation optimale<\/td>\n<td width=\"303\">8-13 W<\/td>\n<\/tr>\n<tr>\n<td width=\"302\">Type d\u2019inhalation<\/td>\n<td width=\"303\">Directe<\/td>\n<\/tr>\n<\/tbody>\n<\/table>\n<p class=\"p1\"><span class=\"s1\" style=\"color: #ffffff;\"><a style=\"color: #ffffff;\" href=\"https:\/\/dscvape.fr\/product-brands\/vaporesso\/\">Voir tous les produits Vaporesso sur le site<\/a><\/span><\/p>\n<p class=\"p1\"><span class=\"s1\" style=\"color: #ffffff;\"><a style=\"color: #ffffff;\" href=\"https:\/\/www.vaporesso.com\/\">Voir le site du fournisseur<\/a><\/span><\/p>\n","protected":false},"excerpt":{"rendered":"<p>Les r\u00e9sistances CCELL GD sont des r\u00e9sistances en c\u00e9ramique destin\u00e9es \u00e0 la Guardian Tank (Kit Target Mini). Ces r\u00e9sistances sont vendues par bo\u00eetes de 5 pi\u00e8ces. Disponible en 0,5 ohm et en 0,6 ohm.<\/p>\n","protected":false},"featured_media":73148,"comment_status":"closed","ping_status":"closed","template":"","meta":[],"marques":[7545],"bundle_layout":"","bundled_by":[],"bundled_items":[],"supplier_id":null,"supplier_sku":"","atum_controlled":true,"out_stock_date":null,"out_stock_threshold":null,"inheritable":false,"inbound_stock":null,"stock_on_hold":null,"sold_today":null,"sales_last_days":null,"reserved_stock":null,"customer_returns":null,"warehouse_damage":null,"lost_in_post":null,"other_logs":null,"out_stock_days":null,"lost_sales":null,"has_location":null,"update_date":null,"atum_locations":[],"atum_stock_status":"instock","low_stock":false,"mi_inventories":[],"multi_inventory":null,"inventory_sorting_mode":null,"inventory_iteration":null,"expirable_inventories":null,"price_per_inventory":null,"_links":{"self":[{"href":"https:\/\/lesaintlaurentvape.com\/en\/wp-json\/wp\/v2\/product\/101280\/"}],"collection":[{"href":"https:\/\/lesaintlaurentvape.com\/en\/wp-json\/wp\/v2\/product\/"}],"about":[{"href":"https:\/\/lesaintlaurentvape.com\/en\/wp-json\/wp\/v2\/types\/product\/"}],"replies":[{"embeddable":true,"href":"https:\/\/lesaintlaurentvape.com\/en\/wp-json\/wp\/v2\/comments\/?post=101280"}],"wp:featuredmedia":[{"embeddable":true,"href":"https:\/\/lesaintlaurentvape.com\/en\/wp-json\/wp\/v2\/media\/73148\/"}],"wp:attachment":[{"href":"https:\/\/lesaintlaurentvape.com\/en\/wp-json\/wp\/v2\/media\/?parent=101280"}],"wp:term":[{"taxonomy":"marques","embeddable":true,"href":"https:\/\/lesaintlaurentvape.com\/en\/wp-json\/wp\/v2\/marques\/?post=101280"}],"curies":[{"name":"wp","href":"https:\/\/api.w.org\/{rel}","templated":true}]}}