{"id":101279,"date":"2018-11-30T10:56:51","date_gmt":"2018-11-30T09:56:51","guid":{"rendered":"https:\/\/lesaintlaurentvape.com\/produit\/vaporesso-tarot-nano-kit\/"},"modified":"2020-10-31T21:18:06","modified_gmt":"2020-10-31T20:18:06","slug":"vaporesso-tarot-nano-kit","status":"publish","type":"product","link":"https:\/\/lesaintlaurentvape.com\/en\/produit\/vaporesso-tarot-nano-kit\/","title":{"rendered":"Vaporesso &#8211; Tarot Nano Kit"},"content":{"rendered":"<p><span style=\"color: #ffffff;\">Vaporesso Tarot Nano Kit<\/span><\/p>\n<h2 style=\"text-align: center;\"><b>DESCRIPTION D\u00c9TAILL\u00c9E:<\/b><\/h2>\n<p><img loading=\"lazy\" class=\"aligncenter wp-image-4232\" src=\"https:\/\/dscvape.fr\/wp-content\/uploads\/2018\/11\/Tarot-Nano-D\u00e9tail-vapo.png\" alt=\"\" width=\"727\" height=\"607\" \/><\/p>\n<p style=\"text-align: center;\"><strong><u>Remplissage par le haut<br \/>\n<\/u><\/strong>Le Veco tank est un clearomiseur DL tr\u00e8s simple d\u2019utilisation. Avec son remplissage par le haut, vous avez la garantie d\u2019un remplissage propre. Pour cela, il vous suffira de deviser le top cap et de remplir votre r\u00e9servoir sur le cot\u00e9 et non dans le centre de la r\u00e9sistance.<br \/>\n<img loading=\"lazy\" class=\"aligncenter size-full wp-image-3941\" src=\"https:\/\/dscvape.fr\/wp-content\/uploads\/2018\/11\/Remplissage-veco.png\" alt=\"\" width=\"309\" height=\"290\" \/><\/p>\n<p style=\"text-align: center;\"><strong><u>Airflow au top<br \/>\n<\/u><\/strong>L\u2019un des avantages de ce clearomiseur est sa structure. En effet, Vaporesso innove avec un airflow situ\u00e9 sur le top cap (et non sur le bottom cap comme on retrouve habituellement sur les autres produits). Ce choix permet d\u2019\u00e9viter toute fuite de e-liquide par cette sortie d\u2019air. Celui-ci est r\u00e9glable tout de m\u00eame, ce qui vous permettra de modifier<br \/>\n<img loading=\"lazy\" class=\"aligncenter size-full wp-image-3942\" src=\"https:\/\/dscvape.fr\/wp-content\/uploads\/2018\/11\/Airflow.png\" alt=\"\" width=\"398\" height=\"445\" \/><\/p>\n<p style=\"text-align: center;\"><strong><u>La Tarot Nano<br \/>\n<\/u><\/strong>La box Tarot Nano a pour avantage d\u2019\u00eatre extr\u00eamement compacte. En effet, celle-ci fait 7cm de hauteur. Pourtant, elle poss\u00e8de une batterie int\u00e9gr\u00e9e d\u2019une capacit\u00e9 de 2500 mAh, ce qui vous permettra une vape all-day sans crainte de manquer de batterie. Cette box est dot\u00e9e du firmware OMNI Board de Vaporesso et permet de nombreux mode de vape tels que\u00a0: Smart VW \/ CCW \/ VT \/ CCT \/ TCR \/ Bypass.<\/p>\n<h3 style=\"text-align: center;\"><b><img loading=\"lazy\" class=\"aligncenter wp-image-3948\" src=\"https:\/\/dscvape.fr\/wp-content\/uploads\/2018\/11\/Box-tarot.png\" alt=\"\" width=\"647\" height=\"501\" \/><\/b><\/h3>\n<p style=\"text-align: center;\"><strong><u>R\u00e9sistance EUC (ECO UNIVERSAL COIL)<br \/>\n<\/u><\/strong>Vaporesso propose dans son kit deux r\u00e9sistances EUC\u00a0: Une traditionnelle Clapton EUC en 0,4 ohm et une r\u00e9sistance Clapton EUC en c\u00e9ramique en 0,5 ohm.<br \/>\nCes r\u00e9sistances s\u2019installent de mani\u00e8re tr\u00e8s simple. En effet, il suffit de retirer le bottom cap, tirer sur la r\u00e9sistance et en installer une nouvelle. Cela permet une installation rapide et sans besoin de viser.<\/p>\n<p><img loading=\"lazy\" class=\"aligncenter wp-image-3947\" src=\"https:\/\/dscvape.fr\/wp-content\/uploads\/2018\/11\/Changer-r\u00e9sistance-veco.png\" alt=\"\" width=\"904\" height=\"395\" \/><\/p>\n","protected":false},"excerpt":{"rendered":"<p>Le kit Tarot Nano de chez Vaporesso est un kit compact compos\u00e9 de la box Tarot nano et du clearomiseur Veco.<br \/>\nTout d\u2019abord, le premier point positif de ce kit est sa taille. Transportable et facilement maniable, elle sera votre alli\u00e9e de tous les jours avec une batterie int\u00e9gr\u00e9e d\u2019une capacit\u00e9 de 2500mah, sa petite taille ne lui fait pas d\u00e9faut. Sa puissance maximale est de 80W, largement suffisant pour son format.<br \/>\nQuant au Veco tank, nous avons l\u00e0 un clearomiseur innovant avec un airflow r\u00e9glable int\u00e9gr\u00e9 au top cap ce qui diminue fortement les risques de fuite. Au niveau des r\u00e9sistances, les EUC coil sont des r\u00e9sistances simples \u00e0 installer, il suffit tout simplement de les\u00a0\u00ab\u00a0clipser\u00a0\u00bb au niveau du bottom cap et le tour est jou\u00e9. Ce kit est parfait pour les vapoteurs qui cherchent un kit compact mais une batterie qui durement sans probl\u00e8me la journ\u00e9e.<\/p>\n<p>PVC TTC : 59.90\u20ac<\/p>\n<p><a href=\"https:\/\/dscvape.fr\/wp-content\/uploads\/2018\/11\/Aide-\u00e0-la-vente-Vaporesso-Tarot-Nano.pdf\">Aide \u00e0 la vente Vaporesso Tarot Nano<\/a><\/p>\n","protected":false},"featured_media":73118,"comment_status":"closed","ping_status":"closed","template":"","meta":[],"marques":[7545],"bundle_layout":"","bundled_by":[],"bundled_items":[],"supplier_id":null,"supplier_sku":"","atum_controlled":true,"out_stock_date":null,"out_stock_threshold":null,"inheritable":false,"inbound_stock":null,"stock_on_hold":null,"sold_today":null,"sales_last_days":null,"reserved_stock":null,"customer_returns":null,"warehouse_damage":null,"lost_in_post":null,"other_logs":null,"out_stock_days":null,"lost_sales":null,"has_location":null,"update_date":null,"atum_locations":[],"atum_stock_status":"instock","low_stock":false,"mi_inventories":[],"multi_inventory":null,"inventory_sorting_mode":null,"inventory_iteration":null,"expirable_inventories":null,"price_per_inventory":null,"_links":{"self":[{"href":"https:\/\/lesaintlaurentvape.com\/en\/wp-json\/wp\/v2\/product\/101279\/"}],"collection":[{"href":"https:\/\/lesaintlaurentvape.com\/en\/wp-json\/wp\/v2\/product\/"}],"about":[{"href":"https:\/\/lesaintlaurentvape.com\/en\/wp-json\/wp\/v2\/types\/product\/"}],"replies":[{"embeddable":true,"href":"https:\/\/lesaintlaurentvape.com\/en\/wp-json\/wp\/v2\/comments\/?post=101279"}],"wp:featuredmedia":[{"embeddable":true,"href":"https:\/\/lesaintlaurentvape.com\/en\/wp-json\/wp\/v2\/media\/73118\/"}],"wp:attachment":[{"href":"https:\/\/lesaintlaurentvape.com\/en\/wp-json\/wp\/v2\/media\/?parent=101279"}],"wp:term":[{"taxonomy":"marques","embeddable":true,"href":"https:\/\/lesaintlaurentvape.com\/en\/wp-json\/wp\/v2\/marques\/?post=101279"}],"curies":[{"name":"wp","href":"https:\/\/api.w.org\/{rel}","templated":true}]}}