{"id":101269,"date":"2018-11-29T17:07:19","date_gmt":"2018-11-29T16:07:19","guid":{"rendered":"https:\/\/lesaintlaurentvape.com\/produit\/vaporesso-qf-coils\/"},"modified":"2020-10-31T20:33:33","modified_gmt":"2020-10-31T19:33:33","slug":"vaporesso-qf-coils","status":"publish","type":"product","link":"https:\/\/lesaintlaurentvape.com\/en\/produit\/vaporesso-qf-coils\/","title":{"rendered":"Vaporesso QF Coils"},"content":{"rendered":"<p><span style=\"color: #ffffff;\"> Vaporesso QF Coils Vaporesso QF Coils<\/span><\/p>\n<p style=\"text-align: center;\"><strong><u>Les r\u00e9sistances QF<\/u><\/strong><\/p>\n<p style=\"text-align: center;\">Ces nouvelles r\u00e9sistances QF sont en forme de balle de pistolet. Cette forme permettra \u00e0 la r\u00e9sistance d\u2019emp\u00eacher les remont\u00e9s de liquide vers le drip tip et les fuites. Cette structure lui permet \u00e9galement de filtrer l\u2019air afin d\u2019obtenir des saveurs plus riches et chaudes en bouche. Et cette optimalisation des flux d\u2019air va permettre de cr\u00e9er des nuages de fum\u00e9e plus dense mais surtout plus riche en saveur.<\/p>\n<p style=\"text-align: center;\">Avec une structure en filet, les r\u00e9sistances QF Meshed vont permettre un meilleur rendu de saveur car la surface du coton au contact avec le e-liquide est l\u00e9g\u00e8rement plus importante qu&#8217;avec un QF Strip.<\/p>\n<p style=\"text-align: center;\">Tandis qu&#8217;avec une structure en alv\u00e9ole, les r\u00e9sistances QF Strip permettent d&#8217;obtenir une uniformisation de la chaleur, la vape sera plus lisse tout en ayant un rendu du go\u00fbt excellent.<\/p>\n<p><img loading=\"lazy\" class=\"aligncenter size-full wp-image-3915\" src=\"https:\/\/dscvape.fr\/wp-content\/uploads\/2018\/11\/QF-d\u00e9tail-int\u00e9rieur.png\" alt=\"\" width=\"1233\" height=\"670\" \/><\/p>\n<p style=\"text-align: center;\">Les r\u00e9sistances utilisent du coton mais aussi du lin cultiv\u00e9 pour une absorption du liquide plus rapide et \u00e9tant une fibre naturelle, elle permet de garantir une dur\u00e9e de vie plus longue \u00e0 la r\u00e9sistance.<\/p>\n<p><img loading=\"lazy\" class=\"aligncenter size-full wp-image-3127\" src=\"https:\/\/dscvape.fr\/wp-content\/uploads\/2018\/11\/R\u00e9sistance.png\" alt=\"\" width=\"1282\" height=\"640\" \/><\/p>\n<h3 style=\"text-align: center;\">Ces nouvelles r\u00e9sistances sont compatibles avec les tanks utilisant les r\u00e9sistances GT Cores.<\/h3>\n","protected":false},"excerpt":{"rendered":"<p>R\u00e9sistances QF de la marque Vaporesso compatible avec les atomiseurs utilisant des r\u00e9sistances GT Cores. Vendues par bo\u00eete de 3 pi\u00e8ces.<\/p>\n","protected":false},"featured_media":73092,"comment_status":"closed","ping_status":"closed","template":"","meta":[],"marques":[7545],"bundle_layout":"","bundled_by":[],"bundled_items":[],"supplier_id":null,"supplier_sku":"","atum_controlled":true,"out_stock_date":null,"out_stock_threshold":null,"inheritable":false,"inbound_stock":null,"stock_on_hold":null,"sold_today":null,"sales_last_days":null,"reserved_stock":null,"customer_returns":null,"warehouse_damage":null,"lost_in_post":null,"other_logs":null,"out_stock_days":null,"lost_sales":null,"has_location":null,"update_date":null,"atum_locations":[],"atum_stock_status":"instock","low_stock":false,"mi_inventories":[],"multi_inventory":null,"inventory_sorting_mode":null,"inventory_iteration":null,"expirable_inventories":null,"price_per_inventory":null,"_links":{"self":[{"href":"https:\/\/lesaintlaurentvape.com\/en\/wp-json\/wp\/v2\/product\/101269\/"}],"collection":[{"href":"https:\/\/lesaintlaurentvape.com\/en\/wp-json\/wp\/v2\/product\/"}],"about":[{"href":"https:\/\/lesaintlaurentvape.com\/en\/wp-json\/wp\/v2\/types\/product\/"}],"replies":[{"embeddable":true,"href":"https:\/\/lesaintlaurentvape.com\/en\/wp-json\/wp\/v2\/comments\/?post=101269"}],"wp:featuredmedia":[{"embeddable":true,"href":"https:\/\/lesaintlaurentvape.com\/en\/wp-json\/wp\/v2\/media\/73092\/"}],"wp:attachment":[{"href":"https:\/\/lesaintlaurentvape.com\/en\/wp-json\/wp\/v2\/media\/?parent=101269"}],"wp:term":[{"taxonomy":"marques","embeddable":true,"href":"https:\/\/lesaintlaurentvape.com\/en\/wp-json\/wp\/v2\/marques\/?post=101269"}],"curies":[{"name":"wp","href":"https:\/\/api.w.org\/{rel}","templated":true}]}}