{"id":101268,"date":"2018-11-29T16:33:35","date_gmt":"2018-11-29T15:33:35","guid":{"rendered":"https:\/\/lesaintlaurentvape.com\/produit\/vaporesso-adapateur-k20-pour-gt-core-coils\/"},"modified":"2020-10-31T20:33:25","modified_gmt":"2020-10-31T19:33:25","slug":"vaporesso-adapateur-k20-pour-gt-core-coils","status":"publish","type":"product","link":"https:\/\/lesaintlaurentvape.com\/en\/produit\/vaporesso-adapateur-k20-pour-gt-core-coils\/","title":{"rendered":"Vaporesso Adapteur K20 pour GT Core Coils"},"content":{"rendered":"<p><span style=\"color: #ffffff\">Vaporesso Adapateur K20<\/span><\/p>\n<p>Adaptateur de r\u00e9sistances GT Core pour les tanks Cascade et Cascade SE de la marque Vaporesso. Ce produit permet d&#8217;utiliser les r\u00e9sistances GT Cores avec les tanks Cascade et Cascade SE.<\/p>\n<p><img loading=\"lazy\" class=\"aligncenter size-full wp-image-4376\" src=\"https:\/\/dscvape.fr\/wp-content\/uploads\/2018\/11\/k20-Adaptateur-GT-CORE.png\" alt=\"\" width=\"1496\" height=\"542\" \/><\/p>\n<p class=\"p1\"><span class=\"s1\" style=\"color: #ffffff\"><a style=\"color: #ffffff\" href=\"https:\/\/dscvape.fr\/product-brands\/vaporesso\/\">Voir tous les produits Vaporesso sur le site<\/a><\/span><\/p>\n<p class=\"p1\"><span class=\"s1\" style=\"color: #ffffff\"><a style=\"color: #ffffff\" href=\"https:\/\/www.vaporesso.com\/\">Voir le site du fournisseur<\/a><\/span><\/p>\n","protected":false},"excerpt":{"rendered":"<p>Adaptateur de r\u00e9sistances GT Core. Vendu \u00e0 l&#8217;unit\u00e9.<\/p>\n","protected":false},"featured_media":73089,"comment_status":"closed","ping_status":"closed","template":"","meta":[],"marques":[7545],"bundle_layout":"","bundled_by":[],"bundled_items":[],"supplier_id":null,"supplier_sku":"","atum_controlled":true,"out_stock_date":null,"out_stock_threshold":null,"inheritable":false,"inbound_stock":null,"stock_on_hold":0,"sold_today":0,"sales_last_days":0,"reserved_stock":null,"customer_returns":null,"warehouse_damage":null,"lost_in_post":null,"other_logs":null,"out_stock_days":0,"lost_sales":0,"has_location":null,"update_date":"2020-11-02T23:20:37","atum_locations":[],"atum_stock_status":"instock","low_stock":false,"mi_inventories":[2248],"multi_inventory":null,"inventory_sorting_mode":null,"inventory_iteration":null,"expirable_inventories":null,"price_per_inventory":null,"_links":{"self":[{"href":"https:\/\/lesaintlaurentvape.com\/en\/wp-json\/wp\/v2\/product\/101268\/"}],"collection":[{"href":"https:\/\/lesaintlaurentvape.com\/en\/wp-json\/wp\/v2\/product\/"}],"about":[{"href":"https:\/\/lesaintlaurentvape.com\/en\/wp-json\/wp\/v2\/types\/product\/"}],"replies":[{"embeddable":true,"href":"https:\/\/lesaintlaurentvape.com\/en\/wp-json\/wp\/v2\/comments\/?post=101268"}],"wp:featuredmedia":[{"embeddable":true,"href":"https:\/\/lesaintlaurentvape.com\/en\/wp-json\/wp\/v2\/media\/73089\/"}],"wp:attachment":[{"href":"https:\/\/lesaintlaurentvape.com\/en\/wp-json\/wp\/v2\/media\/?parent=101268"}],"wp:term":[{"taxonomy":"marques","embeddable":true,"href":"https:\/\/lesaintlaurentvape.com\/en\/wp-json\/wp\/v2\/marques\/?post=101268"}],"curies":[{"name":"wp","href":"https:\/\/api.w.org\/{rel}","templated":true}]}}