{"id":101265,"date":"2018-11-29T16:07:40","date_gmt":"2018-11-29T15:07:40","guid":{"rendered":"https:\/\/lesaintlaurentvape.com\/produit\/vaporesso-gtm-coil-pour-cascade-tank\/"},"modified":"2020-10-31T20:33:24","modified_gmt":"2020-10-31T19:33:24","slug":"vaporesso-gtm-coil-pour-cascade-tank","status":"publish","type":"product","link":"https:\/\/lesaintlaurentvape.com\/en\/produit\/vaporesso-gtm-coil-pour-cascade-tank\/","title":{"rendered":"Vaporesso GTM Coil Pour Cascade Tank"},"content":{"rendered":"<p><span style=\"color: #ffffff;\">Vaporesso GTM Coil<\/span><\/p>\n<h3 style=\"text-align: center;\">GTM2 Coil<\/h3>\n<table>\n<tbody>\n<tr>\n<td width=\"302\">Valeur (ohm)<\/td>\n<td width=\"303\">0,4 ohm<\/td>\n<\/tr>\n<tr>\n<td width=\"302\">Utilisation normale<\/td>\n<td width=\"303\">40-80 W<\/td>\n<\/tr>\n<tr>\n<td width=\"302\">Type d&#8217;inhalation<\/td>\n<td width=\"303\">Directe<\/td>\n<\/tr>\n<\/tbody>\n<\/table>\n<h3 style=\"text-align: center;\">GTM8 Coil<\/h3>\n<table>\n<tbody>\n<tr>\n<td width=\"302\">Valeur (ohm)<\/td>\n<td width=\"303\">0,15 ohm<\/td>\n<\/tr>\n<tr>\n<td width=\"302\">Utilisation normale<\/td>\n<td width=\"303\">80-200 W<\/td>\n<\/tr>\n<tr>\n<td width=\"302\">Type d&#8217;inhalation<\/td>\n<td width=\"303\">Direct<\/td>\n<\/tr>\n<\/tbody>\n<\/table>\n<p class=\"p1\"><span class=\"s1\" style=\"color: #ffffff;\"><a style=\"color: #ffffff;\" href=\"https:\/\/dscvape.fr\/product-brands\/vaporesso\/\">Voir tous les produits Vaporesso sur le site<\/a><\/span><\/p>\n<p class=\"p1\"><span class=\"s1\" style=\"color: #ffffff;\"><a style=\"color: #ffffff;\" href=\"https:\/\/www.vaporesso.com\/\">Voir le site du fournisseur<\/a><\/span><\/p>\n","protected":false},"excerpt":{"rendered":"<p>R\u00e9sistances GTM de la marque Vaporesso pour le tank Cascade et Cascade SE. Vendues par bo\u00eete de 3 pi\u00e8ces.<\/p>\n<p>Les GT Core Coils peuvent remplacer ces r\u00e9sistances avec un adaptateur de r\u00e9sistance K20 pour GT Core.<\/p>\n","protected":false},"featured_media":73084,"comment_status":"closed","ping_status":"closed","template":"","meta":[],"marques":[7545],"bundle_layout":"","bundled_by":[],"bundled_items":[],"supplier_id":null,"supplier_sku":"","atum_controlled":true,"out_stock_date":null,"out_stock_threshold":null,"inheritable":false,"inbound_stock":null,"stock_on_hold":null,"sold_today":null,"sales_last_days":null,"reserved_stock":null,"customer_returns":null,"warehouse_damage":null,"lost_in_post":null,"other_logs":null,"out_stock_days":null,"lost_sales":null,"has_location":null,"update_date":null,"atum_locations":[],"atum_stock_status":"instock","low_stock":false,"mi_inventories":[],"multi_inventory":null,"inventory_sorting_mode":null,"inventory_iteration":null,"expirable_inventories":null,"price_per_inventory":null,"_links":{"self":[{"href":"https:\/\/lesaintlaurentvape.com\/en\/wp-json\/wp\/v2\/product\/101265\/"}],"collection":[{"href":"https:\/\/lesaintlaurentvape.com\/en\/wp-json\/wp\/v2\/product\/"}],"about":[{"href":"https:\/\/lesaintlaurentvape.com\/en\/wp-json\/wp\/v2\/types\/product\/"}],"replies":[{"embeddable":true,"href":"https:\/\/lesaintlaurentvape.com\/en\/wp-json\/wp\/v2\/comments\/?post=101265"}],"wp:featuredmedia":[{"embeddable":true,"href":"https:\/\/lesaintlaurentvape.com\/en\/wp-json\/wp\/v2\/media\/73084\/"}],"wp:attachment":[{"href":"https:\/\/lesaintlaurentvape.com\/en\/wp-json\/wp\/v2\/media\/?parent=101265"}],"wp:term":[{"taxonomy":"marques","embeddable":true,"href":"https:\/\/lesaintlaurentvape.com\/en\/wp-json\/wp\/v2\/marques\/?post=101265"}],"curies":[{"name":"wp","href":"https:\/\/api.w.org\/{rel}","templated":true}]}}