{"id":101245,"date":"2018-11-28T14:15:44","date_gmt":"2018-11-28T13:15:44","guid":{"rendered":"https:\/\/lesaintlaurentvape.com\/produit\/vaporesso-veco-solo-plus\/"},"modified":"2020-10-31T20:39:19","modified_gmt":"2020-10-31T19:39:19","slug":"vaporesso-veco-solo-plus","status":"publish","type":"product","link":"https:\/\/lesaintlaurentvape.com\/en\/produit\/vaporesso-veco-solo-plus\/","title":{"rendered":"Vaporesso &#8211; Veco Solo Plus Kit"},"content":{"rendered":"<p><span style=\"color: #ffffff;\">Vaporesso Veco Solo Plus Vaporesso Veco Solo Plus<\/span><\/p>\n<h2 style=\"text-align: center;\"><b>DESCRIPTION D\u00c9TAILL\u00c9E:<\/b><\/h2>\n<p><img loading=\"lazy\" class=\"aligncenter size-full wp-image-4230\" src=\"https:\/\/dscvape.fr\/wp-content\/uploads\/2018\/11\/D\u00e9tail-veco-solo-plus-vapo.png\" alt=\"\" width=\"1021\" height=\"731\" \/><\/p>\n<p style=\"text-align: center;\"><strong><u>Remplissage par le haut<br \/>\n<\/u><\/strong>Le Veco plus tank est un clearomiseur DL tr\u00e8s simple d\u2019utilisation. Avec son remplissage par le haut, vous avez la garantie d\u2019un remplissage propre. Pour cela, il vous suffira de deviser le top cap et de remplir votre r\u00e9servoir sur le cot\u00e9 et non dans le centre de la r\u00e9sistance.<br \/>\n<img loading=\"lazy\" class=\"aligncenter size-full wp-image-3941\" src=\"https:\/\/dscvape.fr\/wp-content\/uploads\/2018\/11\/Remplissage-veco.png\" alt=\"\" width=\"309\" height=\"290\" \/><\/p>\n<p style=\"text-align: center;\"><strong><u>Airflow au top<br \/>\n<\/u><\/strong>L\u2019un des avantages de ce clearomiseur est sa structure. En effet, Vaporesso innove avec un airflow situ\u00e9 sur le top cap (et non sur le bottom cap comme on retrouve habituellement sur les autres produits). Ce choix permet d\u2019\u00e9viter toute fuite de e-liquide par cette sortie d\u2019air. Celui-ci est r\u00e9glable tout de m\u00eame, ce qui vous permettra de modifier<br \/>\n<img loading=\"lazy\" class=\"aligncenter size-full wp-image-3942\" src=\"https:\/\/dscvape.fr\/wp-content\/uploads\/2018\/11\/Airflow.png\" alt=\"\" width=\"398\" height=\"445\" \/><\/p>\n<p style=\"text-align: center;\"><b><u>Une vape all-day<\/u><\/b><\/p>\n<p style=\"text-align: center;\">Avec une batterie int\u00e9gr\u00e9e de 3300 mAh, vous avez la promesse d&#8217;une vape longue et en puissance pour la journ\u00e9e. Alli\u00e9e \u00e0 un cleaormiseur d&#8217;une capacit\u00e9 de 4ml, vous allez pouvoir exp\u00e9rimenter une vape intense et longue.<\/p>\n<p><img loading=\"lazy\" class=\"aligncenter size-full wp-image-4019\" src=\"https:\/\/dscvape.fr\/wp-content\/uploads\/2018\/11\/Box-veco-solo-plus.png\" alt=\"\" width=\"986\" height=\"654\" \/><\/p>\n","protected":false},"excerpt":{"rendered":"<p>Le kit<strong> Veco Solo Plus<\/strong> est un produit de la marque <strong>Vaporesso<\/strong>. Ses diff\u00e9rent coloris sauront se mettre en accord avec votre ensemble.\u00a0 Ce kit est compos\u00e9 du Veco Plus Tank, un clearomiseur DL de la marque associ\u00e9 \u00e0 la box Solo. Nous avons l\u00e0 un <strong>kit en stick<\/strong>, super simple et pratique pour le transporter au quotidien avec vous. N&#8217;ayez plus crainte, en plus de cela la batterie poss\u00e8de une <strong>autonomie de 3300 mAh<\/strong> ce qui permet une vape all-day sans aucun soucis.\u00a0 C\u2019est un appareil simple compos\u00e9 d\u2019un <strong>unique bouton<\/strong> pour vaper tout simplement. Pour ceux qui un appareil sub-ohm facilement transportable, c\u2019est le kit qui vous faut. Super design, bon produit, bonne autonomie, \u00e0 vous de jouer !<\/p>\n<p>PVC TTC : 39.90\u20ac<\/p>\n<p><a href=\"https:\/\/dscvape.fr\/wp-content\/uploads\/2018\/11\/Vaporesso-Veco-Solo-Plus-Kit.pdf\">Aide \u00e0 la vente &#8211; Vaporesso &#8211; Veco Solo Plus Kit<\/a><\/p>\n","protected":false},"featured_media":73030,"comment_status":"closed","ping_status":"closed","template":"","meta":[],"marques":[7545],"bundle_layout":"","bundled_by":[],"bundled_items":[],"supplier_id":null,"supplier_sku":"","atum_controlled":true,"out_stock_date":null,"out_stock_threshold":null,"inheritable":false,"inbound_stock":null,"stock_on_hold":null,"sold_today":null,"sales_last_days":null,"reserved_stock":null,"customer_returns":null,"warehouse_damage":null,"lost_in_post":null,"other_logs":null,"out_stock_days":null,"lost_sales":null,"has_location":null,"update_date":null,"atum_locations":[],"atum_stock_status":"instock","low_stock":false,"mi_inventories":[],"multi_inventory":null,"inventory_sorting_mode":null,"inventory_iteration":null,"expirable_inventories":null,"price_per_inventory":null,"_links":{"self":[{"href":"https:\/\/lesaintlaurentvape.com\/en\/wp-json\/wp\/v2\/product\/101245\/"}],"collection":[{"href":"https:\/\/lesaintlaurentvape.com\/en\/wp-json\/wp\/v2\/product\/"}],"about":[{"href":"https:\/\/lesaintlaurentvape.com\/en\/wp-json\/wp\/v2\/types\/product\/"}],"replies":[{"embeddable":true,"href":"https:\/\/lesaintlaurentvape.com\/en\/wp-json\/wp\/v2\/comments\/?post=101245"}],"wp:featuredmedia":[{"embeddable":true,"href":"https:\/\/lesaintlaurentvape.com\/en\/wp-json\/wp\/v2\/media\/73030\/"}],"wp:attachment":[{"href":"https:\/\/lesaintlaurentvape.com\/en\/wp-json\/wp\/v2\/media\/?parent=101245"}],"wp:term":[{"taxonomy":"marques","embeddable":true,"href":"https:\/\/lesaintlaurentvape.com\/en\/wp-json\/wp\/v2\/marques\/?post=101245"}],"curies":[{"name":"wp","href":"https:\/\/api.w.org\/{rel}","templated":true}]}}