{"id":101234,"date":"2018-11-28T09:42:42","date_gmt":"2018-11-28T08:42:42","guid":{"rendered":"https:\/\/lesaintlaurentvape.com\/produit\/vaporesso-swag-kit-35ml\/"},"modified":"2020-10-31T21:17:31","modified_gmt":"2020-10-31T20:17:31","slug":"vaporesso-swag-kit-35ml","status":"publish","type":"product","link":"https:\/\/lesaintlaurentvape.com\/en\/produit\/vaporesso-swag-kit-35ml\/","title":{"rendered":"Vaporesso &#8211; Swag Kit (3,5ml)"},"content":{"rendered":"<p><span style=\"color: #ffffff;\">Vaporesso Swag Kit Vaporesso Swag Kit\u00a0<\/span><\/p>\n<h2 style=\"text-align: center;\">DESCRIPTION D\u00c9TAILL\u00c9E\u00a0:<\/h2>\n<p><img loading=\"lazy\" class=\"aligncenter size-full wp-image-4229\" src=\"https:\/\/dscvape.fr\/wp-content\/uploads\/2018\/11\/D\u00e9tail-swag-kit-vapo.png\" alt=\"\" width=\"1112\" height=\"856\" \/><\/p>\n<p style=\"text-align: center;\"><strong><u>Swag box<\/u><\/strong><\/p>\n<p style=\"text-align: center;\">La Swag box est une batterie \u00e0 accu (accu 18650 vendu s\u00e9par\u00e9ment), dot\u00e9e la technologie IML. Aussi avec une puissance pouvant aller jusqu\u2019\u00e0 80W. Cette box est compacte, elle pourra se ranger dans une poche sans aucun soucis. C\u2019est \u00e0 conseiller aux personnes qui souhaitent avoir une bonne autonomie de batterie sans pour autant avoir une box imposante.<\/p>\n<p><img loading=\"lazy\" class=\"aligncenter size-full wp-image-3867\" src=\"https:\/\/dscvape.fr\/wp-content\/uploads\/2018\/11\/changer-accu-swag.png\" alt=\"\" width=\"1074\" height=\"500\" \/><\/p>\n<p style=\"text-align: center;\"><strong><u>OMNI Board 2.0<\/u><\/strong><\/p>\n<p style=\"text-align: center;\">La box est \u00e9quip\u00e9e du chipset OMNI Board 2.0 est combin\u00e9 \u00e0 \u00e9cran OLED de 0,91&#8243;, permettant les modes de vape comme\u00a0: VW \/ VT \/ On\/Off SS \/ Retour au param\u00e9trage initial et plus.<\/p>\n<p style=\"text-align: center;\"><strong><u>Chargement rapide<\/u><\/strong><\/p>\n<p style=\"text-align: center;\">La box est dot\u00e9e d\u2019un chargement rapide 2 A. ce qui vous permettra de r\u00e9duire de moiti\u00e9 le temps de charge.<\/p>\n<p style=\"text-align: center;\"><strong><u>NRG SE Mini Tank<\/u><\/strong><\/p>\n<p style=\"text-align: center;\">Associ\u00e9 \u00e0 la Swag box, le NRG SE Tank promet une vape toujours plus intense. En effet, sortie suite au grand succ\u00e8s du NRG Tank, celui-ci reprend en grande partie les diff\u00e9rents aspects de son pr\u00e9d\u00e9cesseur. Toujours dot\u00e9 d\u2019un airflow r\u00e9glable sur le bottom cap, ce clearomiseur saura ravir les fans de Vaporesso avec sa compatibilit\u00e9 avec les r\u00e9sistances GT Meshed coil.<\/p>\n<p><img loading=\"lazy\" class=\"aligncenter size-full wp-image-3868\" src=\"https:\/\/dscvape.fr\/wp-content\/uploads\/2018\/11\/NRG-SE-tank-couleurs.png\" alt=\"\" width=\"960\" height=\"422\" \/><\/p>\n<p style=\"text-align: center;\"><strong><u>R\u00e9sistance GT Meshed coil<\/u><\/strong><\/p>\n<p><img loading=\"lazy\" class=\"aligncenter size-full wp-image-3733\" src=\"https:\/\/dscvape.fr\/wp-content\/uploads\/2018\/11\/GT-CoreCOIL.png\" alt=\"\" width=\"1602\" height=\"501\" \/><\/p>\n<p><span style=\"color: #ffffff;\">\u00c9galement vous trouverez \u00e7a et puis \u00e7a aussi. Ensuite<\/span><\/p>\n","protected":false},"excerpt":{"rendered":"<p>La <strong>Swag<\/strong> de chez <strong>Vaporesso<\/strong> est l\u2019appareil parfait pour d\u00e9buter la vape en Sub-Ohm.<\/p>\n<p>Il s&#8217;agit d&#8217;une petite box qui s&#8217;utilise avec un seul Accu (Accu 18650 vendu s\u00e9par\u00e9ment).\u00a0 Alli\u00e9e au NRG SE mini tank et ses r\u00e9sistances GT-core, il pr\u00e9sente une tr\u00e8s bonne autonomie\u00a0 pour une vape intense. La box Swag poss\u00e8de une<strong> puissance maximale de 80W<\/strong>, un \u00e9cran simple et facile \u00e0 utiliser. Elle poss\u00e8de un<strong> \u00e9cran OLED<\/strong> qui permet de changer les modes de vape, elle reste donc une box accessible \u00e0 tous et tr\u00e8s pratique. Quant au tank, Vaporesso propose une version mini du NRG SE tank pour le plaisir de tous, avec capacit\u00e9 de 3.5ml\u00a0 ou de 2ml, un remplissage intelligent avec un top cap qui coulisse et laisse appara\u00eetre l&#8217;orifice d\u00e9di\u00e9 au remplissage.<\/p>\n<p>Pour une meilleure utilisation et une fum\u00e9e encore plus dense, utilisez des <strong>liquides en VG+<\/strong>.<\/p>\n<p>PVC TTC : 54.90\u20ac<\/p>\n<p><a href=\"https:\/\/dscvape.fr\/wp-content\/uploads\/2018\/11\/Vaporesso-Swag-Kit.pdf\">Aide \u00e0 la vente &#8211; Vaporesso Swag Kit<\/a><\/p>\n","protected":false},"featured_media":72989,"comment_status":"closed","ping_status":"closed","template":"","meta":[],"marques":[7545],"bundle_layout":"","bundled_by":[],"bundled_items":[],"supplier_id":null,"supplier_sku":"","atum_controlled":true,"out_stock_date":null,"out_stock_threshold":null,"inheritable":false,"inbound_stock":null,"stock_on_hold":null,"sold_today":null,"sales_last_days":null,"reserved_stock":null,"customer_returns":null,"warehouse_damage":null,"lost_in_post":null,"other_logs":null,"out_stock_days":null,"lost_sales":null,"has_location":null,"update_date":null,"atum_locations":[],"atum_stock_status":"instock","low_stock":false,"mi_inventories":[],"multi_inventory":null,"inventory_sorting_mode":null,"inventory_iteration":null,"expirable_inventories":null,"price_per_inventory":null,"_links":{"self":[{"href":"https:\/\/lesaintlaurentvape.com\/en\/wp-json\/wp\/v2\/product\/101234\/"}],"collection":[{"href":"https:\/\/lesaintlaurentvape.com\/en\/wp-json\/wp\/v2\/product\/"}],"about":[{"href":"https:\/\/lesaintlaurentvape.com\/en\/wp-json\/wp\/v2\/types\/product\/"}],"replies":[{"embeddable":true,"href":"https:\/\/lesaintlaurentvape.com\/en\/wp-json\/wp\/v2\/comments\/?post=101234"}],"wp:featuredmedia":[{"embeddable":true,"href":"https:\/\/lesaintlaurentvape.com\/en\/wp-json\/wp\/v2\/media\/72989\/"}],"wp:attachment":[{"href":"https:\/\/lesaintlaurentvape.com\/en\/wp-json\/wp\/v2\/media\/?parent=101234"}],"wp:term":[{"taxonomy":"marques","embeddable":true,"href":"https:\/\/lesaintlaurentvape.com\/en\/wp-json\/wp\/v2\/marques\/?post=101234"}],"curies":[{"name":"wp","href":"https:\/\/api.w.org\/{rel}","templated":true}]}}