{"id":101227,"date":"2018-11-26T13:22:54","date_gmt":"2018-11-26T12:22:54","guid":{"rendered":"https:\/\/lesaintlaurentvape.com\/produit\/vaporesso-zero-pod\/"},"modified":"2020-10-31T20:32:02","modified_gmt":"2020-10-31T19:32:02","slug":"vaporesso-zero-pod","status":"publish","type":"product","link":"https:\/\/lesaintlaurentvape.com\/en\/produit\/vaporesso-zero-pod\/","title":{"rendered":"Vaporesso Zero Pod"},"content":{"rendered":"<p><span style=\"color: #ffffff;\">Vaporesso Zero Pod<\/span><\/p>\n<p style=\"text-align: center;\"><strong><u>Remplissage simple\u00a0: Syst\u00e8me PTF<\/u><\/strong><\/p>\n<p style=\"text-align: center;\">Vaporesso nous pr\u00e9sente son pod ZERO dot\u00e9 d\u2019un syst\u00e8me PTF (Press to fill) qui permet un remplissage propre et s\u00e9curis\u00e9. Avec votre fiole \u00e0 e-liquide, il vous suffira d\u2019enfoncer l\u2019embout dans la zone d\u00e9di\u00e9e au remplissage. La pression permettra d\u2019ouvrir une trappe reli\u00e9e au r\u00e9servoir. Celle-ci se refermera automatiquement une fois l\u2019embout retir\u00e9.<\/p>\n<p><img loading=\"lazy\" class=\"wp-image-3569 alignnone\" src=\"https:\/\/dscvape.fr\/wp-content\/uploads\/2018\/11\/Remplissage-Zero-entier.png\" alt=\"\" width=\"255\" height=\"359\" \/>\u00a0<img loading=\"lazy\" class=\"wp-image-3570 alignnone\" src=\"https:\/\/dscvape.fr\/wp-content\/uploads\/2018\/11\/Remplissage-zero-int\u00e9rieur.png\" alt=\"\" width=\"365\" height=\"291\" \/><\/p>\n<p style=\"text-align: center;\">Ce syst\u00e8me garantie une vape sans fuite et est muni d\u2019une s\u00e9curit\u00e9 enfant.<\/p>\n<p>&nbsp;<\/p>\n<p>&nbsp;<\/p>\n<p style=\"text-align: center;\"><strong><u>R\u00e9sistance CCELL\u00a0:<\/u><\/strong><\/p>\n<p style=\"text-align: center;\">Vaporesso propose dans son pod des r\u00e9sistances CCELL int\u00e9gr\u00e9es en 1,0 ohm qui garantie une vape au tirage serr\u00e9 en inhalation indirecte et une excellente reproduction des saveurs pour toujours plus de satisfaction.<img loading=\"lazy\" class=\"aligncenter wp-image-3571\" src=\"https:\/\/dscvape.fr\/wp-content\/uploads\/2018\/11\/Coil-zero.png\" alt=\"\" width=\"596\" height=\"474\" \/><\/p>\n<p style=\"text-align: center;\"><strong><u>Des pods \u00e9cologiques<\/u><\/strong><\/p>\n<p style=\"text-align: center;\">Les pods ZERO sont certifi\u00e9s d&#8217;un grade m\u00e9dical et bon pour l\u2019environnement. Aussi le pod est compos\u00e9 en grande partie de PCTG (d\u00e9velopp\u00e9 par Eastman), un mat\u00e9riel durable et facilement recyclable, souvent utilis\u00e9 dans les orth\u00e8ses m\u00e9dicales. \u00c9galement garantie sans BPA (Bisph\u00e9nol A), il n\u2019affecte en rien la qualit\u00e9 des saveurs et sa robustesse.<\/p>\n<p>&nbsp;<\/p>\n<p><span style=\"color: #ffffff;\">Aussi vous trouverez \u00e7a et puis \u00e7a aussi. Mais \u00e9galement \u00e7a aussi. Puis, je fais \u00e7a pour que la lisibilit\u00e9 soit verte mais aussi pour que la page marche. Mais\u00a0<\/span><\/p>\n","protected":false},"excerpt":{"rendered":"<p>Pods de rechange pour le kit Zero de la marque RENOVA. Vendue par bo\u00eete de 2 pi\u00e8ces.<\/p>\n","protected":false},"featured_media":72968,"comment_status":"closed","ping_status":"closed","template":"","meta":[],"marques":[7545],"bundle_layout":"","bundled_by":[],"bundled_items":[],"supplier_id":null,"supplier_sku":"","atum_controlled":true,"out_stock_date":null,"out_stock_threshold":null,"inheritable":false,"inbound_stock":null,"stock_on_hold":0,"sold_today":0,"sales_last_days":0,"reserved_stock":null,"customer_returns":null,"warehouse_damage":null,"lost_in_post":null,"other_logs":null,"out_stock_days":0,"lost_sales":0,"has_location":null,"update_date":"2020-11-02T23:20:37","atum_locations":[],"atum_stock_status":"instock","low_stock":false,"mi_inventories":[2251],"multi_inventory":null,"inventory_sorting_mode":null,"inventory_iteration":null,"expirable_inventories":null,"price_per_inventory":null,"_links":{"self":[{"href":"https:\/\/lesaintlaurentvape.com\/en\/wp-json\/wp\/v2\/product\/101227\/"}],"collection":[{"href":"https:\/\/lesaintlaurentvape.com\/en\/wp-json\/wp\/v2\/product\/"}],"about":[{"href":"https:\/\/lesaintlaurentvape.com\/en\/wp-json\/wp\/v2\/types\/product\/"}],"replies":[{"embeddable":true,"href":"https:\/\/lesaintlaurentvape.com\/en\/wp-json\/wp\/v2\/comments\/?post=101227"}],"wp:featuredmedia":[{"embeddable":true,"href":"https:\/\/lesaintlaurentvape.com\/en\/wp-json\/wp\/v2\/media\/72968\/"}],"wp:attachment":[{"href":"https:\/\/lesaintlaurentvape.com\/en\/wp-json\/wp\/v2\/media\/?parent=101227"}],"wp:term":[{"taxonomy":"marques","embeddable":true,"href":"https:\/\/lesaintlaurentvape.com\/en\/wp-json\/wp\/v2\/marques\/?post=101227"}],"curies":[{"name":"wp","href":"https:\/\/api.w.org\/{rel}","templated":true}]}}