{"id":101222,"date":"2018-12-18T21:32:28","date_gmt":"2018-12-18T20:32:28","guid":{"rendered":"https:\/\/lesaintlaurentvape.com\/produit\/adaptateur-daccu-20700-pour-accu-18650\/"},"modified":"2020-10-31T20:31:53","modified_gmt":"2020-10-31T19:31:53","slug":"adaptateur-daccu-20700-pour-accu-18650","status":"publish","type":"product","link":"https:\/\/lesaintlaurentvape.com\/en\/produit\/adaptateur-daccu-20700-pour-accu-18650\/","title":{"rendered":"Adaptateur d&#8217;accu 20700 pour accu 18650"},"content":{"rendered":"<p><span style=\"color: #ffffff;\">Adaptateur d&#8217;accu 20700<\/span><\/p>\n<p>L&#8217;adaptateur d&#8217;accumulateur 20700, est l&#8217;accessoire indispensable pour les vapoteurs qui ont des accus 18650. En effet, cet adaptateur vous permettra d&#8217;utiliser vos accus 18650 dans une box \u00e0 accu 20700.<\/p>\n<p>Notice d&#8217;utilisation: placer le p\u00f4le positif au contact de la partir m\u00e9tallique de couleur dor\u00e9e de l&#8217;adaptateur avant d&#8217;ins\u00e9rer le tout dans un appareil \u00e9lectronique.<\/p>\n<p>&nbsp;<\/p>\n<p>&nbsp;<\/p>\n<p class=\"p1\"><span style=\"color: #ffffff;\">Trouvez aussi\u00a0<\/span><\/p>\n<p class=\"p1\"><span class=\"s1\" style=\"color: #ffffff;\"><a style=\"color: #ffffff;\" href=\"https:\/\/dscvape.fr\/product-brands\/aspire\/\">https:\/\/dscvape.fr\/product-brands\/aspire\/<\/a><\/span><\/p>\n<p class=\"p1\"><span class=\"s1\" style=\"color: #ffffff;\"><a style=\"color: #ffffff;\" href=\"https:\/\/www.aspirecig.com\/\">https:\/\/www.aspirecig.com\/<\/a><\/span><\/p>\n","protected":false},"excerpt":{"rendered":"<p>Accessoire qui va vous permettre d&#8217;utiliser vos accus 18650 dans une box \u00e0 accu 20700.<\/p>\n<p>Prix de vente minimum conseill\u00e9 en magasin physique: 1.90\u20acTTC (prix donn\u00e9 par le fabricant INNOKIN)<\/p>\n","protected":false},"featured_media":72953,"comment_status":"closed","ping_status":"closed","template":"","meta":[],"marques":[],"bundle_layout":"","bundled_by":[],"bundled_items":[],"supplier_id":null,"supplier_sku":"","atum_controlled":true,"out_stock_date":null,"out_stock_threshold":null,"inheritable":false,"inbound_stock":0,"stock_on_hold":0,"sold_today":0,"sales_last_days":0,"reserved_stock":0,"customer_returns":0,"warehouse_damage":0,"lost_in_post":0,"other_logs":0,"out_stock_days":0,"lost_sales":0,"has_location":false,"update_date":"2021-03-25T11:18:32","atum_locations":[],"atum_stock_status":"instock","low_stock":false,"mi_inventories":[2203],"multi_inventory":null,"inventory_sorting_mode":null,"inventory_iteration":null,"expirable_inventories":null,"price_per_inventory":null,"_links":{"self":[{"href":"https:\/\/lesaintlaurentvape.com\/en\/wp-json\/wp\/v2\/product\/101222\/"}],"collection":[{"href":"https:\/\/lesaintlaurentvape.com\/en\/wp-json\/wp\/v2\/product\/"}],"about":[{"href":"https:\/\/lesaintlaurentvape.com\/en\/wp-json\/wp\/v2\/types\/product\/"}],"replies":[{"embeddable":true,"href":"https:\/\/lesaintlaurentvape.com\/en\/wp-json\/wp\/v2\/comments\/?post=101222"}],"wp:featuredmedia":[{"embeddable":true,"href":"https:\/\/lesaintlaurentvape.com\/en\/wp-json\/wp\/v2\/media\/72953\/"}],"wp:attachment":[{"href":"https:\/\/lesaintlaurentvape.com\/en\/wp-json\/wp\/v2\/media\/?parent=101222"}],"wp:term":[{"taxonomy":"marques","embeddable":true,"href":"https:\/\/lesaintlaurentvape.com\/en\/wp-json\/wp\/v2\/marques\/?post=101222"}],"curies":[{"name":"wp","href":"https:\/\/api.w.org\/{rel}","templated":true}]}}