{"id":101219,"date":"2018-11-24T12:27:49","date_gmt":"2018-11-24T11:27:49","guid":{"rendered":"https:\/\/lesaintlaurentvape.com\/produit\/innokin-clearomiseur-prism-t18ii\/"},"modified":"2020-10-31T20:36:39","modified_gmt":"2020-10-31T19:36:39","slug":"innokin-clearomiseur-prism-t18ii","status":"publish","type":"product","link":"https:\/\/lesaintlaurentvape.com\/en\/produit\/innokin-clearomiseur-prism-t18ii\/","title":{"rendered":"INNOKIN Clearomiseur Prism T18II"},"content":{"rendered":"<p><span style=\"color: #ffffff;\">INNOKIN Clearomiseur Prism<\/span><\/p>\n<p><img loading=\"lazy\" class=\"aligncenter size-full wp-image-4227\" src=\"https:\/\/dscvape.fr\/wp-content\/uploads\/2018\/11\/D\u00e9tail-Prism-T18II-tank-innokin.png\" alt=\"\" width=\"1424\" height=\"806\" \/><\/p>\n<p style=\"text-align: center;\"><strong><u>Un remplissage simple <\/u><\/strong><\/p>\n<p style=\"text-align: center;\">Le remplissage par le haut se fait de mani\u00e8re tr\u00e8s simple. Il vous suffit de deviser le top cap afin d\u2019avoir acc\u00e8s au r\u00e9servoir. Le remplissage se fait sur le c\u00f4t\u00e9, juste \u00e0 c\u00f4t\u00e9 de la r\u00e9sistance (voir photo ci-joint).<\/p>\n<p><img loading=\"lazy\" class=\"aligncenter size-full wp-image-3528\" src=\"https:\/\/dscvape.fr\/wp-content\/uploads\/2018\/11\/Remplissage-2.png\" alt=\"\" width=\"844\" height=\"564\" \/><\/p>\n<p style=\"text-align: center;\">Attention, peu importe l\u2019appareil, il est tr\u00e8s important de faire l\u2019amor\u00e7age de la r\u00e9sistance. Rappel\u00a0: Etant donn\u00e9 qu\u2019une r\u00e9sistance est compos\u00e9e de coton, lors de la premi\u00e8re utilisation (ou lorsque vous changez de r\u00e9sistance) celle-ci est compl\u00e8tement sec. Il faut donc laisser baigner la r\u00e9sistance dans le liquide apr\u00e8s le remplissage plusieurs minutes (environ 10-15 min) pour \u00e9viter que celle-ci ne br\u00fble pr\u00e9matur\u00e9ment n\u2019\u00e9tant pas imbib\u00e9e de liquide lors que l\u2019appareil la chauffe.<\/p>\n<p style=\"text-align: center;\"><strong><u>Changer sa r\u00e9sistance<\/u><\/strong><\/p>\n<p style=\"text-align: center;\">Pour changer sa r\u00e9sistance, rien de plus simple. Il vous suffira de deviser le bottom cap du r\u00e9servoir, tirer sur la r\u00e9sistance et en replacer une nouvelle en l\u2019embo\u00eetant correctement avec les lignes indiqu\u00e9es sur le r\u00e9servoir.<\/p>\n<p><img loading=\"lazy\" class=\"aligncenter size-full wp-image-3533\" src=\"https:\/\/dscvape.fr\/wp-content\/uploads\/2018\/11\/Changer-r\u00e9sistance.png\" alt=\"\" width=\"724\" height=\"523\" \/><\/p>\n<p class=\"p1\"><span class=\"s1\" style=\"color: #ffffff;\"><a style=\"color: #ffffff;\" href=\"https:\/\/dscvape.fr\/?product_cat=&amp;post_type=product&amp;s=INNOKIN\">Voir tous les produits INNOKIN sur le site\u00a0<\/a><\/span><\/p>\n<p class=\"p1\"><span class=\"s1\" style=\"color: #ffffff;\"><a style=\"color: #ffffff;\" href=\"http:\/\/www.innokin.fr\/\">Voir le site du fourisseur<\/a><\/span><\/p>\n","protected":false},"excerpt":{"rendered":"<p>Le Prism T18II est un clearomiseur MTL de la marque INNOKIN. Sortie avec le kit Endura T18II, nous avons l\u00e0 un tank facile \u00e0 utiliser avec des r\u00e9sistances en 1,5 ohm qui saura procurer un tirage serr\u00e9 et un hit cons\u00e9quent pour une sensation proche de la cigarette. Un clearomiseur simple avec un remplissage par le haut.<\/p>\n<p>Prix de vente minimum conseill\u00e9 en magasin physique: 14.90\u20acTTC (prix donn\u00e9 par le fabricant INNOKIN)<\/p>\n<p>&nbsp;<\/p>\n","protected":false},"featured_media":72938,"comment_status":"closed","ping_status":"closed","template":"","meta":[],"marques":[7484],"bundle_layout":"","bundled_by":[],"bundled_items":[],"supplier_id":null,"supplier_sku":"","atum_controlled":true,"out_stock_date":null,"out_stock_threshold":null,"inheritable":false,"inbound_stock":null,"stock_on_hold":null,"sold_today":null,"sales_last_days":null,"reserved_stock":null,"customer_returns":null,"warehouse_damage":null,"lost_in_post":null,"other_logs":null,"out_stock_days":null,"lost_sales":null,"has_location":null,"update_date":null,"atum_locations":[],"atum_stock_status":"instock","low_stock":false,"mi_inventories":[],"multi_inventory":null,"inventory_sorting_mode":null,"inventory_iteration":null,"expirable_inventories":null,"price_per_inventory":null,"_links":{"self":[{"href":"https:\/\/lesaintlaurentvape.com\/en\/wp-json\/wp\/v2\/product\/101219\/"}],"collection":[{"href":"https:\/\/lesaintlaurentvape.com\/en\/wp-json\/wp\/v2\/product\/"}],"about":[{"href":"https:\/\/lesaintlaurentvape.com\/en\/wp-json\/wp\/v2\/types\/product\/"}],"replies":[{"embeddable":true,"href":"https:\/\/lesaintlaurentvape.com\/en\/wp-json\/wp\/v2\/comments\/?post=101219"}],"wp:featuredmedia":[{"embeddable":true,"href":"https:\/\/lesaintlaurentvape.com\/en\/wp-json\/wp\/v2\/media\/72938\/"}],"wp:attachment":[{"href":"https:\/\/lesaintlaurentvape.com\/en\/wp-json\/wp\/v2\/media\/?parent=101219"}],"wp:term":[{"taxonomy":"marques","embeddable":true,"href":"https:\/\/lesaintlaurentvape.com\/en\/wp-json\/wp\/v2\/marques\/?post=101219"}],"curies":[{"name":"wp","href":"https:\/\/api.w.org\/{rel}","templated":true}]}}