{"id":101217,"date":"2018-11-23T14:54:38","date_gmt":"2018-11-23T13:54:38","guid":{"rendered":"https:\/\/lesaintlaurentvape.com\/produit\/innokin-clearomiseur-prism-t20s\/"},"modified":"2020-10-31T21:00:40","modified_gmt":"2020-10-31T20:00:40","slug":"innokin-clearomiseur-prism-t20s","status":"publish","type":"product","link":"https:\/\/lesaintlaurentvape.com\/en\/produit\/innokin-clearomiseur-prism-t20s\/","title":{"rendered":"INNOKIN Clearomiseur Prism T20S (2ml\/20mm)"},"content":{"rendered":"<p><span style=\"color: #ffffff;\">INNOKIN Clearomiseur Prism T20S<\/span><\/p>\n<p>Innokin vous pr\u00e9sente son nouveau clearomiseur prism T20S. En effet, c&#8217;est un clearomiseur destin\u00e9 \u00e0 un tirage serr\u00e9 et se remplit par le haut en devisant le top cap. La r\u00e9sistance quant \u00e0 elle se change par le bas du r\u00e9servoir. Il suffit de deviser le bottom cap afin d\u2019avoir acc\u00e8s \u00e0 la r\u00e9sistance. Celle-ci se retire apr\u00e8s avoir vid\u00e9 le r\u00e9servoir en tirant dessus.<\/p>\n<p class=\"p1\"><span class=\"s1\" style=\"color: #ffffff;\"><a style=\"color: #ffffff;\" href=\"https:\/\/dscvape.fr\/?product_cat=&amp;post_type=product&amp;s=INNOKIN\">Voir tous les produits INNOKIN sur le site\u00a0<\/a><\/span><\/p>\n<p class=\"p1\"><span class=\"s1\" style=\"color: #ffffff;\"><a style=\"color: #ffffff;\" href=\"http:\/\/www.innokin.fr\/\">Voir le site du fourisseur<\/a><\/span><\/p>\n","protected":false},"excerpt":{"rendered":"<p>Clearomiseur Prism T20S de la marque INNOKIN est un\u00a0destin\u00e9 \u00e0 un tirage serr\u00e9 et se remplit par le haut en devisant le top cap.<\/p>\n<p>Prix de vente minimum conseill\u00e9 en magasin physique: 12.90\u20acTTC (prix donn\u00e9 par le fabricant INNOKIN)<\/p>\n<p>&nbsp;<\/p>\n","protected":false},"featured_media":72920,"comment_status":"closed","ping_status":"closed","template":"","meta":[],"marques":[7484],"bundle_layout":"","bundled_by":[],"bundled_items":[],"supplier_id":null,"supplier_sku":"","atum_controlled":true,"out_stock_date":null,"out_stock_threshold":null,"inheritable":false,"inbound_stock":null,"stock_on_hold":null,"sold_today":null,"sales_last_days":null,"reserved_stock":null,"customer_returns":null,"warehouse_damage":null,"lost_in_post":null,"other_logs":null,"out_stock_days":null,"lost_sales":null,"has_location":null,"update_date":null,"atum_locations":[],"atum_stock_status":"instock","low_stock":false,"mi_inventories":[],"multi_inventory":null,"inventory_sorting_mode":null,"inventory_iteration":null,"expirable_inventories":null,"price_per_inventory":null,"_links":{"self":[{"href":"https:\/\/lesaintlaurentvape.com\/en\/wp-json\/wp\/v2\/product\/101217\/"}],"collection":[{"href":"https:\/\/lesaintlaurentvape.com\/en\/wp-json\/wp\/v2\/product\/"}],"about":[{"href":"https:\/\/lesaintlaurentvape.com\/en\/wp-json\/wp\/v2\/types\/product\/"}],"replies":[{"embeddable":true,"href":"https:\/\/lesaintlaurentvape.com\/en\/wp-json\/wp\/v2\/comments\/?post=101217"}],"wp:featuredmedia":[{"embeddable":true,"href":"https:\/\/lesaintlaurentvape.com\/en\/wp-json\/wp\/v2\/media\/72920\/"}],"wp:attachment":[{"href":"https:\/\/lesaintlaurentvape.com\/en\/wp-json\/wp\/v2\/media\/?parent=101217"}],"wp:term":[{"taxonomy":"marques","embeddable":true,"href":"https:\/\/lesaintlaurentvape.com\/en\/wp-json\/wp\/v2\/marques\/?post=101217"}],"curies":[{"name":"wp","href":"https:\/\/api.w.org\/{rel}","templated":true}]}}