{"id":101214,"date":"2018-11-23T11:49:54","date_gmt":"2018-11-23T10:49:54","guid":{"rendered":"https:\/\/lesaintlaurentvape.com\/produit\/innokin-jem-tank-mtl\/"},"modified":"2020-10-31T20:41:48","modified_gmt":"2020-10-31T19:41:48","slug":"innokin-jem-tank-mtl","status":"publish","type":"product","link":"https:\/\/lesaintlaurentvape.com\/en\/produit\/innokin-jem-tank-mtl\/","title":{"rendered":"INNOKIN JEM Tank (2ml\/15mm)"},"content":{"rendered":"<p><span style=\"color: #ffffff;\">INNOKIN JEM Tank<\/span><\/p>\n<p>Clearomiseur JEM de la marque INNOKIN. Ce tank, d\u2019une capacit\u00e9 de 2 ml, se pr\u00e9sente comme un produit MTL avec des r\u00e9sistances en 1,6 ohm. Le remplissage se fait par le haut en d\u00e9vissant le top cap. Pour changer la r\u00e9sistance, retournez l\u2019appareil vers le bas et deviser au niveau de la bague de l\u2019airflow. Attention, peu importe l\u2019appareil, il est tr\u00e8s important de faire l\u2019amor\u00e7age de la r\u00e9sistance. Rappel : Etant donn\u00e9 qu\u2019une r\u00e9sistance est compos\u00e9e de coton, lors de la premi\u00e8re utilisation (ou lorsque vous changez de r\u00e9sistance) celle-ci est compl\u00e8tement sec. Il faut donc laisser baigner la r\u00e9sistance dans le liquide apr\u00e8s le remplissage plusieurs minutes (environ 10-15 min) pour \u00e9viter que celle-ci ne br\u00fble pr\u00e9matur\u00e9ment n\u2019\u00e9tant pas imbib\u00e9e de liquide lors que l\u2019appareil la chauffe.<\/p>\n<p><span style=\"color: #ffffff;\">INNOKIN JEM Tank<\/span><\/p>\n","protected":false},"excerpt":{"rendered":"<p>Clearomiseur JEM de la marque INNOKIN.<\/p>\n<p>Prix de vente minimum conseill\u00e9 en magasin physique: 14.90\u20acTTC (prix donn\u00e9 par le fabricant INNOKIN)<\/p>\n","protected":false},"featured_media":72901,"comment_status":"closed","ping_status":"closed","template":"","meta":[],"marques":[7484],"bundle_layout":"","bundled_by":[],"bundled_items":[],"supplier_id":null,"supplier_sku":"","atum_controlled":true,"out_stock_date":null,"out_stock_threshold":null,"inheritable":false,"inbound_stock":null,"stock_on_hold":null,"sold_today":null,"sales_last_days":null,"reserved_stock":null,"customer_returns":null,"warehouse_damage":null,"lost_in_post":null,"other_logs":null,"out_stock_days":null,"lost_sales":null,"has_location":null,"update_date":null,"atum_locations":[],"atum_stock_status":"instock","low_stock":false,"mi_inventories":[],"multi_inventory":null,"inventory_sorting_mode":null,"inventory_iteration":null,"expirable_inventories":null,"price_per_inventory":null,"_links":{"self":[{"href":"https:\/\/lesaintlaurentvape.com\/en\/wp-json\/wp\/v2\/product\/101214\/"}],"collection":[{"href":"https:\/\/lesaintlaurentvape.com\/en\/wp-json\/wp\/v2\/product\/"}],"about":[{"href":"https:\/\/lesaintlaurentvape.com\/en\/wp-json\/wp\/v2\/types\/product\/"}],"replies":[{"embeddable":true,"href":"https:\/\/lesaintlaurentvape.com\/en\/wp-json\/wp\/v2\/comments\/?post=101214"}],"wp:featuredmedia":[{"embeddable":true,"href":"https:\/\/lesaintlaurentvape.com\/en\/wp-json\/wp\/v2\/media\/72901\/"}],"wp:attachment":[{"href":"https:\/\/lesaintlaurentvape.com\/en\/wp-json\/wp\/v2\/media\/?parent=101214"}],"wp:term":[{"taxonomy":"marques","embeddable":true,"href":"https:\/\/lesaintlaurentvape.com\/en\/wp-json\/wp\/v2\/marques\/?post=101214"}],"curies":[{"name":"wp","href":"https:\/\/api.w.org\/{rel}","templated":true}]}}