{"id":101206,"date":"2018-11-22T14:25:27","date_gmt":"2018-11-22T13:25:27","guid":{"rendered":"https:\/\/lesaintlaurentvape.com\/produit\/veco-tank-plus\/"},"modified":"2020-10-31T20:41:16","modified_gmt":"2020-10-31T19:41:16","slug":"veco-tank-plus","status":"publish","type":"product","link":"https:\/\/lesaintlaurentvape.com\/en\/produit\/veco-tank-plus\/","title":{"rendered":"Vaporesso Veco Tank Plus (4ml)"},"content":{"rendered":"<p><span style=\"color: #ffffff;\">Vaporesso Veco Tank Plus. Puis Vaporesso Veco Tank Plus<\/span><\/p>\n<h2 style=\"text-align: center;\"><b>DESCRIPTION D\u00c9TAILL\u00c9E:<\/b><\/h2>\n<p><img loading=\"lazy\" class=\"aligncenter size-full wp-image-4225\" src=\"https:\/\/dscvape.fr\/wp-content\/uploads\/2018\/11\/D\u00e9tail-veco-tank-vapo.png\" alt=\"\" width=\"1250\" height=\"824\" \/><\/p>\n<p style=\"text-align: center;\"><strong><u>Remplissage par le haut<br \/>\n<\/u><\/strong>Le Veco tank est un clearomiseur DL tr\u00e8s simple d\u2019utilisation. Avec son remplissage par le haut, vous avez la garantie d\u2019un remplissage propre. Pour cela, il vous suffira de deviser le top cap et de remplir votre r\u00e9servoir sur le cot\u00e9 et non dans le centre de la r\u00e9sistance.<br \/>\n<img loading=\"lazy\" class=\"aligncenter size-full wp-image-3941\" src=\"https:\/\/dscvape.fr\/wp-content\/uploads\/2018\/11\/Remplissage-veco.png\" alt=\"\" width=\"309\" height=\"290\" \/><\/p>\n<p style=\"text-align: center;\"><strong><u>Airflow au top<br \/>\n<\/u><\/strong>L\u2019un des avantages de ce clearomiseur est sa structure. En effet, Vaporesso innove avec un airflow situ\u00e9 sur le top cap (et non sur le bottom cap comme on retrouve habituellement sur les autres produits). Ce choix permet d\u2019\u00e9viter toute fuite de e-liquide par cette sortie d\u2019air. Celui-ci est r\u00e9glable tout de m\u00eame, ce qui vous permettra de modifier<br \/>\n<img loading=\"lazy\" class=\"aligncenter size-full wp-image-3942\" src=\"https:\/\/dscvape.fr\/wp-content\/uploads\/2018\/11\/Airflow.png\" alt=\"\" width=\"398\" height=\"445\" \/><\/p>\n<p style=\"text-align: center;\"><strong><u>R\u00e9sistance EUC (ECO UNIVERSAL COIL)<br \/>\n<\/u><\/strong>Vaporesso propose avec ce clearomiseur, deux r\u00e9sistances EUC\u00a0: Une traditionnelle Clapton EUC en 0,4 ohm et une r\u00e9sistance Clapton EUC en c\u00e9ramique en 0,5 ohm.<br \/>\nCes r\u00e9sistances s\u2019installent de mani\u00e8re tr\u00e8s simple, il suffit de retirer le bottom cap, tirer sur la r\u00e9sistance et en installer une nouvelle. Cela permet une installation rapide et sans besoin de viser.<\/p>\n<p><img loading=\"lazy\" class=\"aligncenter size-full wp-image-3947\" src=\"https:\/\/dscvape.fr\/wp-content\/uploads\/2018\/11\/Changer-r\u00e9sistance-veco.png\" alt=\"\" width=\"1251\" height=\"545\" \/><\/p>\n","protected":false},"excerpt":{"rendered":"<p>Le Veco Tank Plus de la marque Vaporesso est un clearomiseur DL parfait pour la vape au quotidien. Avec un r\u00e9servoir plut\u00f4t confortable de 4 ml, celui-ci utilise les fameuses r\u00e9sistances EUC de la marque qui promettent une meilleure restitution des go\u00fbts. Sa structure fait de lui un atomiseur pratique et ergonomique, notamment gr\u00e2ce \u00e0 un airflow install\u00e9 directement sur le top cap, ce qui permet d&#8217;\u00e9viter au maximum les fuites de liquide. Son remplissage se fait par le haut en devisant le top cap tout simplement. Clairement, nous avons l\u00e0 un clearomiseur simple d&#8217;utilisation qui saura plaire autant au d\u00e9butant de vape sub-ohm qu&#8217;aux exp\u00e9riment\u00e9s.<\/p>\n","protected":false},"featured_media":72876,"comment_status":"closed","ping_status":"closed","template":"","meta":[],"marques":[7545],"bundle_layout":"","bundled_by":[],"bundled_items":[],"supplier_id":null,"supplier_sku":"","atum_controlled":true,"out_stock_date":null,"out_stock_threshold":null,"inheritable":false,"inbound_stock":null,"stock_on_hold":null,"sold_today":null,"sales_last_days":null,"reserved_stock":null,"customer_returns":null,"warehouse_damage":null,"lost_in_post":null,"other_logs":null,"out_stock_days":null,"lost_sales":null,"has_location":null,"update_date":null,"atum_locations":[],"atum_stock_status":"instock","low_stock":false,"mi_inventories":[],"multi_inventory":null,"inventory_sorting_mode":null,"inventory_iteration":null,"expirable_inventories":null,"price_per_inventory":null,"_links":{"self":[{"href":"https:\/\/lesaintlaurentvape.com\/en\/wp-json\/wp\/v2\/product\/101206\/"}],"collection":[{"href":"https:\/\/lesaintlaurentvape.com\/en\/wp-json\/wp\/v2\/product\/"}],"about":[{"href":"https:\/\/lesaintlaurentvape.com\/en\/wp-json\/wp\/v2\/types\/product\/"}],"replies":[{"embeddable":true,"href":"https:\/\/lesaintlaurentvape.com\/en\/wp-json\/wp\/v2\/comments\/?post=101206"}],"wp:featuredmedia":[{"embeddable":true,"href":"https:\/\/lesaintlaurentvape.com\/en\/wp-json\/wp\/v2\/media\/72876\/"}],"wp:attachment":[{"href":"https:\/\/lesaintlaurentvape.com\/en\/wp-json\/wp\/v2\/media\/?parent=101206"}],"wp:term":[{"taxonomy":"marques","embeddable":true,"href":"https:\/\/lesaintlaurentvape.com\/en\/wp-json\/wp\/v2\/marques\/?post=101206"}],"curies":[{"name":"wp","href":"https:\/\/api.w.org\/{rel}","templated":true}]}}