{"id":101204,"date":"2018-11-22T12:16:37","date_gmt":"2018-11-22T11:16:37","guid":{"rendered":"https:\/\/lesaintlaurentvape.com\/produit\/efest-lush-q4\/"},"modified":"2020-10-31T20:31:24","modified_gmt":"2020-10-31T19:31:24","slug":"efest-lush-q4","status":"publish","type":"product","link":"https:\/\/lesaintlaurentvape.com\/en\/produit\/efest-lush-q4\/","title":{"rendered":"Chargeur d&#8217;accu Efest LUSH Q4"},"content":{"rendered":"<p><span style=\"color: #ffffff;\">Chargeur d&#8217;accu Efest LUSH<\/span><\/p>\n<h1 style=\"text-align: center;\"><span style=\"color: #000000;\"><span style=\"font-family: 'times new roman', times, serif;\">ATTENTION:<br \/>\n<\/span><span style=\"font-family: 'times new roman', times, serif; font-size: 14pt;\"><em>L&#8217;utilisation de ces accus n\u00e9cessite de conna\u00eetre certaines informations afin d&#8217;\u00e9viter tout risque de <span style=\"text-decoration: underline;\">court-circuit !<\/span><\/em><\/span><\/span><\/h1>\n<table style=\"width: 726px;\">\n<tbody>\n<tr>\n<td style=\"width: 716px; background-color: #ffffff;\">\n<h3 style=\"text-align: center;\"><span style=\"font-family: 'times new roman', times, serif; font-size: 14pt;\">Pourquoi acheter un chargeur d&#8217;accu ?<\/span><\/h3>\n<p style=\"text-align: center;\"><span style=\"font-size: 12pt; font-family: 'times new roman', times, serif;\">Il est important de comprendre que les accus doivent \u00eatre manipul\u00e9s avec soin. Aussi il faut donc comprendre que le moyen de chargement est point tr\u00e8s important. Le chargement peut se faire directement dans la box \u00e0 condition que le chargement est surveill\u00e9 et encadr\u00e9. Et l&#8217;avantage des chargeurs d&#8217;accu est que ces machines sont construites pour r\u00e9guler le chargement et le stopper lorsque la batterie est pleine. C&#8217;est une s\u00e9curit\u00e9 qui n&#8217;est pas forc\u00e9ment fournie par les mods et peut engendrer des surcharges et des surchauffes ce qui pourraient \u00eatre tr\u00e8s dangereux si non surveill\u00e9.<\/span><\/p>\n<\/td>\n<\/tr>\n<\/tbody>\n<\/table>\n<table style=\"height: 37px; width: 726px;\" width=\"1110\">\n<tbody>\n<tr>\n<td style=\"width: 716px; background-color: #ffffff;\">\n<h3 style=\"text-align: center;\"><span style=\"font-family: 'times new roman', times, serif; font-size: 14pt;\">Comment transporter ses accus ?<\/span><\/h3>\n<p style=\"text-align: center;\"><span style=\"font-size: 12pt; font-family: 'times new roman', times, serif;\">Les accus doivent \u00eatre transport\u00e9s imp\u00e9rativement dans des bo\u00eetes en plastique ou dans des protections en silicone afin de les isoler des objets pr\u00e9sents dans votre sac ou dans vos poches.<\/span><\/p>\n<\/td>\n<\/tr>\n<\/tbody>\n<\/table>\n<table style=\"height: 69px; width: 726px;\" width=\"1361\">\n<tbody>\n<tr>\n<td style=\"width: 716px; background-color: #ffffff;\">\n<h3 style=\"text-align: center;\"><span style=\"font-family: 'times new roman', times, serif; font-size: 14pt;\">Quelles sont les risques \u00e0 transporter des accus sans protection ?<\/span><\/h3>\n<p style=\"text-align: center;\"><span style=\"font-family: 'times new roman', times, serif; font-size: 12pt;\">Donc le premier risque d&#8217;un transport d&#8217;accu en dehors des diff\u00e9rents moyens de rangement cit\u00e9s pr\u00e9c\u00e9demment est le risque de court-circuit. En effet, un contact entre le p\u00f4le positif (+) et le p\u00f4le n\u00e9gatif (-) de l&#8217;accu engendrera la formation d&#8217;un court-circuit qui s&#8217;ensuit par un risque d&#8217;explosion de l&#8217;accu. (C&#8217;est aussi le cas avec les piles ordinaire du march\u00e9)<br \/>\nAussi il est donc important d&#8217;\u00e9viter de transporter ses accus avec des objets conducteurs tels que des cl\u00e9s ou des pi\u00e8ces sous risque d&#8217;accident corporel et\/ou mat\u00e9riel.<\/span><\/p>\n<\/td>\n<\/tr>\n<\/tbody>\n<\/table>\n<table style=\"width: 727px;\">\n<tbody>\n<tr>\n<td style=\"width: 717px; background-color: #ffffff;\">\n<h3 style=\"text-align: center;\"><span style=\"font-family: 'times new roman', times, serif; font-size: 14pt;\">Comment savoir que son accu n&#8217;est plus en \u00e9tat d&#8217;\u00eatre utilis\u00e9 ?<\/span><\/h3>\n<ul>\n<li><span style=\"font-size: 12pt;\"><span style=\"font-family: 'times new roman', times, serif;\">Les accus poss\u00e8dent un rev\u00eatement qui permet d&#8217;\u00e9viter tout contact entre le p\u00f4le positif et le p\u00f4le n\u00e9gatif. Cependant s<\/span><span style=\"font-family: 'times new roman', times, serif;\">i ce rev\u00eatement est ab\u00eem\u00e9 que ce soit sur les p\u00f4les ou sur les c\u00f4t\u00e9s, il faudra alors changer le rev\u00eatement ou bien changer directement d&#8217;accu. <\/span><\/span><\/li>\n<li><span style=\"font-family: 'times new roman', times, serif; font-size: 12pt;\">Si la protection du p\u00f4le positif est endommag\u00e9, il vous faudra imp\u00e9rativement changer d&#8217;accu.<\/span><\/li>\n<\/ul>\n<\/td>\n<\/tr>\n<\/tbody>\n<\/table>\n<table style=\"width: 726px;\">\n<tbody>\n<tr>\n<td style=\"width: 716px; background-color: #ffffff;\">\n<h3 style=\"text-align: center;\"><span style=\"font-family: 'times new roman', times, serif; font-size: 14pt;\">Les conditions de conservation des accus.<\/span><\/h3>\n<p><span style=\"font-size: 12pt; font-family: 'times new roman', times, serif;\">Les accus sont \u00e0 conserver:<\/span><\/p>\n<ul>\n<li style=\"text-align: left;\"><span style=\"font-size: 12pt; font-family: 'times new roman', times, serif;\">\u00e0 temp\u00e9rature ambiante<\/span><\/li>\n<li style=\"text-align: left;\"><span style=\"font-size: 12pt; font-family: 'times new roman', times, serif;\">\u00e0 l&#8217;abri du soleil et des sources de chaleur<\/span><\/li>\n<li style=\"text-align: left;\"><span style=\"font-size: 12pt; font-family: 'times new roman', times, serif;\">dans un endroit sec \u00e0 l&#8217;abri de l&#8217;humidit\u00e9<\/span><\/li>\n<\/ul>\n<\/td>\n<\/tr>\n<\/tbody>\n<\/table>\n<table style=\"width: 726px; height: 276px;\">\n<tbody>\n<tr style=\"height: 24px;\">\n<td style=\"width: 716px; height: 24px; background-color: #ffffff;\">\n<h3 style=\"text-align: center;\"><span style=\"font-family: 'times new roman', times, serif; font-size: 14pt;\">WARNING<\/span><\/h3>\n<p style=\"text-align: center;\"><span style=\"font-size: 12pt; font-family: 'times new roman', times, serif;\">Ne pas laisser \u00e0 la porter des enfants<\/span><br \/>\n<span style=\"font-size: 12pt; font-family: 'times new roman', times, serif;\">Ne pas jeter dans le feu ou laisser pr\u00e8s des \u00e9tincelles<br \/>\n<\/span><span style=\"font-size: 12pt; font-family: 'times new roman', times, serif;\">Surtout ne pas surcharger (\u00e0 charger de pr\u00e9f\u00e9rence avec un chargeur d&#8217;accu externe)<\/span><br \/>\n<span style=\"font-size: 12pt; font-family: 'times new roman', times, serif;\">Ne pas sur-d\u00e9charger<\/span><br \/>\n<span style=\"font-size: 12pt; font-family: 'times new roman', times, serif;\">Ne pas provoquer de court-circuit<br \/>\nEn cas d&#8217;explosion, le gaz peut provoquer une perte de vue totale et des blessures corporels. Aussi l&#8217;acide sulfurique qui en sort lors d&#8217;un court-circuit peut provoquer une perte de vue totale et des br\u00fblures s\u00e9v\u00e8res. En cas de contact avec les yeux, rincer imm\u00e9diatement et abondamment les yeux et appelez une aide m\u00e9dicale d&#8217;urgence.<\/span><\/p>\n<\/td>\n<\/tr>\n<\/tbody>\n<\/table>\n<p style=\"text-align: center;\"><span style=\"color: #ffffff;\">Vous trouverez aussi \u00e7a et \u00e7a. Mais, puis alors, puisque. Alors<\/span><\/p>\n","protected":false},"excerpt":{"rendered":"<p>Le<b><strong>\u00a0chargeur de Efest\u00a0<\/strong><\/b>est un chargeur d\u2019accu pouvant charger jusqu\u2019\u00e0 4 accus simultan\u00e9ment et permet d\u2019obtenir un chargement uniforme et s\u00e9curis\u00e9 de ses accus. C\u2019est un indispensable pour ceux qui vapent avec des box \u00e0 accu et \u00e9viter tout probl\u00e8me tels que les surchauffes ou la surcharge. Il d\u00e9tectera automatiquement l\u2019autonomie de la batterie par un voyant lumineux (blanc quand il faut continuer \u00e0 charger et bleu quand la batterie est pleine) et s\u2019ajustera au mode de charge le plus appropri\u00e9. Le chargeur EFEST SODA est un chargeur universel et poss\u00e8de une protection contre les court-circuits et l\u2019inversion de polarit\u00e9. Vous allez pouvoir alterner entre une charge rapide \u00e0 1 A ou une charge normale \u00e0 0,5 A.<br \/>\nIl est compatible avec les accus: 10440\u00a0; 14500\u00a0; 16340\u00a0; 17340\u00a0; 18350\u00a0; 18490\u00a0; 18500\u00a0; 18650\u00a0; 26500\u00a0; 26650\u00a0; 20700 et 21700.<\/p>\n<p><strong>Bien lire les instructions fournis en barre d\u2019information.<\/strong><\/p>\n","protected":false},"featured_media":72867,"comment_status":"closed","ping_status":"closed","template":"","meta":[],"marques":[7586],"bundle_layout":"","bundled_by":[],"bundled_items":[],"supplier_id":null,"supplier_sku":"","atum_controlled":true,"out_stock_date":null,"out_stock_threshold":null,"inheritable":false,"inbound_stock":0,"stock_on_hold":0,"sold_today":0,"sales_last_days":0,"reserved_stock":0,"customer_returns":0,"warehouse_damage":0,"lost_in_post":0,"other_logs":0,"out_stock_days":0,"lost_sales":0,"has_location":false,"update_date":"2021-01-11T11:38:47","atum_locations":[],"atum_stock_status":"instock","low_stock":false,"mi_inventories":[373],"multi_inventory":null,"inventory_sorting_mode":null,"inventory_iteration":null,"expirable_inventories":null,"price_per_inventory":null,"_links":{"self":[{"href":"https:\/\/lesaintlaurentvape.com\/en\/wp-json\/wp\/v2\/product\/101204\/"}],"collection":[{"href":"https:\/\/lesaintlaurentvape.com\/en\/wp-json\/wp\/v2\/product\/"}],"about":[{"href":"https:\/\/lesaintlaurentvape.com\/en\/wp-json\/wp\/v2\/types\/product\/"}],"replies":[{"embeddable":true,"href":"https:\/\/lesaintlaurentvape.com\/en\/wp-json\/wp\/v2\/comments\/?post=101204"}],"wp:featuredmedia":[{"embeddable":true,"href":"https:\/\/lesaintlaurentvape.com\/en\/wp-json\/wp\/v2\/media\/72867\/"}],"wp:attachment":[{"href":"https:\/\/lesaintlaurentvape.com\/en\/wp-json\/wp\/v2\/media\/?parent=101204"}],"wp:term":[{"taxonomy":"marques","embeddable":true,"href":"https:\/\/lesaintlaurentvape.com\/en\/wp-json\/wp\/v2\/marques\/?post=101204"}],"curies":[{"name":"wp","href":"https:\/\/api.w.org\/{rel}","templated":true}]}}