{"id":101188,"date":"2018-11-23T10:13:50","date_gmt":"2018-11-23T09:13:50","guid":{"rendered":"https:\/\/lesaintlaurentvape.com\/produit\/justfog-clearomiseur-q16\/"},"modified":"2020-10-31T20:31:05","modified_gmt":"2020-10-31T19:31:05","slug":"justfog-clearomiseur-q16","status":"publish","type":"product","link":"https:\/\/lesaintlaurentvape.com\/en\/produit\/justfog-clearomiseur-q16\/","title":{"rendered":"Justfog Clearomiseur Q16"},"content":{"rendered":"<p><span style=\"color: #ffffff;\">Justfog Clearomiseur Q16<\/span><\/p>\n<p>Le clearomiseur Q16 est pr\u00e9sent\u00e9 par la marque Justfog. Nous avons l\u00e0 un clearomiseur simple mais qui joue bien son r\u00f4le. En effet le tirage serr\u00e9 et le hit sont pr\u00e9sents et petit bonus, l\u2019airflow est modulable. Avec une r\u00e9sistance en 1,6 ohm pr\u00e9-install\u00e9e, vous allez pouvoir utiliser des e-liquides fortement concentr\u00e9es en nicotine. Id\u00e9ale pour ceux qui cherchent \u00e0 se sevrer. \u00c0 tester aussi les sels de nicotine avec cet appareil pour un hit plus doux alli\u00e9 \u00e0 une arriv\u00e9e de la nicotine au cerveau plus rapidement.<\/p>\n<p class=\"p1\"><span class=\"s1\" style=\"color: #ffffff;\"><a style=\"color: #ffffff;\" href=\"https:\/\/dscvape.fr\/product-brands\/justfog\/\">https:\/\/dscvape.fr\/product-brands\/justfog\/<\/a><\/span><\/p>\n<p class=\"p1\"><span class=\"s1\" style=\"color: #ffffff;\"><a style=\"color: #ffffff;\" href=\"http:\/\/www.justfog.com\/\">http:\/\/www.justfog.com\/<\/a><\/span><\/p>\n","protected":false},"excerpt":{"rendered":"<p>Le clearomiseur Q16 est pr\u00e9sent\u00e9 par la marque Justfog.<\/p>\n","protected":false},"featured_media":72763,"comment_status":"closed","ping_status":"closed","template":"","meta":[],"marques":[7568],"bundle_layout":"","bundled_by":[],"bundled_items":[],"supplier_id":null,"supplier_sku":"","atum_controlled":true,"out_stock_date":null,"out_stock_threshold":null,"inheritable":false,"inbound_stock":null,"stock_on_hold":0,"sold_today":0,"sales_last_days":0,"reserved_stock":null,"customer_returns":null,"warehouse_damage":null,"lost_in_post":null,"other_logs":null,"out_stock_days":0,"lost_sales":0,"has_location":null,"update_date":"2020-11-02T23:20:36","atum_locations":[],"atum_stock_status":"instock","low_stock":false,"mi_inventories":[2272],"multi_inventory":null,"inventory_sorting_mode":null,"inventory_iteration":null,"expirable_inventories":null,"price_per_inventory":null,"_links":{"self":[{"href":"https:\/\/lesaintlaurentvape.com\/en\/wp-json\/wp\/v2\/product\/101188\/"}],"collection":[{"href":"https:\/\/lesaintlaurentvape.com\/en\/wp-json\/wp\/v2\/product\/"}],"about":[{"href":"https:\/\/lesaintlaurentvape.com\/en\/wp-json\/wp\/v2\/types\/product\/"}],"replies":[{"embeddable":true,"href":"https:\/\/lesaintlaurentvape.com\/en\/wp-json\/wp\/v2\/comments\/?post=101188"}],"wp:featuredmedia":[{"embeddable":true,"href":"https:\/\/lesaintlaurentvape.com\/en\/wp-json\/wp\/v2\/media\/72763\/"}],"wp:attachment":[{"href":"https:\/\/lesaintlaurentvape.com\/en\/wp-json\/wp\/v2\/media\/?parent=101188"}],"wp:term":[{"taxonomy":"marques","embeddable":true,"href":"https:\/\/lesaintlaurentvape.com\/en\/wp-json\/wp\/v2\/marques\/?post=101188"}],"curies":[{"name":"wp","href":"https:\/\/api.w.org\/{rel}","templated":true}]}}