{"id":101187,"date":"2018-11-20T14:09:32","date_gmt":"2018-11-20T13:09:32","guid":{"rendered":"https:\/\/lesaintlaurentvape.com\/produit\/justfog-q16-kit\/"},"modified":"2020-10-31T20:34:20","modified_gmt":"2020-10-31T19:34:20","slug":"justfog-q16-kit","status":"publish","type":"product","link":"https:\/\/lesaintlaurentvape.com\/en\/produit\/justfog-q16-kit\/","title":{"rendered":"Justfog Q16 Kit"},"content":{"rendered":"<p><span style=\"color: #ffffff;\">Justfog Q16 Kit<\/span><\/p>\n<h2 style=\"text-align: center;\"><b>DESCRIPTION D\u00c9TAILL\u00c9E:<\/b><\/h2>\n<p style=\"font-size: 16px; font-weight: 400; text-align: start;\"><a href=\"https:\/\/dscvape.fr\/wp-content\/uploads\/2019\/05\/sche\u0301ma-1-copie.png\"><img loading=\"lazy\" class=\"aligncenter size-full wp-image-10033\" src=\"https:\/\/dscvape.fr\/wp-content\/uploads\/2019\/05\/sche\u0301ma-1-copie.png\" alt=\"\" width=\"1676\" height=\"1251\" \/><\/a><\/p>\n<p><strong><u>Une batterie id\u00e9ale<\/u><\/strong><\/p>\n<p style=\"text-align: center;\">Malgr\u00e9 une petite taille, cette batterie a beaucoup \u00e0 offrir. En effet, nous avons l\u00e0 8<\/p>\n<p style=\"text-align: center;\">niveaux de volt au choix afin de d\u00e9terminer celui avec lequel vous \u00eates le plus \u00e0 l\u2019aise. Elle poss\u00e8de une capacit\u00e9 de 900 mAh.<\/p>\n<p style=\"text-align: center;\"><span style=\"text-decoration: underline;\"><strong>Remplissage<\/strong><\/span><\/p>\n<p><a href=\"https:\/\/dscvape.fr\/wp-content\/uploads\/2018\/11\/Remplir-q16-1.jpg\"><img loading=\"lazy\" class=\"aligncenter size-full wp-image-8083\" src=\"https:\/\/dscvape.fr\/wp-content\/uploads\/2018\/11\/Remplir-q16-1.jpg\" alt=\"\" width=\"2336\" height=\"600\" \/><\/a><\/p>\n<p style=\"text-align: center;\"><strong><u>Diff\u00e9rentes protections<\/u><\/strong><\/p>\n<p style=\"text-align: center;\">Cette batterie est con\u00e7ue pour vous prot\u00e9ger de diff\u00e9rents \u00e9l\u00e9ments tels que\u00a0:<br \/>\n-Protection contre les courts-circuits : Si la batterie d\u00e9tecte un court-circuit, tous les affichages lumineux clignoteront ensemble 4x. Puis la protection s\u2019active et \u00e9teint automatiquement l\u2019appareil pour \u00e9viter d\u2019endommager la batterie.<br \/>\n-Protection contre la surchauffe\u00a0: Si le bouton de la batterie reste continuellement enfonc\u00e9 pour plus de 10 secondes, tous les affichages lumineux clignoteront ensemble 10x puis l\u2019appareil s\u2019\u00e9teint afin d\u2019\u00e9viter toutes surchauffes et d&#8217;ab\u00eemer la batterie et le pod.<br \/>\n-Aussi face au d\u00e9chargement excessif : Si la batterie \u00e9teint un certain seuil minimum, tous les affichages lumineux clignoteront ensemble 4x puis l\u2019indicateur lumineux va indiquer le manque de batterie et va \u00e9teindre l\u2019appareil afin d\u2019\u00e9viter la d\u00e9gradation de l\u2019autonomie de la batterie.<br \/>\n-Protection face \u00e0 la surcharge\u00a0: Lorsque la batterie est pleinement charg\u00e9e, le circuit va stopper le chargement pour \u00e9viter d\u2019ab\u00eemer l\u2019autonomie.<br \/>\n-Protection surtension\u00a0: Si la charge de l\u2019appareil est faite sur un voltage sup\u00e9rieur \u00e0 ce qui est pr\u00e9-requis, l\u2019appareil va bloquer le courant de la charge.<a href=\"https:\/\/dscvape.fr\/wp-content\/uploads\/2018\/11\/Battery-Pink1.png\"><img loading=\"lazy\" class=\"aligncenter wp-image-7041\" src=\"https:\/\/dscvape.fr\/wp-content\/uploads\/2018\/11\/Battery-Pink1.png\" alt=\"\" width=\"681\" height=\"487\" \/><\/a><\/p>\n<p>&nbsp;<\/p>\n<p style=\"text-align: center;\"><strong>Niveau de batterie<\/strong><\/p>\n<table class=\" aligncenter\" width=\"1142\">\n<tbody>\n<tr>\n<td width=\"196\">5 indicateurs lumineux: &gt; 80%<\/td>\n<td width=\"198\">4 indicateurs lumineux: &gt; 60%<\/td>\n<td width=\"198\">3 indicateurs lumineux: &gt; 40%<\/td>\n<td width=\"198\">2 indicateurs lumineux: &gt; 20%<\/td>\n<td width=\"198\">1 indicateur lumineux: &lt; 20%<\/td>\n<td width=\"152\"><\/td>\n<\/tr>\n<\/tbody>\n<\/table>\n<p style=\"text-align: center;\"><strong><u>Un clearomiseur MTL<\/u><\/strong><\/p>\n<p style=\"text-align: center;\">Nous avons l\u00e0 un clearomiseur simple mais qui joue bien son r\u00f4le. En effet, le tirage serr\u00e9 est pr\u00e9sent, le hit est pr\u00e9sent et petit bonus, l\u2019airflow est modifiable. Avec des r\u00e9sistances en 1,6 ohm fourni avec le kit, vous allez pouvoir utiliser des e-liquides fortement concentr\u00e9es en nicotine. Id\u00e9ale pour ceux qui recherchent \u00e0 se sevrer de la nicotine. \u00c0 tester aussi les sels de nicotine avec cet appareil pour un hit plus doux alli\u00e9 \u00e0 une arriv\u00e9e de la nicotine au cerveau plus rapidement.<\/p>\n<p><a href=\"https:\/\/dscvape.fr\/wp-content\/uploads\/2018\/11\/Clearomizer.jpg\"><img loading=\"lazy\" class=\"aligncenter size-full wp-image-7042\" src=\"https:\/\/dscvape.fr\/wp-content\/uploads\/2018\/11\/Clearomizer.jpg\" alt=\"\" width=\"304\" height=\"304\" \/><\/a><\/p>\n<p style=\"text-align: center;\"><span style=\"text-decoration: underline;\"><strong>Changer ses r\u00e9sistances<\/strong><\/span><\/p>\n<p><a href=\"https:\/\/dscvape.fr\/wp-content\/uploads\/2018\/11\/R\u00e9sistance-Q16-1.jpg\"><img loading=\"lazy\" class=\"aligncenter size-full wp-image-8084\" src=\"https:\/\/dscvape.fr\/wp-content\/uploads\/2018\/11\/R\u00e9sistance-Q16-1.jpg\" alt=\"\" width=\"2647\" height=\"600\" \/><br \/>\n<\/a><\/p>\n<p><span style=\"color: #ffffff;\">AUSSI. Cependant. ET donc<\/span><\/p>\n","protected":false},"excerpt":{"rendered":"<p><strong>Justfog<\/strong> pr\u00e9sente le kit <strong>Q16<\/strong>, la cigarette \u00e9lectronique MTL qui saura mettre tout le monde d\u2019accord. Tout d\u2019abord son design, nous avons un produit en <strong>forme de b\u00e2ton<\/strong> avec une petite batterie et un clearomiseur d\u2019une capacit\u00e9 de 1,9 ml \u00e0 utiliser avec des r\u00e9sistances en 1,6 et 1,2 ohm. Ce kit d\u00e9di\u00e9 aux primo-vapoteurs va plaire par son esth\u00e9tique, de tr\u00e8s belles finitions, mais aussi pour ses petites fonctionnalit\u00e9s comme le <strong>r\u00e9glage des volts et de l\u2019airflow<\/strong> pour d\u00e9terminer le type de vape qui vous correspondra. C\u2019est donc un appareil qu\u2019on peut adapter aux pr\u00e9f\u00e9rences du vapoteur, ce qui est agr\u00e9able pour du mat\u00e9riel MTL. Son format reste malgr\u00e9 tout facilement transportable dans le sac ou dans la poche pour une vape discr\u00e8te au quotidien.<\/p>\n<p>\u00c0 utiliser des liquides avec un taux de nicotine \u00e9lev\u00e9 si le but est de se sevrer. N\u2019h\u00e9sitez pas \u00e0 tester les liquides en sel de nicotine si le vapoteur ne peut pas supporter le hit des liquides classiques.<\/p>\n<p><a href=\"https:\/\/dscvape.fr\/wp-content\/uploads\/2018\/11\/Justfog-Q16-Kit.pdf\">T\u00e9l\u00e9chargez-moi pour une aide \u00e0 la vente Justfog Q16 Kit<\/a><\/p>\n","protected":false},"featured_media":72754,"comment_status":"closed","ping_status":"closed","template":"","meta":[],"marques":[7568],"bundle_layout":"","bundled_by":["103013","103013","103013","103014","103014","103014","103015","103015","103015"],"bundled_items":[],"supplier_id":null,"supplier_sku":"","atum_controlled":true,"out_stock_date":null,"out_stock_threshold":null,"inheritable":false,"inbound_stock":null,"stock_on_hold":null,"sold_today":null,"sales_last_days":null,"reserved_stock":null,"customer_returns":null,"warehouse_damage":null,"lost_in_post":null,"other_logs":null,"out_stock_days":null,"lost_sales":null,"has_location":null,"update_date":null,"atum_locations":[],"atum_stock_status":"instock","low_stock":false,"mi_inventories":[],"multi_inventory":null,"inventory_sorting_mode":null,"inventory_iteration":null,"expirable_inventories":null,"price_per_inventory":null,"_links":{"self":[{"href":"https:\/\/lesaintlaurentvape.com\/en\/wp-json\/wp\/v2\/product\/101187\/"}],"collection":[{"href":"https:\/\/lesaintlaurentvape.com\/en\/wp-json\/wp\/v2\/product\/"}],"about":[{"href":"https:\/\/lesaintlaurentvape.com\/en\/wp-json\/wp\/v2\/types\/product\/"}],"replies":[{"embeddable":true,"href":"https:\/\/lesaintlaurentvape.com\/en\/wp-json\/wp\/v2\/comments\/?post=101187"}],"wp:featuredmedia":[{"embeddable":true,"href":"https:\/\/lesaintlaurentvape.com\/en\/wp-json\/wp\/v2\/media\/72754\/"}],"wp:attachment":[{"href":"https:\/\/lesaintlaurentvape.com\/en\/wp-json\/wp\/v2\/media\/?parent=101187"}],"wp:term":[{"taxonomy":"marques","embeddable":true,"href":"https:\/\/lesaintlaurentvape.com\/en\/wp-json\/wp\/v2\/marques\/?post=101187"}],"curies":[{"name":"wp","href":"https:\/\/api.w.org\/{rel}","templated":true}]}}