{"id":101184,"date":"2018-11-20T12:27:44","date_gmt":"2018-11-20T11:27:44","guid":{"rendered":"https:\/\/lesaintlaurentvape.com\/produit\/justfog-minifit-pod-kit\/"},"modified":"2020-10-31T20:35:06","modified_gmt":"2020-10-31T19:35:06","slug":"justfog-minifit-pod-kit","status":"publish","type":"product","link":"https:\/\/lesaintlaurentvape.com\/en\/produit\/justfog-minifit-pod-kit\/","title":{"rendered":"Justfog Minifit Kit 370mAh"},"content":{"rendered":"<p><span style=\"color: #ffffff;\">Justfog Minifit POD Kit<\/span><\/p>\n<h2 style=\"text-align: center;\">DESCRIPTION D\u00c9TAILL\u00c9E:<\/h2>\n<p><a href=\"https:\/\/dscvape.fr\/wp-content\/uploads\/2018\/11\/Minifit-d\u00e9tail.png\"><img loading=\"lazy\" class=\"aligncenter size-full wp-image-7043\" src=\"https:\/\/dscvape.fr\/wp-content\/uploads\/2018\/11\/Minifit-d\u00e9tail.png\" alt=\"\" width=\"1200\" height=\"752\" \/><\/a><\/p>\n<p style=\"text-align: center;\"><strong><u>Des POD rechargeables<\/u><\/strong><\/p>\n<p style=\"text-align: center;\">Ce kit fonctionne sur une base de pods rechargeables. C\u2019est-\u00e0-dire fini les r\u00e9sistances \u00e0 installer, les r\u00e9servoirs en verre et les airflows : d\u00e9sormais pour les r\u00e9ticents, il existe le mod\u00e8le qui saura convenir aux deux mains gauches. En effet, ce fameux pod poss\u00e8de d\u00e9j\u00e0 une r\u00e9sistance int\u00e9gr\u00e9e. Vous n\u2019avez plus qu\u2019\u00e0 remplir votre r\u00e9servoir par les trous sous la trappe de la base du pod, rien de plus. Ce pod permet plusieurs remplissages jusqu\u2019\u00e0 ce que la r\u00e9sistance ne soit plus utilisable. Un go\u00fbt de br\u00fbler se fera sentir en bouche, c\u2019est une indication pour comprendre qu\u2019il est temps de changer son pod. Vous n\u2019avez qu\u2019\u00e0 jeter le pod et en mettre un nouveau \u00e0 la place.<\/p>\n<p>Attention, peu importe l\u2019appareil, il est tr\u00e8s important de faire l\u2019amor\u00e7age de la r\u00e9sistance. Rappel : Etant donn\u00e9 qu\u2019une r\u00e9sistance est compos\u00e9e de coton, lors de la premi\u00e8re utilisation (ou lorsque vous changez de r\u00e9sistance) celle-ci est compl\u00e8tement sec. Il faut donc laisser baigner la r\u00e9sistance dans le liquide apr\u00e8s le remplissage plusieurs minutes (environ 10-15 min) pour \u00e9viter que celle-ci ne br\u00fble pr\u00e9matur\u00e9ment n\u2019\u00e9tant pas imbib\u00e9e de liquide lors que l\u2019appareil la chauffe.<\/p>\n<p><a href=\"https:\/\/dscvape.fr\/wp-content\/uploads\/2018\/11\/Pod-minifit-ouvert.png\"><img loading=\"lazy\" class=\"wp-image-7555 aligncenter\" src=\"https:\/\/dscvape.fr\/wp-content\/uploads\/2018\/11\/Pod-minifit-ouvert.png\" alt=\"\" width=\"313\" height=\"202\" \/><\/a><a href=\"https:\/\/dscvape.fr\/wp-content\/uploads\/2018\/11\/Remplissage-minifit-justfog.jpg\"><img loading=\"lazy\" class=\"aligncenter size-full wp-image-7557\" src=\"https:\/\/dscvape.fr\/wp-content\/uploads\/2018\/11\/Remplissage-minifit-justfog.jpg\" alt=\"\" width=\"956\" height=\"663\" \/><\/a><\/p>\n<p style=\"text-align: center;\"><strong><u>Petit mais puissant<\/u><\/strong><\/p>\n<p style=\"text-align: center;\">Un des avantages de ce pod est sa taille. Ce qui peut \u00e9galement d\u00e9plaire \u00e0 de nombreuses personnes par sa capacit\u00e9 de batterie r\u00e9duite. Tout d\u2019abord, contrairement \u00e0 ce qu\u2019on peut penser, cet appareil produit un taux de fum\u00e9e plut\u00f4t correct. Ensuite, \u00e9tant donn\u00e9 que l\u2019appareil envoie la puissance que demande la r\u00e9sistance, cela \u00e9conomise le niveau de batterie. Finalement, puisque la batterie est faible, son chargement se fait super rapidement.<br \/>\nL\u2019appareil propose tout de m\u00eame des petites indications qui aident l\u2019utilisation au quotidien.<br \/>\nPour allumer, il suffit d\u2019appuyer 4x rapidement sur le bouton.<br \/>\nLorsque les trois indicateurs lumineux clignotent ensemble 3x, cela signifie un court-circuit.<br \/>\nEt lorsque qu\u2019on fait pression sur le bouton plus de 10 secondes, la protection du circuit va \u00e9teindre automatiquement l\u2019appareil.<br \/>\nLorsque les trois indicateurs lumineux clignotent ensemble 2x, cela signifie que le pod est mal install\u00e9.<\/p>\n<p><a href=\"https:\/\/dscvape.fr\/wp-content\/uploads\/2018\/11\/Battery-Red.png\"><img loading=\"lazy\" class=\"aligncenter size-full wp-image-7046\" src=\"https:\/\/dscvape.fr\/wp-content\/uploads\/2018\/11\/Battery-Red.png\" alt=\"\" width=\"149\" height=\"355\" \/><\/a><\/p>\n<p style=\"text-align: center;\"><strong>Niveau de batterie<\/strong><\/p>\n<table class=\" aligncenter\">\n<tbody>\n<tr>\n<td width=\"236\">3 indicateurs lumineux: 100-70%<\/td>\n<td width=\"236\">2 indicateurs lumineux: 70-30%<\/td>\n<td width=\"236\">1 indicateur lumineux: 30-0%<\/td>\n<td width=\"236\">Clignote 4x fois: Vide<\/td>\n<\/tr>\n<\/tbody>\n<\/table>\n<p style=\"text-align: center;\"><strong><u>Multiples protections<\/u><\/strong><\/p>\n<p style=\"text-align: center;\">Justfog n\u2019oublie pas la s\u00e9curit\u00e9 avec de nombreuses protections mise en place dans cette batterie\u00a0:<br \/>\n-Protection contre les courts-circuits\u00a0: Si la batterie d\u00e9tecte un court-circuit, la protection s\u2019active et \u00e9teint automatiquement l\u2019appareil pour \u00e9viter d\u2019endommager la batterie.<br \/>\n-Aussi contre la surchauffe : Si le bouton de la batterie reste continuellement enfonc\u00e9 pour plus de 10 secondes, l\u2019appareil s\u2019\u00e9teint afin d\u2019\u00e9viter toutes surchauffes et d\u2019ab\u00eemer la batterie et le pod.<br \/>\n-Protection face au d\u00e9chargement excessif\u00a0: Si la batterie \u00e9teint un certain seuil minimum, l\u2019indicateur lumineux va indiquer le manque de batterie et va \u00e9teindre l\u2019appareil afin d\u2019\u00e9viter la d\u00e9gradation de l\u2019autonomie de la batterie.<br \/>\n-Protection face \u00e0 la surcharge : Lorsque la batterie est pleinement charg\u00e9e, le circuit va stopper le chargement.<br \/>\n-Et Protection surtension : Si la charge de l\u2019appareil est faite sur un voltage sup\u00e9rieur \u00e0 ce qui est pr\u00e9-requis, l\u2019appareil va bloquer le courant de la charge.<\/p>\n","protected":false},"excerpt":{"rendered":"<p>Le kit Minifit est une des <strong>plus petites cigarettes \u00e9lectroniques<\/strong> du march\u00e9 actuellement. En effet, avec une taille de <strong>7 cm<\/strong>, elle pourrait presque \u00eatre confondue avec une cl\u00e9 USB dans la poche. Un aspect qui pourra plaire notamment \u00e0 ceux qui cherchent un appareil super discret pour le quotidien, vous n\u2019allez pas \u00eatre d\u00e9\u00e7u. Avec un design super simple, l\u2019embout \u00e9pouse la forme des l\u00e8vres pour un confort maximal. La petite batterie de 370 mAh pourrait d\u00e9plaire \u00e0 certain mais la r\u00e9sistance int\u00e9gr\u00e9e du POD ne demande pas une grande puissance ce qui pourra compenser cette petite batterie. Le pod est rechargeable avec les liquides de votre choix, mais \u00e0 privil\u00e9gier les liquides peu gras (avec plus de PG) et les liquides en sel de nicotine pour une vape en haute de dose de nicotine agr\u00e9able pour la gorge gr\u00e2ce \u00e0 un hit plus doux.<\/p>\n<p><a href=\"https:\/\/dscvape.fr\/wp-content\/uploads\/2018\/11\/Aide-\u00e0-la-vente-minifit-justfog.pdf\">T\u00e9l\u00e9chargez-moi pour une aide \u00e0 la vente minifit justfog<\/a><\/p>\n","protected":false},"featured_media":72730,"comment_status":"closed","ping_status":"closed","template":"","meta":[],"marques":[7568],"bundle_layout":"","bundled_by":["103033","103033","103033","103033","103033","103032","103032","103032","103032","103032"],"bundled_items":[],"supplier_id":null,"supplier_sku":"","atum_controlled":true,"out_stock_date":null,"out_stock_threshold":null,"inheritable":false,"inbound_stock":null,"stock_on_hold":null,"sold_today":null,"sales_last_days":null,"reserved_stock":null,"customer_returns":null,"warehouse_damage":null,"lost_in_post":null,"other_logs":null,"out_stock_days":null,"lost_sales":null,"has_location":null,"update_date":null,"atum_locations":[],"atum_stock_status":"instock","low_stock":false,"mi_inventories":[],"multi_inventory":null,"inventory_sorting_mode":null,"inventory_iteration":null,"expirable_inventories":null,"price_per_inventory":null,"_links":{"self":[{"href":"https:\/\/lesaintlaurentvape.com\/en\/wp-json\/wp\/v2\/product\/101184\/"}],"collection":[{"href":"https:\/\/lesaintlaurentvape.com\/en\/wp-json\/wp\/v2\/product\/"}],"about":[{"href":"https:\/\/lesaintlaurentvape.com\/en\/wp-json\/wp\/v2\/types\/product\/"}],"replies":[{"embeddable":true,"href":"https:\/\/lesaintlaurentvape.com\/en\/wp-json\/wp\/v2\/comments\/?post=101184"}],"wp:featuredmedia":[{"embeddable":true,"href":"https:\/\/lesaintlaurentvape.com\/en\/wp-json\/wp\/v2\/media\/72730\/"}],"wp:attachment":[{"href":"https:\/\/lesaintlaurentvape.com\/en\/wp-json\/wp\/v2\/media\/?parent=101184"}],"wp:term":[{"taxonomy":"marques","embeddable":true,"href":"https:\/\/lesaintlaurentvape.com\/en\/wp-json\/wp\/v2\/marques\/?post=101184"}],"curies":[{"name":"wp","href":"https:\/\/api.w.org\/{rel}","templated":true}]}}