{"id":101183,"date":"2018-11-20T11:42:31","date_gmt":"2018-11-20T10:42:31","guid":{"rendered":"https:\/\/lesaintlaurentvape.com\/produit\/justfog-c601-kit\/"},"modified":"2020-10-31T21:24:31","modified_gmt":"2020-10-31T20:24:31","slug":"justfog-c601-kit","status":"publish","type":"product","link":"https:\/\/lesaintlaurentvape.com\/en\/produit\/justfog-c601-kit\/","title":{"rendered":"Justfog C601 Kit"},"content":{"rendered":"<p><span style=\"color: #ffffff;\">Justfog C601 Kit<\/span><\/p>\n<h2 style=\"text-align: center;\"><b>DESCRIPTION D\u00c9TAILL\u00c9E:<\/b><\/h2>\n<p><a href=\"https:\/\/dscvape.fr\/wp-content\/uploads\/2018\/11\/Kit-c601-d\u00e9tail.png\"><img loading=\"lazy\" class=\"aligncenter size-full wp-image-7047\" src=\"https:\/\/dscvape.fr\/wp-content\/uploads\/2018\/11\/Kit-c601-d\u00e9tail.png\" alt=\"\" width=\"1500\" height=\"1222\" \/><\/a><\/p>\n<p style=\"text-align: center;\"><strong><u>Un format pratique<\/u><\/strong><\/p>\n<p style=\"text-align: center;\">Avec une taille pas plus grande que la paume de la main, vous avez la garantie que c\u2019est un appareil qui pourra se faufiler dans n\u2019importe quelle poche et donc par cons\u00e9quent, vous n\u2019aurez aucun mal \u00e0 le transporter au quotidien avec vous.\u00a0C\u2019est un format simple, avec ce fini en caoutchouc qui fait tout le charme de cet appareil et dot\u00e9 d\u2019une encoche, elle peut s\u2019accrocher sur les poches de chemise et devenir un accessoire pour le quotidien.<\/p>\n<p style=\"text-align: center;\"><strong><u>Un remplissage simple<a href=\"https:\/\/dscvape.fr\/wp-content\/uploads\/2018\/11\/Pod-1.png\"><img loading=\"lazy\" class=\"aligncenter size-full wp-image-7048\" src=\"https:\/\/dscvape.fr\/wp-content\/uploads\/2018\/11\/Pod-1.png\" alt=\"\" width=\"248\" height=\"220\" \/><\/a><\/u><\/strong><\/p>\n<p style=\"text-align: center;\">En faisant pivoter l\u2019encoche de la cigarette \u00e9lectronique, vous allez pouvoir retirer le pod accroch\u00e9 \u00e0 la batterie. Poussez sur le cot\u00e9 du pod afin de le d\u00e9crocher de la base puis soulevez la petite trappe situ\u00e9e sur le bas du pod pour pouvoir atteindre l\u2019orifice d\u00e9di\u00e9 au remplissage. Vous n\u2019avez plus qu\u2019\u00e0 remplir votre appareil avec l\u2019e-liquide de votre choix. Petit conseil: L\u2019appareil n\u2019est pas fait pour les liquides gras (c\u2019est-\u00e0-dire avec beaucoup de Glyc\u00e9rine V\u00e9g\u00e9tale (VG)), il sera donc conseill\u00e9 d\u2019utiliser des liquides avec plus de PG (Propyl\u00e8ne glycol) pour une utilisation optimale. Sachant que cet appareil est d\u00e9di\u00e9 au tirage serr\u00e9, vous allez pouvoir utiliser des liquides avec des taux de nicotine \u00e9lev\u00e9s et les liquides en sel de nicotine seront parfait pour cet appareil.<\/p>\n<h2 style=\"text-align: center;\"><b><a href=\"https:\/\/dscvape.fr\/wp-content\/uploads\/2018\/11\/Remplissage-C601-1.png\"><img loading=\"lazy\" class=\"aligncenter size-full wp-image-8082\" src=\"https:\/\/dscvape.fr\/wp-content\/uploads\/2018\/11\/Remplissage-C601-1.png\" alt=\"\" width=\"1295\" height=\"675\" \/><\/a><\/b><\/h2>\n<p>&nbsp;<\/p>\n<p style=\"text-align: center;\"><strong><u>Une mini batterie<\/u><\/strong><\/p>\n<p style=\"text-align: center;\">Malgr\u00e9 que cette batterie n\u2019est pas la plus \u00e9volu\u00e9e \u00e0 cause d\u2019une taille r\u00e9duite. Elle propose de tout de m\u00eame des petites indications qui aident l\u2019utilisation au quotidien.<br \/>\nPour allumer, il suffit d\u2019appuyer 4x rapidement sur le bouton.<br \/>\nLorsque l\u2019indicateur lumineux d\u00e9file 2x la s\u00e9rie de lumi\u00e8re\u00a0: \u00ab\u00a0Blanc \u00e0 Bleu \u00e0 Rouge\u00a0\u00bb cela signifie un court-circuit<br \/>\nLorsque l\u2019indicateur lumineux d\u00e9file 4x la s\u00e9rie de lumi\u00e8re\u00a0: \u00ab\u00a0Blanc \u00e0 Bleu \u00e0 Rouge\u00a0\u00bb cela signifie qu\u2019on fait pression sur le bouton depuis plus de 10 secondes. La protection du circuit va \u00e9teindre automatiquement l\u2019appareil.<br \/>\nLorsque l\u2019indicateur lumineux clignote 4x blanc, cela signifie que le pod est mal install\u00e9.<\/p>\n<p style=\"text-align: center;\"><strong>Niveau de batterie<\/strong><\/p>\n<table class=\" aligncenter\">\n<tbody>\n<tr>\n<td width=\"236\"><span style=\"color: #000000;\">Lumi\u00e8re blanche\u00a0: 100-70%<\/span><\/td>\n<td width=\"236\"><span style=\"color: #3366ff;\">Bleue : 70-30%<\/span><\/td>\n<td width=\"236\"><span style=\"color: #ff0000;\">Lumi\u00e8re rouge\u00a0: 30-0%<\/span><\/td>\n<td width=\"236\"><span style=\"color: #ff0000;\">Clignote 6 fois en rouge\u00a0: Vide<\/span><\/td>\n<\/tr>\n<\/tbody>\n<\/table>\n<p style=\"text-align: center;\"><strong><u>Multiples protections<\/u><\/strong><\/p>\n<p style=\"text-align: center;\">Justfog n\u2019oublie pas la s\u00e9curit\u00e9 avec de nombreuses protections mise en place dans cette batterie\u00a0:<br \/>\n-Protection contre les courts-circuits : Si la batterie d\u00e9tecte un court-circuit. La protection s\u2019active et \u00e9teint automatiquement l\u2019appareil pour \u00e9viter d\u2019endommager la batterie.<br \/>\n-Aussi protection contre la surchauffe : Si le bouton de la batterie reste continuellement enfonc\u00e9 pour plus de 10 secondes. L\u2019appareil s\u2019\u00e9teint afin d\u2019\u00e9viter toutes surchauffes et d\u2019abimer la batterie et le pod.<br \/>\n-Protection face au d\u00e9chargement excessif\u00a0: Si la batterie \u00e9teint un certain seuil minimum, l\u2019indicateur lumineux va indiquer le manque de batterie et va \u00e9teindre l\u2019appareil afin d\u2019\u00e9viter la d\u00e9gradation de l\u2019autonomie de la batterie.<br \/>\n-Et protection face \u00e0 la surcharge : Lorsque la batterie est pleinement charg\u00e9e, le circuit va stopper le chargement.<br \/>\n-Protection surtension\u00a0: Si la charge de l\u2019appareil est fait sur un voltage sup\u00e9rieur \u00e0 ce qui est pr\u00e9-requis, l\u2019appareil va bloquer le courant de la charge.<\/p>\n<h2 style=\"text-align: center;\"><b><a href=\"https:\/\/dscvape.fr\/wp-content\/uploads\/2018\/11\/Chargement-C601-1.png\"><img loading=\"lazy\" class=\"aligncenter size-full wp-image-8081\" src=\"https:\/\/dscvape.fr\/wp-content\/uploads\/2018\/11\/Chargement-C601-1.png\" alt=\"\" width=\"940\" height=\"599\" \/><\/a><\/b><\/h2>\n<p><span style=\"color: #ffffff;\">Aussi. Cependant.<\/span><\/p>\n","protected":false},"excerpt":{"rendered":"<p><em><strong>Nouveaut\u00e9s ! C601 est le produit \u00e0 suivre !<\/strong><\/em><\/p>\n<p><strong>Justfog<\/strong> lance sa gamme de pod avec l\u2019arriv\u00e9e du<strong> C601<\/strong>, un appareil de petite taille facile \u00e0 transporter sur soi au quotidien.<\/p>\n<p>D\u00e9couvrez ce <strong>format \u00ab\u00a0cl\u00e9 USB\u00a0\u00bb<\/strong> avec un produit de <strong>8,25 cm de long<\/strong> qui s\u2019accrochera sur votre poche discr\u00e8tement mais toujours \u00e0 porter de main. Justfog propose de magnifiques couleurs pour ce produit avec un fini <strong>caoutchouc<\/strong> pour un meilleur confort en main.<\/p>\n<p><strong>Extr\u00eamement fin<\/strong>, son design extraordinaire comme vous le l&#8217;aurez jamais vu auparavant saura donner satisfaction \u00e0 n&#8217;importe quel utilisateurs.<\/p>\n<p>C&#8217;est un appareil discret pour une vape mod\u00e9r\u00e9e au quotidien mais surtout super simple d\u2019utilisation avec son pod (r\u00e9sistance int\u00e9gr\u00e9e) rechargeable avec le liquide de votre choix.<\/p>\n<p><a href=\"https:\/\/dscvape.fr\/wp-content\/uploads\/2018\/11\/Justfog-C601-Kit.pdf\">T\u00e9l\u00e9chargez-moi pour une aide \u00e0 la vente Justfog C601 Kit<\/a><\/p>\n","protected":false},"featured_media":72717,"comment_status":"closed","ping_status":"closed","template":"","meta":[],"marques":[7568],"bundle_layout":"","bundled_by":[],"bundled_items":[],"supplier_id":null,"supplier_sku":"","atum_controlled":true,"out_stock_date":null,"out_stock_threshold":null,"inheritable":false,"inbound_stock":null,"stock_on_hold":null,"sold_today":null,"sales_last_days":null,"reserved_stock":null,"customer_returns":null,"warehouse_damage":null,"lost_in_post":null,"other_logs":null,"out_stock_days":null,"lost_sales":null,"has_location":null,"update_date":null,"atum_locations":[],"atum_stock_status":"instock","low_stock":false,"mi_inventories":[],"multi_inventory":null,"inventory_sorting_mode":null,"inventory_iteration":null,"expirable_inventories":null,"price_per_inventory":null,"_links":{"self":[{"href":"https:\/\/lesaintlaurentvape.com\/en\/wp-json\/wp\/v2\/product\/101183\/"}],"collection":[{"href":"https:\/\/lesaintlaurentvape.com\/en\/wp-json\/wp\/v2\/product\/"}],"about":[{"href":"https:\/\/lesaintlaurentvape.com\/en\/wp-json\/wp\/v2\/types\/product\/"}],"replies":[{"embeddable":true,"href":"https:\/\/lesaintlaurentvape.com\/en\/wp-json\/wp\/v2\/comments\/?post=101183"}],"wp:featuredmedia":[{"embeddable":true,"href":"https:\/\/lesaintlaurentvape.com\/en\/wp-json\/wp\/v2\/media\/72717\/"}],"wp:attachment":[{"href":"https:\/\/lesaintlaurentvape.com\/en\/wp-json\/wp\/v2\/media\/?parent=101183"}],"wp:term":[{"taxonomy":"marques","embeddable":true,"href":"https:\/\/lesaintlaurentvape.com\/en\/wp-json\/wp\/v2\/marques\/?post=101183"}],"curies":[{"name":"wp","href":"https:\/\/api.w.org\/{rel}","templated":true}]}}