{"id":101180,"date":"2018-11-19T08:55:13","date_gmt":"2018-11-19T07:55:13","guid":{"rendered":"https:\/\/lesaintlaurentvape.com\/produit\/gt-coils-for-cascade-tank\/"},"modified":"2020-10-31T21:11:26","modified_gmt":"2020-10-31T20:11:26","slug":"gt-coils-for-cascade-tank","status":"publish","type":"product","link":"https:\/\/lesaintlaurentvape.com\/en\/produit\/gt-coils-for-cascade-tank\/","title":{"rendered":"Vaporesso GT Core Coils"},"content":{"rendered":"<p><span style=\"color: #ffffff;\">Vaporesso GT Core Coils Vaporesso GT Core Coils<\/span><\/p>\n<h3 style=\"text-align: center;\">GT2 Core<\/h3>\n<table>\n<tbody>\n<tr>\n<td width=\"302\">Valeur (ohm)<\/td>\n<td width=\"303\">0,4 ohm<\/td>\n<\/tr>\n<tr>\n<td width=\"302\">Utilisation normale<\/td>\n<td width=\"303\">40-80 W<\/td>\n<\/tr>\n<tr>\n<td width=\"302\">Utilisation optimale<\/td>\n<td width=\"303\">40-65 W<\/td>\n<\/tr>\n<tr>\n<td width=\"302\">Type d\u2019inhalation<\/td>\n<td width=\"303\">Directe<\/td>\n<\/tr>\n<\/tbody>\n<\/table>\n<h3 style=\"text-align: center;\">GT4 Core<\/h3>\n<table>\n<tbody>\n<tr>\n<td width=\"302\">Valeur (ohm)<\/td>\n<td width=\"303\">0,15 ohm<\/td>\n<\/tr>\n<tr>\n<td width=\"302\">Utilisation normale<\/td>\n<td width=\"303\">30-70 W<\/td>\n<\/tr>\n<tr>\n<td width=\"302\">Utilisation optimale<\/td>\n<td width=\"303\">45-60 W<\/td>\n<\/tr>\n<tr>\n<td width=\"302\">Type d\u2019inhalation<\/td>\n<td width=\"303\">Directe<\/td>\n<\/tr>\n<\/tbody>\n<\/table>\n<h3 style=\"text-align: center;\">GT6 Core<\/h3>\n<table>\n<tbody>\n<tr>\n<td width=\"302\">Valeur (ohm)<\/td>\n<td width=\"303\">0,2 ohm<\/td>\n<\/tr>\n<tr>\n<td width=\"302\">Utilisation normale<\/td>\n<td width=\"303\">40-100 W<\/td>\n<\/tr>\n<tr>\n<td width=\"302\">Utilisation optimale<\/td>\n<td width=\"303\">30-80 W<\/td>\n<\/tr>\n<tr>\n<td width=\"302\">Type d\u2019inhalation<\/td>\n<td width=\"303\">Directe<\/td>\n<\/tr>\n<\/tbody>\n<\/table>\n<p>&nbsp;<\/p>\n<h3 style=\"text-align: center;\">GT8 Core<\/h3>\n<table>\n<tbody>\n<tr>\n<td width=\"302\">Valeur (ohm)<\/td>\n<td width=\"303\">0,15 ohm<\/td>\n<\/tr>\n<tr>\n<td width=\"302\">Utilisation normale<\/td>\n<td width=\"303\">50-110 W<\/td>\n<\/tr>\n<tr>\n<td width=\"302\">Utilisation optimale<\/td>\n<td width=\"303\">40-85 W<\/td>\n<\/tr>\n<tr>\n<td width=\"302\">Type d\u2019inhalation<\/td>\n<td width=\"303\">Directe<\/td>\n<\/tr>\n<\/tbody>\n<\/table>\n<p>&nbsp;<\/p>\n<h3 style=\"text-align: center;\">GT CCELL<\/h3>\n<table>\n<tbody>\n<tr>\n<td width=\"302\">Valeur (ohm)<\/td>\n<td width=\"303\">0,5 ohm<\/td>\n<\/tr>\n<tr>\n<td width=\"302\">Utilisation normale<\/td>\n<td width=\"303\">20-35 W<\/td>\n<\/tr>\n<tr>\n<td width=\"302\">Utilisation optimale<\/td>\n<td width=\"303\">15-30 W<\/td>\n<\/tr>\n<tr>\n<td width=\"302\">Type d\u2019inhalation<\/td>\n<td width=\"303\">Directe<\/td>\n<\/tr>\n<\/tbody>\n<\/table>\n<p>&nbsp;<\/p>\n<h3 style=\"text-align: center;\">GT CCELL2<\/h3>\n<table>\n<tbody>\n<tr>\n<td width=\"302\">Valeur (ohm)<\/td>\n<td width=\"303\">0,3 ohm<\/td>\n<\/tr>\n<tr>\n<td width=\"302\">Utilisation normale<\/td>\n<td width=\"303\">35-40 W<\/td>\n<\/tr>\n<tr>\n<td width=\"302\">Type d&#8217;inhalation<\/td>\n<td width=\"303\">Directe<\/td>\n<\/tr>\n<\/tbody>\n<\/table>\n<p>&nbsp;<\/p>\n<h3 style=\"text-align: center;\">GT Mesh<\/h3>\n<table>\n<tbody>\n<tr>\n<td width=\"302\">Valeur (ohm)<\/td>\n<td width=\"303\">0,18 ohm<\/td>\n<\/tr>\n<tr>\n<td width=\"302\">Utilisation normale<\/td>\n<td width=\"303\">50-85 W<\/td>\n<\/tr>\n<tr>\n<td width=\"302\">Type d&#8217;inhalation<\/td>\n<td width=\"303\">Directe<\/td>\n<\/tr>\n<\/tbody>\n<\/table>\n<h3 style=\"text-align: center;\">GT4 Mesh<\/h3>\n<table>\n<tbody>\n<tr>\n<td width=\"302\">Valeur (ohm)<\/td>\n<td width=\"303\">0,15 ohm<\/td>\n<\/tr>\n<tr>\n<td width=\"302\">Utilisation normale<\/td>\n<td width=\"303\">50-75 W<\/td>\n<\/tr>\n<tr>\n<td width=\"302\">Type d&#8217;inhalation<\/td>\n<td width=\"303\">Directe<\/td>\n<\/tr>\n<\/tbody>\n<\/table>\n<p>&nbsp;<\/p>\n<p class=\"p1\"><span class=\"s1\" style=\"color: #ffffff;\"><a style=\"color: #ffffff;\" href=\"https:\/\/dscvape.fr\/product-brands\/vaporesso\/\">Voir tous les produits Vaporesso sur le site<\/a><\/span><\/p>\n<p class=\"p1\"><span class=\"s1\" style=\"color: #ffffff;\"><a style=\"color: #ffffff;\" href=\"https:\/\/www.vaporesso.com\/\">Voir le site du fournisseur<\/a><\/span><\/p>\n","protected":false},"excerpt":{"rendered":"<p>Les r\u00e9sistances GT Core de la marque Vaporesso sont vendues par bo\u00eete de 3 pi\u00e8ces. Attention, les r\u00e9sistances demandent diff\u00e9rentes intervalles de watt en fonction de la valeur de la r\u00e9sistance.<\/p>\n<p>Elles sont notamment compatibles avec plusieurs atomiseurs de la marque dont:<\/p>\n<ul>\n<li>NRG Tank<\/li>\n<li>NRG SE<\/li>\n<li>NRG SE Mini<\/li>\n<li>Cascade Baby<\/li>\n<li>Cascade Baby SE<\/li>\n<li>SKRR Tank<\/li>\n<li>NRG PE<\/li>\n<li>SKRR-S Tank<\/li>\n<\/ul>\n","protected":false},"featured_media":72696,"comment_status":"closed","ping_status":"closed","template":"","meta":[],"marques":[7545],"bundle_layout":"","bundled_by":[],"bundled_items":[],"supplier_id":null,"supplier_sku":"","atum_controlled":true,"out_stock_date":null,"out_stock_threshold":null,"inheritable":false,"inbound_stock":null,"stock_on_hold":null,"sold_today":null,"sales_last_days":null,"reserved_stock":null,"customer_returns":null,"warehouse_damage":null,"lost_in_post":null,"other_logs":null,"out_stock_days":null,"lost_sales":null,"has_location":null,"update_date":null,"atum_locations":[],"atum_stock_status":"instock","low_stock":false,"mi_inventories":[],"multi_inventory":null,"inventory_sorting_mode":null,"inventory_iteration":null,"expirable_inventories":null,"price_per_inventory":null,"_links":{"self":[{"href":"https:\/\/lesaintlaurentvape.com\/en\/wp-json\/wp\/v2\/product\/101180\/"}],"collection":[{"href":"https:\/\/lesaintlaurentvape.com\/en\/wp-json\/wp\/v2\/product\/"}],"about":[{"href":"https:\/\/lesaintlaurentvape.com\/en\/wp-json\/wp\/v2\/types\/product\/"}],"replies":[{"embeddable":true,"href":"https:\/\/lesaintlaurentvape.com\/en\/wp-json\/wp\/v2\/comments\/?post=101180"}],"wp:featuredmedia":[{"embeddable":true,"href":"https:\/\/lesaintlaurentvape.com\/en\/wp-json\/wp\/v2\/media\/72696\/"}],"wp:attachment":[{"href":"https:\/\/lesaintlaurentvape.com\/en\/wp-json\/wp\/v2\/media\/?parent=101180"}],"wp:term":[{"taxonomy":"marques","embeddable":true,"href":"https:\/\/lesaintlaurentvape.com\/en\/wp-json\/wp\/v2\/marques\/?post=101180"}],"curies":[{"name":"wp","href":"https:\/\/api.w.org\/{rel}","templated":true}]}}