{"id":101179,"date":"2018-11-16T12:53:19","date_gmt":"2018-11-16T11:53:19","guid":{"rendered":"https:\/\/lesaintlaurentvape.com\/produit\/revenger-x-kit-5ml\/"},"modified":"2020-10-31T20:32:38","modified_gmt":"2020-10-31T19:32:38","slug":"revenger-x-kit-5ml","status":"publish","type":"product","link":"https:\/\/lesaintlaurentvape.com\/en\/produit\/revenger-x-kit-5ml\/","title":{"rendered":"Vaporesso &#8211; Revenger X Kit (5ml)"},"content":{"rendered":"<p><span style=\"color: #ffffff;\">Vaporesso Revenger X Kit puis\u00a0<\/span><\/p>\n<h2 style=\"text-align: center;\"><b>\u00a0DESCRIPTION D\u00c9TAILL\u00c9E:<\/b><\/h2>\n<p><img loading=\"lazy\" class=\"aligncenter size-full wp-image-4224\" src=\"https:\/\/dscvape.fr\/wp-content\/uploads\/2018\/11\/REBENGER-X-d\u00e9tail-vapo.png\" alt=\"\" width=\"1624\" height=\"1432\" \/><\/p>\n<p style=\"text-align: center;\"><strong><u>Une box \u00e0 \u00e9cran OLED avec touche tactile et double accus 18650 (non fournis)<\/u><\/strong><\/p>\n<p style=\"text-align: center;\">La box Revenger X est dot\u00e9e d\u2019un \u00e9cran 0,96&#8243; avec des touches tactiles. Cette nouveaut\u00e9 saura plaire aux amateurs de gadget technologique, il est notamment muni d&#8217;un moteur de vibration, habituellement pr\u00e9sent dans les smartphones. Celui-ci s\u2019active lors de la pression des boutons tactiles pour une utilisation. Cette box \u00e0 double accus 18650 (non-fournis) pouvant monter jusqu&#8217;\u00e0 220W, vous permettra une vape toute la journ\u00e9e !<\/p>\n<p><img loading=\"lazy\" class=\"aligncenter size-full wp-image-3877\" src=\"https:\/\/dscvape.fr\/wp-content\/uploads\/2018\/11\/\u00e9cran-tactile-revenger-x.png\" alt=\"\" width=\"419\" height=\"429\" \/><img loading=\"lazy\" class=\"wp-image-29364 aligncenter\" style=\"font-weight: bold;\" src=\"https:\/\/dscvape.fr\/wp-content\/uploads\/2018\/11\/vaporesso-revenger-x-mod_Sweetch_Suisse_e-cigarette.png\" alt=\"\" width=\"362\" height=\"362\" \/><img loading=\"lazy\" class=\"wp-image-29365 aligncenter\" src=\"https:\/\/dscvape.fr\/wp-content\/uploads\/2018\/11\/Revenger-X-box.png\" alt=\"\" width=\"165\" height=\"306\" \/><\/p>\n<p style=\"text-align: center;\"><strong><u>OMNI board 2.2<\/u><\/strong><\/p>\n<p style=\"text-align: center;\">Vaporesso int\u00e8gre dans cette version X le firmware OMNI Board 2.2 qui permet plusieurs modes de vape facilement accessible avec le menu tactile\u00a0: VW (H\/N\/S) \/ CCW \/ CCT \/ VT (NI, TI, SS) \/ TCR (M1, M2) \/ RTC \/ BYPASS<\/p>\n<p>&nbsp;<\/p>\n<p style=\"text-align: center;\"><strong><u>NRG Tank\u00a0: Remplissage propre et facile<\/u><\/strong><\/p>\n<p style=\"text-align: center;\">Le NRG tank, livr\u00e9 avec les r\u00e9sistances GT core en 0,15 ohm vous permettra de vivre une vape riche en saveurs le tout accompagn\u00e9 d\u2019une fum\u00e9e dense pour le plaisir des amateurs de cloud-chasing. Vous pourrez allier puissance et simplicit\u00e9 avec ce clearomiseur dont le remplissage se fait de mani\u00e8re tr\u00e8s simple. En effet, il vous suffira de pousser le top cap au niveau de la petite fl\u00e8che pour d\u00e9couvrir l\u2019orifice d\u00e9di\u00e9 au remplissage. Une fois rempli, poussez le top cap \u00e0 nouveau pour refermer le r\u00e9servoir.<\/p>\n<p><img loading=\"lazy\" class=\"aligncenter size-full wp-image-3878\" src=\"https:\/\/dscvape.fr\/wp-content\/uploads\/2018\/11\/Remplissage-5.png\" alt=\"\" width=\"432\" height=\"459\" \/><\/p>\n<p>&nbsp;<\/p>\n<p style=\"text-align: center;\"><strong><u>R\u00e9sistance GT Meshed coil<\/u><\/strong><\/p>\n<p><img loading=\"lazy\" class=\"aligncenter size-full wp-image-3733\" src=\"https:\/\/dscvape.fr\/wp-content\/uploads\/2018\/11\/GT-CoreCOIL.png\" alt=\"\" width=\"1602\" height=\"501\" \/><\/p>\n<p><span style=\"color: #ffffff;\">Aussi.\u00a0<\/span><\/p>\n","protected":false},"excerpt":{"rendered":"<p>Suite au kit Revenger, <strong>Vaporesso<\/strong> sort une version\u00a0<strong>Revenger X<\/strong> qui est toujours en association avec la NRG tank. Toutes les nouveaut\u00e9s sont ainsi dans la box, encore <strong>double accu<\/strong> (18650 non inclus dans le kit). La nouveaut\u00e9 de cette box est qu&#8217;elle poss\u00e8de un <strong>bel \u00e9cran 0,96&#8243; OLED tactile<\/strong>, le top de la technologie ! Il est \u00e9quip\u00e9 d\u2019un bouton physique pour le bouton fire, mais aussi de<strong> trois boutons de contr\u00f4le tactiles<\/strong> muni d\u2019un <strong>moteur de vibration<\/strong> (similaire aux smartphones).<\/p>\n<p>Larges choix de couleur tendance selon votre humeur.<br \/>\nCette box est donc associ\u00e9e au NRG tank, parfait pour la vape en sub-ohm. Vous voulez rester discret tout en ayant un produit au top de la technologie ? N&#8217;attendez plus, Revenger X est votre produit id\u00e9al.<\/p>\n<p>PVC TTC : 84.90\u20ac<\/p>\n<p><a href=\"https:\/\/dscvape.fr\/wp-content\/uploads\/2018\/11\/Aide-\u00e0-la-vente-Vaporesso-Revenger-X.pdf\">Aide \u00e0 la vente Vaporesso Revenger X<\/a><\/p>\n","protected":false},"featured_media":72682,"comment_status":"closed","ping_status":"closed","template":"","meta":[],"marques":[7545],"bundle_layout":"","bundled_by":[],"bundled_items":[],"supplier_id":null,"supplier_sku":"","atum_controlled":true,"out_stock_date":null,"out_stock_threshold":null,"inheritable":false,"inbound_stock":null,"stock_on_hold":null,"sold_today":null,"sales_last_days":null,"reserved_stock":null,"customer_returns":null,"warehouse_damage":null,"lost_in_post":null,"other_logs":null,"out_stock_days":null,"lost_sales":null,"has_location":null,"update_date":null,"atum_locations":[],"atum_stock_status":"instock","low_stock":false,"mi_inventories":[],"multi_inventory":null,"inventory_sorting_mode":null,"inventory_iteration":null,"expirable_inventories":null,"price_per_inventory":null,"_links":{"self":[{"href":"https:\/\/lesaintlaurentvape.com\/en\/wp-json\/wp\/v2\/product\/101179\/"}],"collection":[{"href":"https:\/\/lesaintlaurentvape.com\/en\/wp-json\/wp\/v2\/product\/"}],"about":[{"href":"https:\/\/lesaintlaurentvape.com\/en\/wp-json\/wp\/v2\/types\/product\/"}],"replies":[{"embeddable":true,"href":"https:\/\/lesaintlaurentvape.com\/en\/wp-json\/wp\/v2\/comments\/?post=101179"}],"wp:featuredmedia":[{"embeddable":true,"href":"https:\/\/lesaintlaurentvape.com\/en\/wp-json\/wp\/v2\/media\/72682\/"}],"wp:attachment":[{"href":"https:\/\/lesaintlaurentvape.com\/en\/wp-json\/wp\/v2\/media\/?parent=101179"}],"wp:term":[{"taxonomy":"marques","embeddable":true,"href":"https:\/\/lesaintlaurentvape.com\/en\/wp-json\/wp\/v2\/marques\/?post=101179"}],"curies":[{"name":"wp","href":"https:\/\/api.w.org\/{rel}","templated":true}]}}