{"id":101178,"date":"2018-11-16T12:22:49","date_gmt":"2018-11-16T11:22:49","guid":{"rendered":"https:\/\/lesaintlaurentvape.com\/produit\/vaporesso-armour-pro-kit\/"},"modified":"2020-10-31T20:32:17","modified_gmt":"2020-10-31T19:32:17","slug":"vaporesso-armour-pro-kit","status":"publish","type":"product","link":"https:\/\/lesaintlaurentvape.com\/en\/produit\/vaporesso-armour-pro-kit\/","title":{"rendered":"Vaporesso &#8211; Armour Pro Kit"},"content":{"rendered":"<p><span style=\"color: #ffffff;\">Vaporesso Armour Pro Kit puis<\/span><\/p>\n<h2 style=\"text-align: center;\"><b>DESCRIPTION D\u00c9TAILL\u00c9E\u00a0:<\/b><\/h2>\n<p><strong><u><img loading=\"lazy\" class=\"aligncenter size-full wp-image-4223\" src=\"https:\/\/dscvape.fr\/wp-content\/uploads\/2018\/11\/Armour-pro-d\u00e9tails-vapo.png\" alt=\"\" width=\"3700\" height=\"2820\" \/><\/u><\/strong><\/p>\n<p style=\"text-align: center;\"><strong><u>Syst\u00e8me de chauffe instantan\u00e9e<\/u><\/strong><u><\/u><\/p>\n<p style=\"text-align: center;\">Vaporesso continue d\u2019impressionner notamment avec son syst\u00e8me de d\u00e9marrage instantan\u00e9. La vape d\u00e9marre \u00e0 seulement 0,002 secondes. C&#8217;est l&#8217;un des appareils les plus rapides, stables mais surtout s\u00e9curis\u00e9s, son syst\u00e8me d\u2019Insta-fire permet une chauffe rapide qui vous garantie une excellente reproduction des saveurs ainsi que des nuages de fum\u00e9e denses d\u00e8s la premi\u00e8re bouff\u00e9e.<\/p>\n<p style=\"text-align: center;\"><strong><u>La box Armour Pro<\/u><\/strong><\/p>\n<p style=\"text-align: center;\">L\u2019Armour pro est une box \u00e0 simple accu, compatible avec les accus 18650 (avec un adaptateur)\/20700\/21700 non fournis. Elle est \u00e9quip\u00e9e d\u2019un \u00e9cran de 0,96&#8243; directement install\u00e9 sur le bouton Fire. Dans un premier temps, nous avons l\u00e0 une box plut\u00f4t compacte mais qui permet d\u2019installer un accu, un point positif pour ceux qui recherche une bonne autonomie de batterie sans pour autant avoir une \u00e9norme box. Secondement, c\u2019est une box avec de belles finitions, son \u00e9cran est en couleurs et pr\u00e9sent\u00e9 de mani\u00e8re simple.<\/p>\n<p><img loading=\"lazy\" class=\"aligncenter size-full wp-image-3052\" src=\"https:\/\/dscvape.fr\/wp-content\/uploads\/2018\/11\/Armor-Pro-screen-2.png\" alt=\"\" width=\"5102\" height=\"2796\" \/><\/p>\n<p style=\"text-align: center;\"><strong><u>Firmware: OMNI Board 4.0<\/u><\/strong><\/p>\n<p style=\"text-align: center;\">Cette box est dot\u00e9e du OMNI Board 4.0, un firmware qui garantie performance et s\u00e9curit\u00e9. Elle permet diff\u00e9rents types de vape comme\u00a0:<\/p>\n<p style=\"text-align: center;\">Smart VW (H\/N\/S) \/ VT (SS, Ni, Ti) \/ TCR (M1,M2) \/ BYPASS \/ CCT \/ CCW\/VV \/ CCV<\/p>\n<p><img loading=\"lazy\" class=\"aligncenter wp-image-3055\" src=\"https:\/\/dscvape.fr\/wp-content\/uploads\/2018\/11\/Armor-Pro-chip.png\" alt=\"\" width=\"595\" height=\"617\" \/><\/p>\n<p style=\"text-align: center;\"><strong><u>Chargement rapide<\/u><\/strong><\/p>\n<p style=\"text-align: center;\">La box est dot\u00e9e d\u2019un chargement rapide 2A, ce qui vous permettra de r\u00e9duire le temps de charge.<\/p>\n<p><img loading=\"lazy\" class=\"aligncenter size-full wp-image-3050\" src=\"https:\/\/dscvape.fr\/wp-content\/uploads\/2018\/11\/Armor-Pro-charging.gif\" alt=\"\" width=\"4000\" height=\"2796\" \/><\/p>\n<p style=\"text-align: center;\"><strong><u>Cascade Baby Tank<\/u><\/strong><\/p>\n<p style=\"text-align: center;\">Associ\u00e9 \u00e0 l\u2019Armour pro mod, la Cascade baby est un tank innovant \u00e0 commencer par sa structure.<\/p>\n<p style=\"text-align: center;\">En effet, elle s\u00e9pare le r\u00e9servoir du liquide d\u2019un cot\u00e9 et la r\u00e9sistance de l\u2019autre, entre eux est pr\u00e9sent un composant permettant l\u2019isolation. Cette nouveaut\u00e9 permettrait d\u2019am\u00e9liorer encore plus la retranscription des saveurs, \u00e9viter le dry-hit et augmenter la long\u00e9vit\u00e9 des r\u00e9sistances. Il poss\u00e8de un airflow r\u00e9glable en triangle, pour plus d\u2019efficacit\u00e9.<\/p>\n<p><img loading=\"lazy\" class=\"size-medium wp-image-3060 aligncenter\" src=\"https:\/\/dscvape.fr\/wp-content\/uploads\/2018\/11\/Airflow-1-300x289.png\" alt=\"\" width=\"300\" height=\"289\" \/><\/p>\n<p style=\"text-align: center;\"><strong><u>Remplissage : Simple et pratique<\/u><\/strong><\/p>\n<p style=\"text-align: center;\">Pour le remplissage, il s\u2019effectue par le haut en coulissant le top cap et est pourvu d\u2019une s\u00e9curit\u00e9 suppl\u00e9mentaire. Ce qui permet d&#8217;\u00e9viter les fuites et les ouvertures accidentelles. <span style=\"color: #ffffff;\">Cependant<\/span><\/p>\n<p><img loading=\"lazy\" class=\"aligncenter size-full wp-image-3728\" src=\"https:\/\/dscvape.fr\/wp-content\/uploads\/2018\/11\/Remplissage-tank-armour-pro.png\" alt=\"\" width=\"5464\" height=\"2476\" \/><\/p>\n<p>&nbsp;<\/p>\n<p style=\"text-align: center;\"><strong><u>R\u00e9sistance GT Meshed coil<\/u><\/strong><\/p>\n<p style=\"text-align: center;\">Le tank utilise les r\u00e9sistances GT Meshed coil de chez Vaporesso.<\/p>\n<p><img loading=\"lazy\" class=\"aligncenter size-full wp-image-3733\" src=\"https:\/\/dscvape.fr\/wp-content\/uploads\/2018\/11\/GT-CoreCOIL.png\" alt=\"\" width=\"1602\" height=\"501\" \/><\/p>\n<p><span style=\"color: #ffffff;\">Aussi. Cependant. Mais. Puisque. Alors. Aussi.\u00a0<\/span><\/p>\n","protected":false},"excerpt":{"rendered":"<p><em><strong>Innovant et puissant !<\/strong><\/em><\/p>\n<p>L\u2019<strong>Armour pro<\/strong> pr\u00e9sent\u00e9 par <strong>Vaporesso<\/strong> est un kit unifiant le magnifique Cascade baby tank et la box Armour pro, avec une<strong> puissance allant jusqu\u2019\u00e0 100W<\/strong> vous permettra une vape dense riche en \u00e9motion. Cet appareil est compatible avec les accus 20700, 21700 ou 18650 (avec un adaptateur) ce qui permet aux consommateurs d\u2019avoir une <strong>excellente autonomie modulable<\/strong> en fonction de l\u2019accu utilis\u00e9. Le Cascade baby tank, dans un premier temps, poss\u00e8de une capacit\u00e9 de<strong> 5mL<\/strong>, ce qui est donc plut\u00f4t confortable. Vous n\u2019aurez donc pas \u00e0 remplir constamment votre clearomiseur. Quant \u00e0 l\u2019Armour pro mod, vous avez l\u00e0 une box compacte et facile \u00e0 transporter.<\/p>\n<p>Plus intelligent, plus puissant que jamais, elle est dot\u00e9e d\u2019un <strong>belle \u00e9cran arrondi de 0,96 pouces<\/strong> install\u00e9 directement sur le bouton fire. L\u2019ensemble est pr\u00e9sent\u00e9 en couleurs sur l\u2019\u00e9cran, ce qui donne un design \u00e9l\u00e9gant et moderne.<\/p>\n<p>L\u2019Armour pro permet une bonne production de fum\u00e9e gr\u00e2ce \u00e0 son atomiseur con\u00e7ue pour la vape sub-ohm.<\/p>\n<p>Ce kit procure une vape intense en fum\u00e9e et une sensation de fra\u00eecheur sans \u00e9gal, venez la tester !<\/p>\n<p>Pour une meilleure utilisation et une fum\u00e9e encore plus dense, utilisez des liquides en<strong> VG+<\/strong>.<\/p>\n<p>PVC TTC : 69.90\u20ac<\/p>\n<p><a href=\"https:\/\/dscvape.fr\/wp-content\/uploads\/2018\/11\/Vaporesso-Armour-Pro-Kit.pdf\">Aide \u00e0 la vente &#8211; Vaporesso Armour Pro Kit<\/a><\/p>\n","protected":false},"featured_media":72667,"comment_status":"closed","ping_status":"closed","template":"","meta":[],"marques":[7545],"bundle_layout":"","bundled_by":[],"bundled_items":[],"supplier_id":null,"supplier_sku":"","atum_controlled":true,"out_stock_date":null,"out_stock_threshold":null,"inheritable":false,"inbound_stock":null,"stock_on_hold":null,"sold_today":null,"sales_last_days":null,"reserved_stock":null,"customer_returns":null,"warehouse_damage":null,"lost_in_post":null,"other_logs":null,"out_stock_days":null,"lost_sales":null,"has_location":null,"update_date":null,"atum_locations":[],"atum_stock_status":"instock","low_stock":false,"mi_inventories":[],"multi_inventory":null,"inventory_sorting_mode":null,"inventory_iteration":null,"expirable_inventories":null,"price_per_inventory":null,"_links":{"self":[{"href":"https:\/\/lesaintlaurentvape.com\/en\/wp-json\/wp\/v2\/product\/101178\/"}],"collection":[{"href":"https:\/\/lesaintlaurentvape.com\/en\/wp-json\/wp\/v2\/product\/"}],"about":[{"href":"https:\/\/lesaintlaurentvape.com\/en\/wp-json\/wp\/v2\/types\/product\/"}],"replies":[{"embeddable":true,"href":"https:\/\/lesaintlaurentvape.com\/en\/wp-json\/wp\/v2\/comments\/?post=101178"}],"wp:featuredmedia":[{"embeddable":true,"href":"https:\/\/lesaintlaurentvape.com\/en\/wp-json\/wp\/v2\/media\/72667\/"}],"wp:attachment":[{"href":"https:\/\/lesaintlaurentvape.com\/en\/wp-json\/wp\/v2\/media\/?parent=101178"}],"wp:term":[{"taxonomy":"marques","embeddable":true,"href":"https:\/\/lesaintlaurentvape.com\/en\/wp-json\/wp\/v2\/marques\/?post=101178"}],"curies":[{"name":"wp","href":"https:\/\/api.w.org\/{rel}","templated":true}]}}