{"id":101177,"date":"2018-11-16T11:29:36","date_gmt":"2018-11-16T10:29:36","guid":{"rendered":"https:\/\/lesaintlaurentvape.com\/produit\/tarot-baby-with-nrg-se-kit\/"},"modified":"2020-10-31T20:40:57","modified_gmt":"2020-10-31T19:40:57","slug":"tarot-baby-with-nrg-se-kit","status":"publish","type":"product","link":"https:\/\/lesaintlaurentvape.com\/en\/produit\/tarot-baby-with-nrg-se-kit\/","title":{"rendered":"Vaporesso &#8211; Tarot Baby with NRG SE Kit"},"content":{"rendered":"<p><span style=\"color: #ffffff;\">Tarot Baby with NRG SE Kit Tarot Baby with NRG SE Kit<\/span><\/p>\n<h2 style=\"text-align: center;\"><b>DESCRIPTION D\u00c9TAILL\u00c9E:<\/b><\/h2>\n<p><img loading=\"lazy\" class=\"aligncenter size-full wp-image-4221\" src=\"https:\/\/dscvape.fr\/wp-content\/uploads\/2018\/11\/D\u00e9tail-kit-tarot-baby.png\" alt=\"\" width=\"1924\" height=\"1080\" \/><\/p>\n<p style=\"text-align: center;\"><strong><u>Technologie Insta-Fire<\/u><\/strong><\/p>\n<p style=\"text-align: center;\">Ce syst\u00e8me de chauffe rapide et s\u00e9curis\u00e9, vous permettra d\u2019obtenir des grands nuages de fum\u00e9e et des saveurs in\u00e9galables tout cela en 0,002 s et d\u00e8s la premi\u00e8re bouff\u00e9e.<\/p>\n<p style=\"text-align: center;\"><strong><u>Chargement rapide<\/u><\/strong><\/p>\n<p style=\"text-align: center;\">En chargement normal (1A), il faut 3h pour enti\u00e8rement charger la box. Cependant cette box dot\u00e9e d\u2019un chargement rapide 2A, vous permettra de charger \u00e0 la box \u00e0 plein pour 1,5 h soit la moiti\u00e9 d&#8217;un chargement normal.<\/p>\n<p style=\"text-align: center;\"><strong><u>OMINI Board 4.0<\/u><\/strong><\/p>\n<p style=\"text-align: center;\">La vape en passthrough (vaper pendant le chargement) est possible avec cette box gr\u00e2ce \u00e0 son chipset OMNI board 4.0. En effet, dans cette version 4.0 le chargement s\u2019arr\u00eate lorsque le vapoteur tire sur la machine, la recharge reprend automatiquement apr\u00e8s. Bien s\u00fbr, cette version vous prot\u00e8ge toujours face \u00e0 la surcharge, la surtension, les courts circuits, les circuits ESD, les r\u00e9sistances law etc.<\/p>\n<p><img loading=\"lazy\" class=\"aligncenter wp-image-3880\" src=\"https:\/\/dscvape.fr\/wp-content\/uploads\/2018\/11\/Ecran-Tarot-baby.png\" alt=\"\" width=\"834\" height=\"734\" \/><\/p>\n<p style=\"text-align: center;\"><strong><u>Un bel \u00e9cran avec bouton fire int\u00e9gr\u00e9<\/u><\/strong><\/p>\n<p style=\"text-align: center;\">La box est int\u00e9gr\u00e9e d\u2019un bel \u00e9cran en couleur de 0,96&#8243;. Le bouton fire s\u2019active directement par pression sur cet \u00e9cran qui fait donc le r\u00f4le de 2 en 1, pratique et discret.<\/p>\n<p style=\"text-align: center;\"><strong><u>NRG SE Tank : Une protection enfant renforc\u00e9e<\/u><\/strong><\/p>\n<p style=\"text-align: center;\">Le tank poss\u00e8de une s\u00e9curit\u00e9 enfant avec le drip tip qui emp\u00eache l\u2019ouverture de top cap et d\u2019avoir acc\u00e8s au r\u00e9servoir. Il faudra retirer dans un premier temps le drip tip puis faire coulisser le top cap afin de pouvoir remplir son clearomiseur.<\/p>\n<p style=\"text-align: center;\"><strong><u>R\u00e9sistance GT Meshed coil<\/u><\/strong><\/p>\n<p><img loading=\"lazy\" class=\"aligncenter size-full wp-image-3733\" src=\"https:\/\/dscvape.fr\/wp-content\/uploads\/2018\/11\/GT-CoreCOIL.png\" alt=\"\" width=\"1602\" height=\"501\" \/><\/p>\n","protected":false},"excerpt":{"rendered":"<p>Le petit bijou<strong>\u00a0Tarot Baby NRG SE<\/strong> est l\u2019association des deux best-sellers de la marque\u00a0: le <strong>Tarot Baby mod<\/strong> et le <strong>NRG SE tank<\/strong>. Petit nouveau de la famille des box Tarot, Vaporesso int\u00e8gre le chipset OMNI Board 4.0 qui permet donc avec cet appareil d\u2019obtenir l<strong>\u2019Insta-Fire.<\/strong> Une technologie qui permet une vape instantan\u00e9e avec une <strong>vitesse de 0,002s<\/strong> apr\u00e8s l\u2019activation du bouton fire. Plusieurs modes de s\u00e9curit\u00e9 sont disponibles en plus du mode \u00ab <strong>super player<\/strong> \u00bb qui permet l\u2019int\u00e9gration de r\u00e9sistance entre 0,03 \u00e0 5 ohm. L\u2019assemblage de ces deux \u00e9l\u00e9ments donne naissance \u00e0 un kit puissant avec une vape intense et dense. Le NRG SE tank, avec ses r\u00e9sistances GT, est connu pour procurer une <strong>vapeur \u00e9paisse<\/strong> et une tr\u00e8s <strong>bonne restitution des go\u00fbts<\/strong>. Associ\u00e9 \u00e0 la Tarot baby d\u2019une capacit\u00e9 de <strong>batterie de 2500 mAh<\/strong> et d\u2019un <strong>chargement rapide \u00e0 2A<\/strong>, vous avez la garantie d\u2019une vape riche et de qualit\u00e9.<\/p>\n<p>Soyez \u00e0 la pointe de la vape avec le\u00a0kit <strong>Tarot Baby NRG SE<\/strong>.<\/p>\n<p>PVC TTC : 54.90\u20ac<\/p>\n<p><a href=\"https:\/\/dscvape.fr\/wp-content\/uploads\/2018\/11\/Vaporesso-Tarot-Baby-with-NRG-SE-Kit.pdf\">Aide \u00e0 la vente\u00a0 &#8211; Vaporesso Tarot Baby with NRG SE Kit<\/a><\/p>\n","protected":false},"featured_media":72652,"comment_status":"closed","ping_status":"closed","template":"","meta":[],"marques":[7545],"bundle_layout":"","bundled_by":[],"bundled_items":[],"supplier_id":null,"supplier_sku":"","atum_controlled":true,"out_stock_date":null,"out_stock_threshold":null,"inheritable":false,"inbound_stock":null,"stock_on_hold":null,"sold_today":null,"sales_last_days":null,"reserved_stock":null,"customer_returns":null,"warehouse_damage":null,"lost_in_post":null,"other_logs":null,"out_stock_days":null,"lost_sales":null,"has_location":null,"update_date":null,"atum_locations":[],"atum_stock_status":"instock","low_stock":false,"mi_inventories":[],"multi_inventory":null,"inventory_sorting_mode":null,"inventory_iteration":null,"expirable_inventories":null,"price_per_inventory":null,"_links":{"self":[{"href":"https:\/\/lesaintlaurentvape.com\/en\/wp-json\/wp\/v2\/product\/101177\/"}],"collection":[{"href":"https:\/\/lesaintlaurentvape.com\/en\/wp-json\/wp\/v2\/product\/"}],"about":[{"href":"https:\/\/lesaintlaurentvape.com\/en\/wp-json\/wp\/v2\/types\/product\/"}],"replies":[{"embeddable":true,"href":"https:\/\/lesaintlaurentvape.com\/en\/wp-json\/wp\/v2\/comments\/?post=101177"}],"wp:featuredmedia":[{"embeddable":true,"href":"https:\/\/lesaintlaurentvape.com\/en\/wp-json\/wp\/v2\/media\/72652\/"}],"wp:attachment":[{"href":"https:\/\/lesaintlaurentvape.com\/en\/wp-json\/wp\/v2\/media\/?parent=101177"}],"wp:term":[{"taxonomy":"marques","embeddable":true,"href":"https:\/\/lesaintlaurentvape.com\/en\/wp-json\/wp\/v2\/marques\/?post=101177"}],"curies":[{"name":"wp","href":"https:\/\/api.w.org\/{rel}","templated":true}]}}