{"id":101176,"date":"2018-11-16T09:47:20","date_gmt":"2018-11-16T08:47:20","guid":{"rendered":"https:\/\/lesaintlaurentvape.com\/produit\/skrr-tank\/"},"modified":"2020-10-31T20:36:24","modified_gmt":"2020-10-31T19:36:24","slug":"skrr-tank","status":"publish","type":"product","link":"https:\/\/lesaintlaurentvape.com\/en\/produit\/skrr-tank\/","title":{"rendered":"Vaporesso SKRR Tank 8ml"},"content":{"rendered":"<p><span style=\"color: #ffffff;\">SKRR Tank 8ml puis SKRR Tank 8ml\u00a0<\/span><\/p>\n<h2 style=\"text-align: center;\">DESCRIPTION D\u00c9TAILL\u00c9E:<\/h2>\n<p><img loading=\"lazy\" class=\"aligncenter size-full wp-image-4220\" src=\"https:\/\/dscvape.fr\/wp-content\/uploads\/2018\/11\/Detail-clearomiseur-SKRR.png\" alt=\"\" width=\"745\" height=\"453\" \/><\/p>\n<p style=\"text-align: center;\"><strong><u>SKRR Tank et ses r\u00e9sistances QF<\/u><\/strong><\/p>\n<p style=\"text-align: center;\">Ces nouvelles r\u00e9sistances QF pr\u00e9sent\u00e9es dans ce kit sont en forme de balle de pistolet. Cette forme permettra \u00e0 la r\u00e9sistance d\u2019emp\u00eacher les remont\u00e9s de liquide vers le drip tip et les fuites. Sa structure lui permet \u00e9galement de filtrer l\u2019air afin d\u2019obtenir des saveurs plus riches et chaudes en bouche. Cette optimalisation des flux d\u2019air va permettre de cr\u00e9er des nuages de fum\u00e9e plus dense mais surtout plus riche en saveur.<\/p>\n<p style=\"text-align: center;\">Les r\u00e9sistances utilisent du coton mais aussi du lin cultiv\u00e9 pour une absorption du liquide plus rapide et \u00e9tant une fibre naturelle, elle permet de garantir une dur\u00e9e de vie plus longue \u00e0 la r\u00e9sistance.<\/p>\n<p><img loading=\"lazy\" class=\"aligncenter size-full wp-image-3127\" src=\"https:\/\/dscvape.fr\/wp-content\/uploads\/2018\/11\/R\u00e9sistance.png\" alt=\"\" width=\"1282\" height=\"640\" \/><\/p>\n<p style=\"text-align: center;\"><strong><u>Une protection enfant renforc\u00e9<\/u><\/strong><\/p>\n<p style=\"text-align: center;\">Le tank poss\u00e8de une s\u00e9curit\u00e9 enfant avec le drip tip qui emp\u00eache l\u2019ouverture de top cap et d\u2019avoir acc\u00e8s au r\u00e9servoir. En effet, il faut retirer dans un premier temps le drip tip puis faire coulisser le top cap afin de pouvoir remplir son clearomiseur.<img loading=\"lazy\" class=\"aligncenter size-full wp-image-3126\" src=\"https:\/\/dscvape.fr\/wp-content\/uploads\/2018\/11\/Remplissage-1.png\" alt=\"\" width=\"840\" height=\"474\" \/><\/p>\n<p class=\"p1\"><span class=\"s1\" style=\"color: #ffffff;\"><a style=\"color: #ffffff;\" href=\"https:\/\/dscvape.fr\/product-brands\/vaporesso\/\">Voir tous les produits Vaporesso sur le site<\/a><\/span><\/p>\n<p class=\"p1\"><span class=\"s1\" style=\"color: #ffffff;\"><a style=\"color: #ffffff;\" href=\"https:\/\/www.vaporesso.com\/\">Voir le site du fournisseur<\/a><\/span><\/p>\n","protected":false},"excerpt":{"rendered":"<p>Le clearomiseur SKRR est une nouveaut\u00e9 du c\u00f4t\u00e9 des tanks de chez Vaporesso. Ce nouveau tank adopte un airflow en 4 ouvertures qui va permettre d\u2019obtenir un meilleur rendu en bouche au niveau des saveurs mais aussi au niveau de la qualit\u00e9 de vapeur qui en ressort. Vous allez \u00eatre surpris de d\u00e9couvrir que ce tank a \u00e9t\u00e9 con\u00e7u pour \u00e9viter toute remonte\u00e9 de liquide par drip tip mais emp\u00eache \u00e9galement les fuites au niveau de l\u2019airflow. Tout cela est possible notamment gr\u00e2ce \u00e0 une modification de la structure du bottom cap qui permet une vape toujours plus agr\u00e9able au quotidien.<\/p>\n","protected":false},"featured_media":72633,"comment_status":"closed","ping_status":"closed","template":"","meta":[],"marques":[7545],"bundle_layout":"","bundled_by":[],"bundled_items":[],"supplier_id":null,"supplier_sku":"","atum_controlled":true,"out_stock_date":null,"out_stock_threshold":null,"inheritable":false,"inbound_stock":null,"stock_on_hold":null,"sold_today":null,"sales_last_days":null,"reserved_stock":null,"customer_returns":null,"warehouse_damage":null,"lost_in_post":null,"other_logs":null,"out_stock_days":null,"lost_sales":null,"has_location":null,"update_date":null,"atum_locations":[],"atum_stock_status":"instock","low_stock":false,"mi_inventories":[],"multi_inventory":null,"inventory_sorting_mode":null,"inventory_iteration":null,"expirable_inventories":null,"price_per_inventory":null,"_links":{"self":[{"href":"https:\/\/lesaintlaurentvape.com\/en\/wp-json\/wp\/v2\/product\/101176\/"}],"collection":[{"href":"https:\/\/lesaintlaurentvape.com\/en\/wp-json\/wp\/v2\/product\/"}],"about":[{"href":"https:\/\/lesaintlaurentvape.com\/en\/wp-json\/wp\/v2\/types\/product\/"}],"replies":[{"embeddable":true,"href":"https:\/\/lesaintlaurentvape.com\/en\/wp-json\/wp\/v2\/comments\/?post=101176"}],"wp:featuredmedia":[{"embeddable":true,"href":"https:\/\/lesaintlaurentvape.com\/en\/wp-json\/wp\/v2\/media\/72633\/"}],"wp:attachment":[{"href":"https:\/\/lesaintlaurentvape.com\/en\/wp-json\/wp\/v2\/media\/?parent=101176"}],"wp:term":[{"taxonomy":"marques","embeddable":true,"href":"https:\/\/lesaintlaurentvape.com\/en\/wp-json\/wp\/v2\/marques\/?post=101176"}],"curies":[{"name":"wp","href":"https:\/\/api.w.org\/{rel}","templated":true}]}}