{"id":101175,"date":"2019-02-18T13:44:22","date_gmt":"2019-02-18T12:44:22","guid":{"rendered":"https:\/\/lesaintlaurentvape.com\/produit\/luxe\/"},"modified":"2020-10-31T21:21:30","modified_gmt":"2020-10-31T20:21:30","slug":"luxe","status":"publish","type":"product","link":"https:\/\/lesaintlaurentvape.com\/en\/produit\/luxe\/","title":{"rendered":"Vaporesso &#8211; Luxe avec SKRR Tank (8ml)"},"content":{"rendered":"<p><span style=\"color: #ffffff;\">Vaporesso Luxe avec SKRR Tank<\/span><\/p>\n<h2 style=\"text-align: center;\"><b>DESCRIPTION D\u00c9TAILL\u00c9E:<\/b><\/h2>\n<p style=\"text-align: center;\"><img loading=\"lazy\" class=\"aligncenter size-full wp-image-4219\" src=\"https:\/\/dscvape.fr\/wp-content\/uploads\/2018\/11\/Detail-luxe-kit.png\" alt=\"\" width=\"745\" height=\"769\" \/><\/p>\n<p style=\"text-align: center;\"><strong><u>Technologie Insta-Fire<\/u><\/strong><\/p>\n<p style=\"text-align: center;\">Ce syst\u00e8me de chauffe rapide et s\u00e9curis\u00e9 vous permettra d\u2019obtenir des nuages de fum\u00e9e \u00e9pais et des saveurs in\u00e9galables tout \u00e7a en 0,001s et cela d\u00e8s la premi\u00e8re bouff\u00e9e.<\/p>\n<p>&nbsp;<\/p>\n<p style=\"text-align: center;\"><strong><u>Magnifique \u00e9cran 2 pouces<\/u><\/strong><\/p>\n<p style=\"text-align: center;\">La box Luxe est compos\u00e9 d&#8217;un bel \u00e9cran. Cet \u00e9cran couvre la surface totale de la box avec des bords incurv\u00e9s, une belle finition et \u00e0 la pointe de la technologie. Le tout reste tr\u00e8s agr\u00e9able en mains pour une vape puissante qui reste cependant confortable. De plus, l&#8217;\u00e9cran tactile \u00e9met des vibrations lors de l&#8217;utilisation.<\/p>\n<p><img loading=\"lazy\" class=\"aligncenter size-full wp-image-3566\" src=\"https:\/\/dscvape.fr\/wp-content\/uploads\/2018\/11\/Explication-\u00e9cran-D\u00e9tail.png\" alt=\"\" width=\"1238\" height=\"755\" \/><\/p>\n<p style=\"text-align: center;\"><strong><u>OMINI Board 4.0<\/u><\/strong><\/p>\n<p style=\"text-align: center;\">La vape en passthrough (vaper pendant le chargement) est possible avec cette box gr\u00e2ce \u00e0 son firmware OMINI board 4.0. En effet, cette version 4.0 le syst\u00e8me de chargement s\u2019arr\u00eate lorsque le vapoteur tire sur la machine puis reprend automatiquement apr\u00e8s. Bien s\u00fbr, cette version permet toujours de vous prot\u00e9ger face \u00e0 la surcharge, la surtension, les courts circuits, les circuits ESD, les r\u00e9sistances low etc.<br \/>\nVous aurez \u00e9galement la capacit\u00e9 de charger la box \u00e0 2,5A, un atout de taille pour r\u00e9duire le temps de chargement de 4-5h (1A) \u00e0 1,5h (2,5A)\u00a0!<\/p>\n<p style=\"text-align: center;\"><strong><u>SKRR Tank et ses r\u00e9sistances QF<\/u><\/strong><\/p>\n<p style=\"text-align: center;\">Ces nouvelles r\u00e9sistances QF pr\u00e9sent\u00e9es dans ce kit sont en forme de balle de pistolet. Cette forme permettra \u00e0 la r\u00e9sistance d\u2019emp\u00eacher les remont\u00e9es de liquide vers le drip tip et les fuites. La structure lui permet \u00e9galement de filtrer l\u2019air afin d\u2019obtenir des saveurs plus riches et chaudes en bouche. Cette optimalisation des flux d\u2019air va permettre de cr\u00e9er des nuages de fum\u00e9e plus denses mais surtout plus riches en saveur.<\/p>\n<p><img loading=\"lazy\" class=\"aligncenter size-full wp-image-3127\" src=\"https:\/\/dscvape.fr\/wp-content\/uploads\/2018\/11\/R\u00e9sistance.png\" alt=\"\" width=\"1282\" height=\"640\" \/><\/p>\n<p style=\"text-align: center;\">Les r\u00e9sistances utilisent du coton mais aussi du lin cultiv\u00e9 pour une absorption du liquide plus rapide. \u00c9tant une fibre naturelle, elle permet de garantir une dur\u00e9e de vie plus longue \u00e0 la r\u00e9sistance.<\/p>\n<p><a href=\"https:\/\/dscvape.fr\/wp-content\/uploads\/2018\/11\/Changer-ses-r\u00e9sistances-SKRR.jpg\"><img loading=\"lazy\" class=\"aligncenter size-full wp-image-7574\" src=\"https:\/\/dscvape.fr\/wp-content\/uploads\/2018\/11\/Changer-ses-r\u00e9sistances-SKRR.jpg\" alt=\"\" width=\"4448\" height=\"856\" \/><\/a><\/p>\n<p style=\"text-align: center;\"><strong><u>Une protection enfant renforc\u00e9e<\/u><\/strong><\/p>\n<p style=\"text-align: center;\">Le tank poss\u00e8de une s\u00e9curit\u00e9 enfant. Le drip tip qui emp\u00eache l\u2019ouverture du top cap et d\u2019avoir acc\u00e8s au r\u00e9servoir. En effet, il faut retirer dans un premier temps le drip tip puis faire coulisser le top cap afin de pouvoir remplir son clearomiseur.<\/p>\n<p><img loading=\"lazy\" class=\"aligncenter size-full wp-image-3126\" src=\"https:\/\/dscvape.fr\/wp-content\/uploads\/2018\/11\/Remplissage-1.png\" alt=\"\" width=\"840\" height=\"474\" \/><\/p>\n","protected":false},"excerpt":{"rendered":"<p><strong>Vaporesso<\/strong> revient en force avec un kit associant la box <strong>Luxe<\/strong> avec le clearomiseur SKRR. Ce petit bijou de la technologie va vous plaire gr\u00e2ce son bel<strong> \u00e9cran 2 pouces<\/strong> install\u00e9 sur une box \u00e0 double accus (18650 non inclus), disposant \u00e9galement de<strong> boutons tactile avec vibration<\/strong>, ce clearomiseur procure une tr\u00e8s bonne restitution des saveurs.\u00a0 Dans cette box on retrouve une <strong>activation instantan\u00e9e<\/strong> du syst\u00e8me de vape, la technologie <strong>Insta-Fire<\/strong>\u00a0! Un d\u00e9clenchement de la r\u00e9sistance en 0.001 secondes !!\u00a0 Associ\u00e9 \u00e0 cette box, on retrouve le clearomiseur SKRR de la marque. Ce clearomiseur est con\u00e7u pour la vape en sub-ohm avec des r\u00e9sistances en 0,18 ohm, ce qui peut faire de gros nuages.\u00a0Ce clearomiseur a \u00e9t\u00e9 con\u00e7u pour minimiser au maximum les remont\u00e9es de liquide ainsi que les fuites. Un appareil tr\u00e8s <strong>high tech<\/strong> qui combine \u00e9l\u00e9gance et performance.<\/p>\n<p>Pour une meilleure utilisation et une fum\u00e9e encore plus dense, utilisez des liquides en<strong> VG+<\/strong>.<\/p>\n<p>PVC TTC : 86.90\u20ac<\/p>\n<p><a href=\"https:\/\/dscvape.fr\/wp-content\/uploads\/2019\/02\/Vaporesso-Luxe-avec-SKRR-Tank.pdf\">Vaporesso Luxe avec SKRR Tank<\/a><\/p>\n","protected":false},"featured_media":75893,"comment_status":"closed","ping_status":"closed","template":"","meta":[],"marques":[7545],"bundle_layout":"","bundled_by":[],"bundled_items":[],"supplier_id":null,"supplier_sku":"","atum_controlled":true,"out_stock_date":null,"out_stock_threshold":null,"inheritable":false,"inbound_stock":null,"stock_on_hold":null,"sold_today":null,"sales_last_days":null,"reserved_stock":null,"customer_returns":null,"warehouse_damage":null,"lost_in_post":null,"other_logs":null,"out_stock_days":null,"lost_sales":null,"has_location":null,"update_date":null,"atum_locations":[],"atum_stock_status":"instock","low_stock":false,"mi_inventories":[],"multi_inventory":null,"inventory_sorting_mode":null,"inventory_iteration":null,"expirable_inventories":null,"price_per_inventory":null,"_links":{"self":[{"href":"https:\/\/lesaintlaurentvape.com\/en\/wp-json\/wp\/v2\/product\/101175\/"}],"collection":[{"href":"https:\/\/lesaintlaurentvape.com\/en\/wp-json\/wp\/v2\/product\/"}],"about":[{"href":"https:\/\/lesaintlaurentvape.com\/en\/wp-json\/wp\/v2\/types\/product\/"}],"replies":[{"embeddable":true,"href":"https:\/\/lesaintlaurentvape.com\/en\/wp-json\/wp\/v2\/comments\/?post=101175"}],"wp:featuredmedia":[{"embeddable":true,"href":"https:\/\/lesaintlaurentvape.com\/en\/wp-json\/wp\/v2\/media\/75893\/"}],"wp:attachment":[{"href":"https:\/\/lesaintlaurentvape.com\/en\/wp-json\/wp\/v2\/media\/?parent=101175"}],"wp:term":[{"taxonomy":"marques","embeddable":true,"href":"https:\/\/lesaintlaurentvape.com\/en\/wp-json\/wp\/v2\/marques\/?post=101175"}],"curies":[{"name":"wp","href":"https:\/\/api.w.org\/{rel}","templated":true}]}}