{"id":101174,"date":"2018-11-14T11:44:46","date_gmt":"2018-11-14T10:44:46","guid":{"rendered":"https:\/\/lesaintlaurentvape.com\/produit\/target-mini-starter-kit\/"},"modified":"2020-10-31T20:41:22","modified_gmt":"2020-10-31T19:41:22","slug":"target-mini-starter-kit","status":"publish","type":"product","link":"https:\/\/lesaintlaurentvape.com\/en\/produit\/target-mini-starter-kit\/","title":{"rendered":"Vaporesso Target Mini Starter Kit"},"content":{"rendered":"<p><span style=\"color: #ffffff;\">Vaporesso Target Mini Starter Kit Vaporesso Target Mini Starter Kit<\/span><\/p>\n<h2 style=\"text-align: center;\"><b>DESCRIPTION D\u00c9TAILL\u00c9E:<\/b><\/h2>\n<p><img loading=\"lazy\" class=\"aligncenter size-full wp-image-4218\" src=\"https:\/\/dscvape.fr\/wp-content\/uploads\/2018\/11\/Target-Mini-d\u00e9tail-vaporesso.png\" alt=\"\" width=\"2921\" height=\"3009\" \/><\/p>\n<p style=\"text-align: center;\"><strong><u>Un clearomiseur bien pens\u00e9<\/u><\/strong><\/p>\n<p style=\"text-align: center;\">Le Guardian tank se pr\u00e9sente comme un tank assez classique au premier abord mais on remarque que l\u2019airflow a \u00e9t\u00e9 d\u00e9lib\u00e9r\u00e9ment install\u00e9 sur le haut du tank afin d\u2019\u00e9viter les fuites de e-liquide. En plus de cela, nous avons une double s\u00e9curit\u00e9 enfant qui vient renforcer ce syst\u00e8me et va permettre d\u2019emp\u00eacher vos enfants de jouer avec ou encore d\u2019\u00e9viter toute ouverture accidentelle dans le sac. Ce m\u00e9canisme fonctionne donc en deux temps, tout d\u2019abord il faut deviser la premi\u00e8re partie du top cap dans le sens de l\u2019aiguille d\u2019une montre puis deviser la seconde partie dans le sens contraire pour d\u00e9couvrir la zone de remplissage.<\/p>\n<p><img loading=\"lazy\" class=\"aligncenter wp-image-3958\" src=\"https:\/\/dscvape.fr\/wp-content\/uploads\/2018\/11\/guardian-tank-ouverture.png\" alt=\"\" width=\"463\" height=\"463\" \/><\/p>\n<p>&nbsp;<\/p>\n<p style=\"text-align: center;\"><strong><u>Les r\u00e9sistances GD CCELL<\/u><\/strong><\/p>\n<p style=\"text-align: center;\">Ce kit nous laisse d\u00e9couvrir les r\u00e9sistances GD CCELL, des r\u00e9sistances en c\u00e9ramique n\u00e9es de la technologie CCELL de chez Vaporesso qui promettent une meilleure retranscription des saveurs, emp\u00eacher les dry-hits ainsi que d\u2019augmenter leur dur\u00e9e de vie.<br \/>\nPour changer de r\u00e9sistance, rien de plus simple, il suffit de tirer dessus pour pouvoir la retirer. Il suffira de l\u2019enfoncer pour installer une nouvelle.<\/p>\n<p><img loading=\"lazy\" class=\"aligncenter size-full wp-image-3097\" src=\"https:\/\/dscvape.fr\/wp-content\/uploads\/2018\/11\/gd-ccell.png\" alt=\"\" width=\"398\" height=\"257\" \/><\/p>\n<p style=\"text-align: center;\"><strong><u>Une box miniature<\/u><\/strong><\/p>\n<p style=\"text-align: center;\">La box Target mini est tr\u00e8s petite comme son nom l&#8217;indique et est facile \u00e0 porter. Elle saura plaire non seulement pour sa l\u00e9g\u00e8ret\u00e9, son design moderne mais surtout pour sa capacit\u00e9 de 1400 mAh, une bonne autonomie pour sa petite taille. Vous allez pouvoir vaper jusqu\u2019\u00e0 40W avec cette box de qualit\u00e9.<\/p>\n<p>&nbsp;<\/p>\n","protected":false},"excerpt":{"rendered":"<p><em>D\u00e9couvrez le kit <strong>Target Mini<\/strong> de la marque<strong> Vaporesso !<\/strong><\/em><\/p>\n<p>C&#8217;est une version mini de la Target pro. Le kit est compos\u00e9 du Guardian Tank alli\u00e9 avec la box Target mini d\u2019une<strong> capacit\u00e9 de 40W<\/strong>. Son petit format facilement transportable et son design vont vous charmer. Vaporesso innove avec un<strong> airflow situ\u00e9 sur le haut<\/strong> du clearomiseur Guardian pour emp\u00eacher les fuites et poss\u00e8de une <strong>s\u00e9curit\u00e9 enfant renforc\u00e9e<\/strong> avec un<strong> double m\u00e9canisme de fermeture<\/strong> ce qui est tr\u00e8s pratique pour le quotidien.\u00a0Avec cela, le tank s\u2019utilise avec des<strong> r\u00e9sistances GD CCELL<\/strong> qui se clipse en c\u00e9ramique permettant une meilleure reproduction des saveurs, emp\u00eachant les dry-hits et augmenter la vie de ses r\u00e9sistances pour une vape toujours plus confortable.<br \/>\nLa box quant \u00e0 elle poss\u00e8de une <strong>batterie int\u00e9gr\u00e9e de 1400 mAh<\/strong>. Elle poss\u00e8de \u00e9galement diff\u00e9rents types de vape tel que VW\/TC (Ni, SS, Ti) TCR.<\/p>\n<p><a href=\"https:\/\/dscvape.fr\/wp-content\/uploads\/2018\/11\/Vaporesso-Target-Mini-Starter-Kit-1.pdf\">Aide \u00e0 la vente &#8211; Vaporesso Target Mini Starter Kit<\/a><\/p>\n","protected":false},"featured_media":72615,"comment_status":"closed","ping_status":"closed","template":"","meta":[],"marques":[7545],"bundle_layout":"","bundled_by":[],"bundled_items":[],"supplier_id":null,"supplier_sku":"","atum_controlled":true,"out_stock_date":null,"out_stock_threshold":null,"inheritable":false,"inbound_stock":null,"stock_on_hold":null,"sold_today":null,"sales_last_days":null,"reserved_stock":null,"customer_returns":null,"warehouse_damage":null,"lost_in_post":null,"other_logs":null,"out_stock_days":null,"lost_sales":null,"has_location":null,"update_date":null,"atum_locations":[],"atum_stock_status":"instock","low_stock":false,"mi_inventories":[],"multi_inventory":null,"inventory_sorting_mode":null,"inventory_iteration":null,"expirable_inventories":null,"price_per_inventory":null,"_links":{"self":[{"href":"https:\/\/lesaintlaurentvape.com\/en\/wp-json\/wp\/v2\/product\/101174\/"}],"collection":[{"href":"https:\/\/lesaintlaurentvape.com\/en\/wp-json\/wp\/v2\/product\/"}],"about":[{"href":"https:\/\/lesaintlaurentvape.com\/en\/wp-json\/wp\/v2\/types\/product\/"}],"replies":[{"embeddable":true,"href":"https:\/\/lesaintlaurentvape.com\/en\/wp-json\/wp\/v2\/comments\/?post=101174"}],"wp:featuredmedia":[{"embeddable":true,"href":"https:\/\/lesaintlaurentvape.com\/en\/wp-json\/wp\/v2\/media\/72615\/"}],"wp:attachment":[{"href":"https:\/\/lesaintlaurentvape.com\/en\/wp-json\/wp\/v2\/media\/?parent=101174"}],"wp:term":[{"taxonomy":"marques","embeddable":true,"href":"https:\/\/lesaintlaurentvape.com\/en\/wp-json\/wp\/v2\/marques\/?post=101174"}],"curies":[{"name":"wp","href":"https:\/\/api.w.org\/{rel}","templated":true}]}}