{"id":101173,"date":"2018-11-16T12:10:10","date_gmt":"2018-11-16T11:10:10","guid":{"rendered":"https:\/\/lesaintlaurentvape.com\/produit\/vaporesso-renova-zero-kit\/"},"modified":"2020-10-31T20:35:21","modified_gmt":"2020-10-31T19:35:21","slug":"vaporesso-renova-zero-kit","status":"publish","type":"product","link":"https:\/\/lesaintlaurentvape.com\/en\/produit\/vaporesso-renova-zero-kit\/","title":{"rendered":"Vaporesso &#8211; RENOVA Zero Kit"},"content":{"rendered":"<p><span style=\"color: #ffffff;\">Vaporesso RENOVA Zero Kit<\/span><\/p>\n<h2 style=\"text-align: center;\"><b>DESCRIPTION D\u00c9TAILL\u00c9E\u00a0:<\/b><\/h2>\n<p><a href=\"https:\/\/dscvape.fr\/wp-content\/uploads\/2018\/11\/Zero-renova-d\u00e9tail.png\"><img loading=\"lazy\" class=\"aligncenter size-full wp-image-7524\" src=\"https:\/\/dscvape.fr\/wp-content\/uploads\/2018\/11\/Zero-renova-d\u00e9tail.png\" alt=\"\" width=\"1003\" height=\"701\" \/><\/a><\/p>\n<p style=\"text-align: center;\"><strong><u>Remplissage simple\u00a0: Syst\u00e8me PTF<\/u><\/strong><\/p>\n<p style=\"text-align: center;\">Vaporesso nous pr\u00e9sente son pod ZERO dot\u00e9 d\u2019un syst\u00e8me PTF (Press to fill) qui permet un remplissage propre et s\u00e9curis\u00e9. Avec votre fiole \u00e0 e-liquide, il vous suffira d\u2019enfoncer l\u2019embout dans la zone d\u00e9di\u00e9e au remplissage. La pression permettra d\u2019ouvrir une trappe reli\u00e9e au r\u00e9servoir. Celle-ci se refermera automatiquement une fois l\u2019embout retir\u00e9.<\/p>\n<p><img loading=\"lazy\" class=\"wp-image-3569 alignnone\" src=\"https:\/\/dscvape.fr\/wp-content\/uploads\/2018\/11\/Remplissage-Zero-entier.png\" alt=\"\" width=\"255\" height=\"359\" \/>\u00a0<img loading=\"lazy\" class=\"wp-image-3570 alignnone\" src=\"https:\/\/dscvape.fr\/wp-content\/uploads\/2018\/11\/Remplissage-zero-int\u00e9rieur.png\" alt=\"\" width=\"365\" height=\"291\" \/><\/p>\n<p style=\"text-align: center;\">Ce syst\u00e8me garantie une vape sans fuite et est muni d\u2019une s\u00e9curit\u00e9 enfant.<\/p>\n<p>&nbsp;<\/p>\n<p>&nbsp;<\/p>\n<p style=\"text-align: center;\"><strong><u>R\u00e9sistance CCELL\u00a0:<\/u><\/strong><\/p>\n<p style=\"text-align: center;\">Vaporesso propose dans son pod des r\u00e9sistances CCELL int\u00e9gr\u00e9es en 1,0 ohm qui garantie une vape au tirage serr\u00e9 en inhalation indirecte et une excellente reproduction des saveurs pour toujours plus de satisfaction.<img loading=\"lazy\" class=\"aligncenter wp-image-3571\" src=\"https:\/\/dscvape.fr\/wp-content\/uploads\/2018\/11\/Coil-zero.png\" alt=\"\" width=\"596\" height=\"474\" \/><\/p>\n<p>&nbsp;<\/p>\n<p style=\"text-align: center;\"><strong><u>Firmware: OMNI Board Mini<\/u><\/strong><\/p>\n<p style=\"text-align: center;\">La marque, connue pour ses innovations constantes, int\u00e8gre dans ce kit l&#8217;OMNI Board mini, une firmware qui garantie une bonne performance mais surtout une s\u00e9curit\u00e9. Ce kit est dot\u00e9 notamment d\u2019une chauffe rapide et d\u2019un PCBA (circuit imprim\u00e9) waterproof. Il est \u00e9galement s\u00e9curis\u00e9 contre les courts-circuits, la surtension et poss\u00e8de une protection ESD (d\u00e9charge \u00e9lectrostatique).<\/p>\n<p style=\"text-align: center;\"><strong><u>Chargement rapide<\/u><\/strong><\/p>\n<p style=\"text-align: center;\">Pourvu d\u2019un chargement rapide, il ne vous suffira que de 45 minutes pour recharger enti\u00e8rement la batterie de votre ZERO.<\/p>\n<p style=\"text-align: center;\"><strong><u>Un unique bouton<\/u><\/strong><\/p>\n<p style=\"text-align: center;\">Le kit ZERO n\u2019est dot\u00e9 que d\u2019un seul bouton. Celui-ci permet d\u2019allumer\/\u00e9teindre la machine, mais aussi de switcher entre les diff\u00e9rents puissances de vape\u00a0:<\/p>\n<p><img loading=\"lazy\" class=\"aligncenter size-full wp-image-3572\" src=\"https:\/\/dscvape.fr\/wp-content\/uploads\/2018\/11\/Bouton-ZERO-explication-png.png\" alt=\"\" width=\"921\" height=\"633\" \/><\/p>\n<p style=\"text-align: center;\"><strong><u>Des pods \u00e9cologiques<\/u><\/strong><\/p>\n<p style=\"text-align: center;\">Les pods ZERO sont certifi\u00e9s d&#8217;un grade m\u00e9dical et bon pour l\u2019environnement. Le pod est compos\u00e9 en grande partie de PCTG (d\u00e9velopp\u00e9 par Eastman), un mat\u00e9riel durable et facilement recyclable, souvent utilis\u00e9 dans les orth\u00e8ses m\u00e9dicales. Garantie sans BPA (Bisph\u00e9nol A), il n\u2019affecte en rien la qualit\u00e9 des saveurs et sa robustesse.<\/p>\n<p><span style=\"color: #ffffff;\">Aussi. Et donc. Cependant. Mais. \u00c9galement.\u00a0<\/span><\/p>\n","protected":false},"excerpt":{"rendered":"<p><strong>Nouveaut\u00e9 du cot\u00e9 des kits \u00e0 capsule !<\/strong><\/p>\n<p>Notre kit <strong>Zero<\/strong>, pr\u00e9sent\u00e9 par <strong>Vaporesso<\/strong> sous sa firme <strong>RENOVA<\/strong>. Ce kit a une technologie <strong>innovante<\/strong> qui active l\u2019appareil lors de l\u2019inspiration ainsi le bouton fire est absent. <strong>Design original<\/strong>, pratique et efficace Renova est le produit qu&#8217;il vous faut. Dot\u00e9 de <strong>capsules rechargeables<\/strong> avec l\u2019e-liquide de votre choix et parfait \u00e0 utiliser avec des liquides en sel de nicotine, ce kit permettra aux r\u00e9ticents de d\u00e9couvrir un petit appareil qui saura faire la diff\u00e9rence. Simple \u00e0 remplir, il vous suffira de faire pression sur l\u2019embout d\u00e9di\u00e9 au remplissage pour y mettre votre e-liquide. Les capsules sont aussi int\u00e9gr\u00e9es d&#8217;aimants permettant un accrochage simple et efficace avec la batterie. Ce produit vous satisfera \u00e0 200%.<\/p>\n<p>PVC TTC : 29.90\u20ac<\/p>\n<p><a href=\"https:\/\/dscvape.fr\/wp-content\/uploads\/2018\/11\/Vaporesso-RENOVA-Zero-Kit.pdf\">Aide \u00e0 la vente &#8211; Vaporesso RENOVA Zero Kit<\/a><\/p>\n","protected":false},"featured_media":72594,"comment_status":"closed","ping_status":"closed","template":"","meta":[],"marques":[7545],"bundle_layout":"","bundled_by":[],"bundled_items":[],"supplier_id":null,"supplier_sku":"","atum_controlled":true,"out_stock_date":null,"out_stock_threshold":null,"inheritable":false,"inbound_stock":null,"stock_on_hold":null,"sold_today":null,"sales_last_days":null,"reserved_stock":null,"customer_returns":null,"warehouse_damage":null,"lost_in_post":null,"other_logs":null,"out_stock_days":null,"lost_sales":null,"has_location":null,"update_date":null,"atum_locations":[],"atum_stock_status":"instock","low_stock":false,"mi_inventories":[],"multi_inventory":null,"inventory_sorting_mode":null,"inventory_iteration":null,"expirable_inventories":null,"price_per_inventory":null,"_links":{"self":[{"href":"https:\/\/lesaintlaurentvape.com\/en\/wp-json\/wp\/v2\/product\/101173\/"}],"collection":[{"href":"https:\/\/lesaintlaurentvape.com\/en\/wp-json\/wp\/v2\/product\/"}],"about":[{"href":"https:\/\/lesaintlaurentvape.com\/en\/wp-json\/wp\/v2\/types\/product\/"}],"replies":[{"embeddable":true,"href":"https:\/\/lesaintlaurentvape.com\/en\/wp-json\/wp\/v2\/comments\/?post=101173"}],"wp:featuredmedia":[{"embeddable":true,"href":"https:\/\/lesaintlaurentvape.com\/en\/wp-json\/wp\/v2\/media\/72594\/"}],"wp:attachment":[{"href":"https:\/\/lesaintlaurentvape.com\/en\/wp-json\/wp\/v2\/media\/?parent=101173"}],"wp:term":[{"taxonomy":"marques","embeddable":true,"href":"https:\/\/lesaintlaurentvape.com\/en\/wp-json\/wp\/v2\/marques\/?post=101173"}],"curies":[{"name":"wp","href":"https:\/\/api.w.org\/{rel}","templated":true}]}}