{"id":101170,"date":"2018-11-13T15:44:17","date_gmt":"2018-11-13T14:44:17","guid":{"rendered":"https:\/\/lesaintlaurentvape.com\/produit\/joyetech-ego-aio-kit\/"},"modified":"2020-10-31T20:46:00","modified_gmt":"2020-10-31T19:46:00","slug":"joyetech-ego-aio-kit","status":"publish","type":"product","link":"https:\/\/lesaintlaurentvape.com\/en\/produit\/joyetech-ego-aio-kit\/","title":{"rendered":"Joyetech &#8211; Ego Aio Kit"},"content":{"rendered":"<p><span style=\"color: #ffffff;\">Joyetech Ego Aio Kit<\/span><\/p>\n<h2 style=\"text-align: center;\"><b>DESCRIPTION D\u00c9TAILL\u00c9E\u00a0:<\/b><\/h2>\n<p><img loading=\"lazy\" class=\"aligncenter size-full wp-image-4217\" src=\"https:\/\/dscvape.fr\/wp-content\/uploads\/2018\/11\/Ego-aio-d\u00e9tail-joyetech.png\" alt=\"\" width=\"807\" height=\"718\" \/><\/p>\n<p style=\"text-align: center;\"><strong><u>Petit mais costaud<\/u><\/strong><\/p>\n<p style=\"text-align: center;\">Malgr\u00e9 sa petite taille, l\u2019EGO AIO poss\u00e8de plus d\u2019un atout. En effet, bien que ce kit soit plut\u00f4t conseill\u00e9 aux primo-vapoteurs pour son inhalation indirecte, ce kit peut tr\u00e8s bien \u00eatre utilis\u00e9 pour une inhalation directe notamment avec les r\u00e9sistances en 0,6 ohm. Son agencement avec son r\u00e9servoir directement int\u00e9gr\u00e9 \u00e0 la batterie permet d\u2019avoir un produit sans fuite et simple \u00e0 utiliser. Sa batterie d\u2019une capacit\u00e9 de 1500 mAh est \u00e9galement un gros avantage pour une vape mod\u00e9r\u00e9e au quotidien.<\/p>\n<p style=\"text-align: center;\"><strong><u>Une s\u00e9curit\u00e9 renforc\u00e9e<\/u><\/strong><\/p>\n<h2 style=\"text-align: center;\"><b><img loading=\"lazy\" class=\"aligncenter size-full wp-image-3548\" src=\"https:\/\/dscvape.fr\/wp-content\/uploads\/2018\/11\/Ouverture.png\" alt=\"\" width=\"593\" height=\"617\" \/><\/b><\/h2>\n<p style=\"text-align: center;\">Joyetech n\u2019oublie pas la s\u00e9curit\u00e9 enfant avec un syst\u00e8me ing\u00e9nieux pour \u00e9viter les ouvertures accidentelles. Pour avoir acc\u00e8s \u00e0 votre r\u00e9servoir, il faudra enfoncer le top cap tout en d\u00e9vissant celui-ci. Pour le refermer, il suffira de le revisser sans enfoncer le top cap.<\/p>\n<p style=\"text-align: center;\">Le syst\u00e8me est \u00e9galement compos\u00e9\u00a0d\u2019une protection \u00e0 double circuits pour prot\u00e9ger la batterie face \u00e0 la surcharge, aux surtensions et aux d\u00e9charges anormales.<\/p>\n<p style=\"text-align: center;\"><strong><u>Un remplissage propre et simple<\/u><\/strong><\/p>\n<p><img loading=\"lazy\" class=\"aligncenter size-full wp-image-3549\" src=\"https:\/\/dscvape.fr\/wp-content\/uploads\/2018\/11\/Remplissage-3.png\" alt=\"\" width=\"709\" height=\"263\" \/><\/p>\n<p style=\"text-align: center;\">Apr\u00e8s avoir retir\u00e9 le top cap, remplissez le r\u00e9servoir directement au centre en faisant attention de ne d\u00e9passer le rep\u00e8re \u00ab MAX \u00bb (Pour les appareils \u00e0 deux couleurs, la limitation se trouve au niveau de la s\u00e9paration des couleurs) pour \u00e9viter le d\u00e9bordement une fois le tout r\u00e9install\u00e9.<\/p>\n<p style=\"text-align: center;\"><strong><u>Un airflow discret<\/u><\/strong><\/p>\n<p style=\"text-align: center;\">R\u00e9glez le flux d\u2019air en fonction de vos pr\u00e9f\u00e9rences pour d\u00e9terminer le type de vape qui vous conviendra. Tournez la bague d\u2019airflow install\u00e9e sur le top cap. Lorsque les deux points sont proches, l\u2019entr\u00e9e d\u2019air est au maximum et au contraire lorsqu\u2019il est \u00e0 90\u00b0C, l\u2019entr\u00e9e d\u2019air est au minimum.<\/p>\n<p><a href=\"https:\/\/dscvape.fr\/wp-content\/uploads\/2018\/11\/airflow-1.png\"><img loading=\"lazy\" class=\"aligncenter size-full wp-image-8365\" src=\"https:\/\/dscvape.fr\/wp-content\/uploads\/2018\/11\/airflow-1.png\" alt=\"\" width=\"759\" height=\"465\" \/><\/a><\/p>\n<p style=\"text-align: center;\"><strong><u>Personnaliser votre appareil<\/u><\/strong><\/p>\n<p style=\"text-align: center;\"><img loading=\"lazy\" class=\"aligncenter size-full wp-image-3544\" src=\"https:\/\/dscvape.fr\/wp-content\/uploads\/2018\/11\/eGo_AIO_08-led.gif\" alt=\"\" width=\"669\" height=\"830\" \/><\/p>\n<p style=\"text-align: center;\">Switchez entre les diff\u00e9rentes couleurs disponibles. Enfoncez de fa\u00e7on continue sur le bouton FIRE lorsque l\u2019appareil est \u00e9teint, vous allez pouvoir s\u00e9lectionner parmi 7 couleurs celle qui vous conviendra le mieux. Une fois d\u00e9cid\u00e9, allumez l\u2019appareil en cliquant 5 fois pour s\u00e9lectionner la couleur.<\/p>\n","protected":false},"excerpt":{"rendered":"<p>L&#8217;<strong>EGO AIO<\/strong> de <strong>Joyetech<\/strong> est une cigarette \u00e9lectronique <strong>deux en un<\/strong>, batterie et clearomatiseur ne font qu&#8217;un pour offrir une <strong>s\u00e9curit\u00e9 maximum<\/strong> tout en restant tr\u00e8s simple d&#8217;utilisation.<\/p>\n<p>En effet, sa forme <strong>AIO (All-in-one)<\/strong> fait de lui un appareil unique. Tout d\u2019abord, nous avons une<strong> r\u00e9sistance directement accroch\u00e9e sur le top cap<\/strong> ce qui aide beaucoup pour le remplissage et pour changer celle-ci. Ce kit est \u00e9galement dot\u00e9 d\u2019un<strong> airflow tr\u00e8s discret<\/strong> sur le haut de l\u2019appareil qui emp\u00eache les fuites. C\u00f4t\u00e9 design, le r\u00e9servoir est \u00e9clair\u00e9 par des <strong>LED<\/strong> avec de nombreux coloris, avec un enfoncement continu sur le bouton FIRE lorsque l\u2019appareil est \u00e9teint, vous allez pouvoir s\u00e9lectionner parmi<strong> 7 couleurs<\/strong> selon votre humeur et votre envie ! Son autonomie de longue dur\u00e9e vous permettra un vapotage durable et profitable.<\/p>\n<p>Le produit \u00e0 avoir dans sa poche est bel et bien celui ci, n&#8217;attendez plus ! Vapoter !<\/p>\n<p>&nbsp;<\/p>\n<p>PVC TTC : 29.90\u20ac<\/p>\n<p><a href=\"https:\/\/dscvape.fr\/wp-content\/uploads\/2018\/12\/Aide-\u00e0-la-vente-eGo-Aio.pdf\">Document \u00e0 t\u00e9l\u00e9charger pour une aide \u00e0 la vente eGo Aio<\/a><\/p>\n","protected":false},"featured_media":72547,"comment_status":"closed","ping_status":"closed","template":"","meta":[],"marques":[7532],"bundle_layout":"","bundled_by":[],"bundled_items":[],"supplier_id":null,"supplier_sku":"","atum_controlled":true,"out_stock_date":null,"out_stock_threshold":null,"inheritable":false,"inbound_stock":null,"stock_on_hold":null,"sold_today":null,"sales_last_days":null,"reserved_stock":null,"customer_returns":null,"warehouse_damage":null,"lost_in_post":null,"other_logs":null,"out_stock_days":null,"lost_sales":null,"has_location":null,"update_date":null,"atum_locations":[],"atum_stock_status":"instock","low_stock":false,"mi_inventories":[],"multi_inventory":null,"inventory_sorting_mode":null,"inventory_iteration":null,"expirable_inventories":null,"price_per_inventory":null,"_links":{"self":[{"href":"https:\/\/lesaintlaurentvape.com\/en\/wp-json\/wp\/v2\/product\/101170\/"}],"collection":[{"href":"https:\/\/lesaintlaurentvape.com\/en\/wp-json\/wp\/v2\/product\/"}],"about":[{"href":"https:\/\/lesaintlaurentvape.com\/en\/wp-json\/wp\/v2\/types\/product\/"}],"replies":[{"embeddable":true,"href":"https:\/\/lesaintlaurentvape.com\/en\/wp-json\/wp\/v2\/comments\/?post=101170"}],"wp:featuredmedia":[{"embeddable":true,"href":"https:\/\/lesaintlaurentvape.com\/en\/wp-json\/wp\/v2\/media\/72547\/"}],"wp:attachment":[{"href":"https:\/\/lesaintlaurentvape.com\/en\/wp-json\/wp\/v2\/media\/?parent=101170"}],"wp:term":[{"taxonomy":"marques","embeddable":true,"href":"https:\/\/lesaintlaurentvape.com\/en\/wp-json\/wp\/v2\/marques\/?post=101170"}],"curies":[{"name":"wp","href":"https:\/\/api.w.org\/{rel}","templated":true}]}}