{"id":101169,"date":"2018-11-13T15:01:48","date_gmt":"2018-11-13T14:01:48","guid":{"rendered":"https:\/\/lesaintlaurentvape.com\/produit\/innokin-ez-watt\/"},"modified":"2020-10-31T20:33:48","modified_gmt":"2020-10-31T19:33:48","slug":"innokin-ez-watt","status":"publish","type":"product","link":"https:\/\/lesaintlaurentvape.com\/en\/produit\/innokin-ez-watt\/","title":{"rendered":"INNOKIN EZ.WATT kit"},"content":{"rendered":"<p><span style=\"color: #ffffff;\">puis INNOKIN EZ WATT kit<\/span><\/p>\n<h2 style=\"text-align: center;\"><b>DESCRIPTION D\u00c9TAILL\u00c9E\u00a0:<\/b><\/h2>\n<p><img loading=\"lazy\" class=\"aligncenter size-full wp-image-4215\" src=\"https:\/\/dscvape.fr\/wp-content\/uploads\/2018\/11\/ez.watt-kit-d\u00e9tail-innokin.png\" alt=\"\" width=\"1425\" height=\"1410\" \/><\/p>\n<p style=\"text-align: center;\"><strong><u>Une puissance variable <\/u><\/strong><\/p>\n<p style=\"text-align: center;\">Tout d\u2019abord la box EZ Watt est une box d\u2019une autonomie de 1500 mAh pour une vape all-day et permet une modification de la puissance de vape entre trois niveaux pr\u00e9d\u00e9termin\u00e9s. Cela vous permettra de d\u00e9terminer le tirage qui vous correspondra le mieux. En effet, vous allez pouvoir alterner entre les trois plages de puissance en appuyant sur le bouton fire et le bouton de s\u00e9lection simultan\u00e9ment:<\/p>\n<table class=\" aligncenter\">\n<tbody>\n<tr>\n<td width=\"314\">1<sup>er<\/sup> LED allum\u00e9 (vert)\u00a0: 13-14 W<\/p>\n<p><img loading=\"lazy\" class=\"aligncenter size-full wp-image-3553\" src=\"https:\/\/dscvape.fr\/wp-content\/uploads\/2018\/11\/13-14W.png\" alt=\"\" width=\"75\" height=\"59\" \/><\/td>\n<td width=\"314\">2<sup>nd<\/sup> LED allum\u00e9 (bleu)\u00a0: 15-18W<\/p>\n<p><img loading=\"lazy\" class=\"aligncenter size-full wp-image-3554\" src=\"https:\/\/dscvape.fr\/wp-content\/uploads\/2018\/11\/15-18W.png\" alt=\"\" width=\"75\" height=\"54\" \/><\/td>\n<td width=\"314\">3<sup>e<\/sup>\u00a0LED allum\u00e9 (blanc)\u00a0: 30-35W<\/p>\n<p><img loading=\"lazy\" class=\"aligncenter size-full wp-image-3555\" src=\"https:\/\/dscvape.fr\/wp-content\/uploads\/2018\/11\/30-35W.png\" alt=\"\" width=\"75\" height=\"56\" \/><\/td>\n<\/tr>\n<\/tbody>\n<\/table>\n<p style=\"text-align: center;\"><strong><em>(ATTENTION: Bien lire les intervalles de watt indiqu\u00e9es sur les diff\u00e9rentes r\u00e9sistances afin de ne pas br\u00fbler la r\u00e9sistance avec une puissance non adapt\u00e9e \u00e0 celle-ci)\u00a0<\/em><\/strong><\/p>\n<p>&nbsp;<\/p>\n<p style=\"text-align: center;\">Le plus int\u00e9ressant dans cette modification de la puissance c\u2019est que lorsque vous \u00eates sur le premier niveau par exemple, il est possible de s\u00e9lectionner entre le 13 et le 14W et pareillement pour les autres niveaux. Quand le voyant lumineux donne une lumi\u00e8re faible, cela signifie que la puissance s\u00e9lectionn\u00e9e est faible (donc 13W dans notre exemple) et lorsque l\u2019indication lumineux donne une lumi\u00e8re puissante, cela signifie que la puissance s\u00e9lectionn\u00e9e est forte. Pour cela, vous appuyez longuement seulement sur le bouton de s\u00e9lection.<\/p>\n<p><img loading=\"lazy\" class=\"aligncenter size-full wp-image-4455\" src=\"https:\/\/dscvape.fr\/wp-content\/uploads\/2018\/11\/Puissance-lumineux.png\" alt=\"\" width=\"362\" height=\"216\" \/><\/p>\n<p style=\"text-align: center;\">Le niveau de batterie restant est indiqu\u00e9 le LED int\u00e9gr\u00e9 au bouton fire. Celui montre trois niveaux\u00a0:<\/p>\n<table class=\" aligncenter\">\n<tbody>\n<tr>\n<td width=\"314\">Vert\u00a0: PLEIN<\/p>\n<p><img loading=\"lazy\" class=\"aligncenter size-full wp-image-3558\" src=\"https:\/\/dscvape.fr\/wp-content\/uploads\/2018\/11\/Bouton-vert.png\" alt=\"\" width=\"139\" height=\"146\" \/><\/td>\n<td width=\"314\">Jaune : MOYEN<\/p>\n<p><img loading=\"lazy\" class=\"aligncenter size-full wp-image-3556\" src=\"https:\/\/dscvape.fr\/wp-content\/uploads\/2018\/11\/Bouton-jaune.png\" alt=\"\" width=\"177\" height=\"146\" \/><\/td>\n<td width=\"314\">Rouge\u00a0: PRESQUE VIDE<\/p>\n<p><img loading=\"lazy\" class=\"aligncenter size-full wp-image-3557\" src=\"https:\/\/dscvape.fr\/wp-content\/uploads\/2018\/11\/Bouton-rouge.png\" alt=\"\" width=\"164\" height=\"147\" \/><\/td>\n<\/tr>\n<\/tbody>\n<\/table>\n<p style=\"text-align: center;\"><strong><u>Un remplissage simple <\/u><\/strong><\/p>\n<p style=\"text-align: center;\">Le remplissage par le haut se fait de mani\u00e8re tr\u00e8s simple. Il vous suffit de deviser le top cap afin d\u2019avoir acc\u00e8s au r\u00e9servoir. Le remplissage se fait sur le c\u00f4t\u00e9, juste \u00e0 c\u00f4t\u00e9 de la r\u00e9sistance (voir photo ci-joint).<\/p>\n<p><img loading=\"lazy\" class=\"aligncenter size-full wp-image-4451\" src=\"https:\/\/dscvape.fr\/wp-content\/uploads\/2018\/11\/Remplissage-prism-t20s.png\" alt=\"\" width=\"611\" height=\"592\" \/><\/p>\n<p style=\"text-align: center;\">Attention, peu importe l\u2019appareil, il est tr\u00e8s important de faire l\u2019amor\u00e7age de la r\u00e9sistance. Rappel : Etant donn\u00e9 qu\u2019une r\u00e9sistance est compos\u00e9e de coton, lors de la premi\u00e8re utilisation (ou lorsque vous changez de r\u00e9sistance) celle-ci est compl\u00e8tement sec. Il faut donc laisser baigner la r\u00e9sistance dans le liquide apr\u00e8s le remplissage plusieurs minutes (environ 10-15min) pour \u00e9viter que celle-ci ne br\u00fble pr\u00e9matur\u00e9ment n\u2019\u00e9tant pas imbib\u00e9e de liquide lors que l\u2019appareil la chauffe. <span style=\"color: #ffffff;\">Alors<\/span><\/p>\n<p style=\"text-align: center;\"><strong><u>Changer sa r\u00e9sistance<\/u><\/strong><\/p>\n<p style=\"text-align: center;\">Pour changer sa r\u00e9sistance, rien de plus simple. Il vous suffira de deviser le bottom cap du r\u00e9servoir. Puis tirer sur la r\u00e9sistance et en replacer une nouvelle en l&#8217;embo\u00eetant correctement avec les lignes indiqu\u00e9es sur le r\u00e9servoir.<\/p>\n<p><img loading=\"lazy\" class=\"aligncenter size-full wp-image-4454\" src=\"https:\/\/dscvape.fr\/wp-content\/uploads\/2018\/11\/Resistance-changer-t20s.png\" alt=\"\" width=\"812\" height=\"523\" \/><\/p>\n<p><img loading=\"lazy\" class=\"aligncenter size-full wp-image-4453\" src=\"https:\/\/dscvape.fr\/wp-content\/uploads\/2018\/11\/changement-emplacement-t20s.png\" alt=\"\" width=\"118\" height=\"121\" \/><\/p>\n<p><span style=\"color: #ffffff;\">Egalement. Aussi. Mais. CEpendant. Puis. ET. Alors. Puisque. Aussi. Donc. Alors<\/span><\/p>\n","protected":false},"excerpt":{"rendered":"<p>Le kit pratique\u00a0<strong>EZ WATT<\/strong> regroupe le clearomiseur MTL Prism T20S \u00e0 la box EZ Watt de la marque<strong> INNOKIN<\/strong>. Remplissage simple, puissance variable, c\u2019est un kit destin\u00e9 plut\u00f4t aux primo-vapoteurs cherchant un appareil \u00e0 tirage serr\u00e9 et une petite box pour faire du all-day. En effet, la box poss\u00e8de une<strong> autonomie de 1500 mAh<\/strong> en plus d\u2019une possibilit\u00e9 de varier la puissance de vape. Celle-ci permet <strong>3 niveaux de puissance<\/strong>\u00a0: 13-14W \/ 15-18W \/ 30-35W pour que vous puissiez d\u00e9terminer le tirage qui vous conviendra le mieux. Le clearomiseur quant \u00e0 lui reste un clearomiseur avec une bonne retranscription des saveurs ainsi qu\u2019un hit cons\u00e9quent.<br \/>\nD\u00e9couvrez donc le kit EZ WATT, un kit MTL de <strong>petite taille<\/strong> pour la transporter avec vous partout au quotidien et qui vous accompagnera toute la journ\u00e9e.<\/p>\n<p>Prix de vente minimum conseill\u00e9 en magasin physique: 44.90\u20acTTC (prix donn\u00e9 par le fabricant INNOKIN)<\/p>\n<p><a href=\"https:\/\/dscvape.fr\/wp-content\/uploads\/2018\/11\/INNOKIN-EZ.pdf\">T\u00e9l\u00e9chargez-moi pour une aide \u00e0 la vente INNOKIN EZ.WATT<\/a><\/p>\n<p>&nbsp;<\/p>\n","protected":false},"featured_media":72536,"comment_status":"closed","ping_status":"closed","template":"","meta":[],"marques":[7484],"bundle_layout":"","bundled_by":[],"bundled_items":[],"supplier_id":null,"supplier_sku":"","atum_controlled":true,"out_stock_date":null,"out_stock_threshold":null,"inheritable":false,"inbound_stock":null,"stock_on_hold":null,"sold_today":null,"sales_last_days":null,"reserved_stock":null,"customer_returns":null,"warehouse_damage":null,"lost_in_post":null,"other_logs":null,"out_stock_days":null,"lost_sales":null,"has_location":null,"update_date":null,"atum_locations":[],"atum_stock_status":"instock","low_stock":false,"mi_inventories":[],"multi_inventory":null,"inventory_sorting_mode":null,"inventory_iteration":null,"expirable_inventories":null,"price_per_inventory":null,"_links":{"self":[{"href":"https:\/\/lesaintlaurentvape.com\/en\/wp-json\/wp\/v2\/product\/101169\/"}],"collection":[{"href":"https:\/\/lesaintlaurentvape.com\/en\/wp-json\/wp\/v2\/product\/"}],"about":[{"href":"https:\/\/lesaintlaurentvape.com\/en\/wp-json\/wp\/v2\/types\/product\/"}],"replies":[{"embeddable":true,"href":"https:\/\/lesaintlaurentvape.com\/en\/wp-json\/wp\/v2\/comments\/?post=101169"}],"wp:featuredmedia":[{"embeddable":true,"href":"https:\/\/lesaintlaurentvape.com\/en\/wp-json\/wp\/v2\/media\/72536\/"}],"wp:attachment":[{"href":"https:\/\/lesaintlaurentvape.com\/en\/wp-json\/wp\/v2\/media\/?parent=101169"}],"wp:term":[{"taxonomy":"marques","embeddable":true,"href":"https:\/\/lesaintlaurentvape.com\/en\/wp-json\/wp\/v2\/marques\/?post=101169"}],"curies":[{"name":"wp","href":"https:\/\/api.w.org\/{rel}","templated":true}]}}