{"id":101168,"date":"2018-11-13T14:55:07","date_gmt":"2018-11-13T13:55:07","guid":{"rendered":"https:\/\/lesaintlaurentvape.com\/produit\/eleaf-melo-4-d25\/"},"modified":"2020-10-31T20:36:57","modified_gmt":"2020-10-31T19:36:57","slug":"eleaf-melo-4-d25","status":"publish","type":"product","link":"https:\/\/lesaintlaurentvape.com\/en\/produit\/eleaf-melo-4-d25\/","title":{"rendered":"Eleaf Melo 4 D25"},"content":{"rendered":"<p><span style=\"color: #ffffff;\">Eleaf Melo 4 D25<\/span><\/p>\n<h2 style=\"text-align: center;\"><b>DESCRIPTION D\u00c9TAILL\u00c9E\u00a0:<\/b><\/h2>\n<p style=\"text-align: center;\"><img loading=\"lazy\" class=\"aligncenter size-full wp-image-4214\" src=\"https:\/\/dscvape.fr\/wp-content\/uploads\/2018\/11\/Melo-4-d\u00e9tail.png\" alt=\"\" width=\"1152\" height=\"648\" \/><\/p>\n<p style=\"text-align: center;\"><strong><u>Remplissage simple<\/u><\/strong><\/p>\n<p style=\"text-align: center;\"><strong><u><img loading=\"lazy\" class=\"aligncenter size-full wp-image-3778\" src=\"https:\/\/dscvape.fr\/wp-content\/uploads\/2018\/11\/melo4-remplissage.png\" alt=\"\" width=\"696\" height=\"681\" \/><\/u><\/strong><\/p>\n<p style=\"text-align: center;\">Eleaf se montre ing\u00e9nieux avec son Melo 4 notamment avec son remplissage qui facilite le quotidien. Fini le liquide pleins les doigts, ce clearomiseur propose un remplissage intelligent. En effet, il vous suffira de pousser le top cap au niveau du petit triangle pour pouvoir d\u00e9couvrir l\u2019orifice d\u00e9di\u00e9 au remplissage.<\/p>\n<p style=\"text-align: center;\"><strong><u>Airflow \u00e0 deux ouvertures<\/u><\/strong><\/p>\n<p style=\"text-align: center;\">Le Melo 4 poss\u00e8de un airflow r\u00e9glable \u00e0 deux ouvertures pour une vape toujours plus intense et dense. Vous allez pouvoir r\u00e9gler celui-ci jusqu\u2019\u00e0 obtenir le tirage souhait\u00e9.<\/p>\n<p class=\"p1\"><span class=\"s1\" style=\"color: #ffffff;\"><a style=\"color: #ffffff;\" href=\"https:\/\/dscvape.fr\/product-brands\/eleaf\/\">Voir tous les produits Eleaf sur le site<\/a><\/span><\/p>\n<p class=\"p1\"><span class=\"s1\" style=\"color: #ffffff;\"><a style=\"color: #ffffff;\" href=\"http:\/\/www.eleafworld.com\/\">Voir le site du fournisseur<\/a><\/span><\/p>\n","protected":false},"excerpt":{"rendered":"<p>Le cleaoromiseur Melo 4 (version D22 2ml ou D25 4,5ml) est pr\u00e9sent\u00e9 par la marque Eleaf parfait pour la vape en sub-ohm. En effet, avec des r\u00e9sistances EC2 en 0,3 ohm et 0,5 ohm pouvant s\u2019utiliser jusqu\u2019\u00e0 pr\u00e8s de 80W, attendez-vous \u00e0 de gros nuages de fum\u00e9e. Ce tank a pour atout de rester simple d\u2019utilisation notamment gr\u00e2ce \u00e0 un remplissage intelligent avec un top cap coulissant laissant appara\u00eetre une ouverture d\u00e9di\u00e9e au remplissage. Airflow r\u00e9glable et bonne restitution des go\u00fbts, tout pour vapoter au quotidien.<\/p>\n","protected":false},"featured_media":72521,"comment_status":"closed","ping_status":"closed","template":"","meta":[],"marques":[7490],"bundle_layout":"","bundled_by":["102975","102975","102975","102975","102975"],"bundled_items":[],"supplier_id":null,"supplier_sku":"","atum_controlled":true,"out_stock_date":null,"out_stock_threshold":null,"inheritable":false,"inbound_stock":null,"stock_on_hold":null,"sold_today":null,"sales_last_days":null,"reserved_stock":null,"customer_returns":null,"warehouse_damage":null,"lost_in_post":null,"other_logs":null,"out_stock_days":null,"lost_sales":null,"has_location":null,"update_date":null,"atum_locations":[],"atum_stock_status":"instock","low_stock":false,"mi_inventories":[],"multi_inventory":null,"inventory_sorting_mode":null,"inventory_iteration":null,"expirable_inventories":null,"price_per_inventory":null,"_links":{"self":[{"href":"https:\/\/lesaintlaurentvape.com\/en\/wp-json\/wp\/v2\/product\/101168\/"}],"collection":[{"href":"https:\/\/lesaintlaurentvape.com\/en\/wp-json\/wp\/v2\/product\/"}],"about":[{"href":"https:\/\/lesaintlaurentvape.com\/en\/wp-json\/wp\/v2\/types\/product\/"}],"replies":[{"embeddable":true,"href":"https:\/\/lesaintlaurentvape.com\/en\/wp-json\/wp\/v2\/comments\/?post=101168"}],"wp:featuredmedia":[{"embeddable":true,"href":"https:\/\/lesaintlaurentvape.com\/en\/wp-json\/wp\/v2\/media\/72521\/"}],"wp:attachment":[{"href":"https:\/\/lesaintlaurentvape.com\/en\/wp-json\/wp\/v2\/media\/?parent=101168"}],"wp:term":[{"taxonomy":"marques","embeddable":true,"href":"https:\/\/lesaintlaurentvape.com\/en\/wp-json\/wp\/v2\/marques\/?post=101168"}],"curies":[{"name":"wp","href":"https:\/\/api.w.org\/{rel}","templated":true}]}}