{"id":101166,"date":"2018-11-13T14:11:24","date_gmt":"2018-11-13T13:11:24","guid":{"rendered":"https:\/\/lesaintlaurentvape.com\/produit\/innokin-kroma-a\/"},"modified":"2020-10-31T21:10:53","modified_gmt":"2020-10-31T20:10:53","slug":"innokin-kroma-a","status":"publish","type":"product","link":"https:\/\/lesaintlaurentvape.com\/en\/produit\/innokin-kroma-a\/","title":{"rendered":"INNOKIN KROMA-A Zenith Kit"},"content":{"rendered":"<p><span style=\"color: #ffffff;\">INNOKIN KROMA-A Zenith Kit<\/span><\/p>\n<h2 style=\"text-align: center;\"><b>DESCRIPTION D\u00c9TAILL\u00c9E\u00a0:<\/b><\/h2>\n<p><a href=\"https:\/\/dscvape.fr\/wp-content\/uploads\/2018\/11\/Kit-d\u00e9tails-zenith-kroma-a.png\"><img loading=\"lazy\" class=\"aligncenter size-full wp-image-4212\" src=\"https:\/\/dscvape.fr\/wp-content\/uploads\/2018\/11\/Kit-d\u00e9tails-zenith-kroma-a.png\" alt=\"\" width=\"1800\" height=\"1238\" \/><\/a><\/p>\n<p style=\"text-align: center;\"><strong><u>Un remplissage intelligent<\/u><\/strong><\/p>\n<p style=\"text-align: center;\">Ce kit propos\u00e9 par Innokin pr\u00e9sente le clearomiseur Zenith, une innovation dans les produits MTL. En effet, ce clearomiseur est con\u00e7u en collaboration entre Phil Busardo, Dimitris Agrafiotis, et Innokin pour l\u2019int\u00e9r\u00eat des consommateurs de produits MTL. Tout d\u2019abord nous avons ce remplissage d\u2019une grande simplicit\u00e9. Il suffit de tourner le top cap dans le sens de l\u2019ouverture indiqu\u00e9 sur celui-ci pour voir appara\u00eetre le trou d\u00e9di\u00e9 au remplissage. Ce syst\u00e8me simple mais surtout tr\u00e8s pratique vous \u00e9vitera les ouvertures accidentelles dans le sac etc.<\/p>\n<p><img loading=\"lazy\" class=\"aligncenter wp-image-3441\" src=\"https:\/\/dscvape.fr\/wp-content\/uploads\/2018\/11\/Remplissage-zenith-1.png\" alt=\"\" width=\"726\" height=\"898\" \/><\/p>\n<p style=\"text-align: center;\"><strong><u>Des r\u00e9sistances Plexus Z<\/u><\/strong><\/p>\n<p style=\"text-align: center;\">Innokin introduit les r\u00e9sistances Plexus Z en 0,5 ohm avec ce kit. D\u00fb \u00e0 une structure interne diff\u00e9rente, cette r\u00e9sistance permettrait une absorption uniforme du e-liquide gr\u00e2ce \u00e0 une surface de contact plus large. Elle permet \u00e9galement une chauffe plus uniforme gr\u00e2ce \u00e0 un mat\u00e9riel toujours plus fin. Le tout permet une utilisation optimale qui permet de faire durer un peu plus la dur\u00e9e de vie de la r\u00e9sistance.<br \/>\nL\u2019installation de ces r\u00e9sistances se fait de mani\u00e8re tr\u00e8s simple. En effet, il suffit de deviser la bague d\u2019airflow situ\u00e9 sur le bas du clearomiseur pour avoir acc\u00e8s \u00e0 la r\u00e9sistance. Retournez le clearomiseur la t\u00eate vers le bas, et retirez la r\u00e9sistance sans avoir \u00e0 vider le liquide. Cette r\u00e9sistance se clipse et est tr\u00e8s simple \u00e0 installer.<\/p>\n<p style=\"text-align: center;\">Attention, peu importe l\u2019appareil, il est tr\u00e8s important de faire l\u2019amor\u00e7age de la r\u00e9sistance. Rappelons une chose : Etant donn\u00e9 qu\u2019une r\u00e9sistance est compos\u00e9e de coton, lors de la premi\u00e8re utilisation (ou lorsque vous changez de r\u00e9sistance) celle-ci est compl\u00e8tement sec. Il faut donc laisser baigner la r\u00e9sistance dans le liquide apr\u00e8s le remplissage plusieurs minutes (environ 10-15 min) pour \u00e9viter que celle-ci ne br\u00fble pr\u00e9matur\u00e9ment n\u2019\u00e9tant pas imbib\u00e9e de liquide lors que l\u2019appareil la chauffe.<\/p>\n<p><img loading=\"lazy\" class=\"aligncenter wp-image-3442\" src=\"https:\/\/dscvape.fr\/wp-content\/uploads\/2018\/11\/R\u00e9sistance-1.png\" alt=\"\" width=\"455\" height=\"268\" \/><\/p>\n<p style=\"text-align: center;\"><strong><u>Une batterie simple d\u2019utilisation<\/u><\/strong><\/p>\n<p style=\"text-align: center;\">Pour allumer l\u2019appareil, il vous suffira de faire 3 cliques rapides sur le bouton fire. Cette batterie poss\u00e8de une capacit\u00e9 de 2000 mAh. Ce qui vous garantie une autonomie qui vous tiendra la journ\u00e9e. Sachant le tank Zenith demande au maximum 18 W (avec la r\u00e9sistance en 0,8 ohm). Cette batterie permet tout de m\u00eame d\u2019\u00eatre utilis\u00e9e avec un autre tank pour exploiter ses 75 W de disponible. La box permet le mode contr\u00f4le de temp\u00e9rature pour ceux qui cherchent une vape modulable.<br \/>\nAussi un indicateur lumineux est install\u00e9 autour du bouton fire.<\/p>\n","protected":false},"excerpt":{"rendered":"<p><strong>Innokin<\/strong> lance ce kit en unissant la box <a href=\"https:\/\/dscvape.fr\/produit\/innokin-box-kroma-a\/\"><span style=\"text-decoration: underline;\"><strong>Kroma-A<\/strong><\/span><\/a> au clearomiseur <a href=\"https:\/\/dscvape.fr\/produit\/innokin-clearomiseur-zenith\/\"><strong><span style=\"text-decoration: underline;\">Zenith<\/span><\/strong><\/a>, un des <strong>meilleurs clearomiseurs MTL<\/strong> du march\u00e9 de l\u2019ann\u00e9e.\u00a0La box dispose d&#8217;une bonne batterie avec une capacit\u00e9 de <strong>2000 mAh <\/strong>ce qui vous permettra de vapoter en toute s\u00e9r\u00e9nit\u00e9.\u00a0\u00a0Ce kit est con\u00e7u pour la vape en <strong>inhalation indirecte<\/strong> et sera donc adapt\u00e9 aux primo-vapoteurs ou ceux qui cherchent une sensation proche de la cigarette classique. Quant au Zenith, vous allez pouvoir exp\u00e9rimenter la vape d\u2019une mani\u00e8re simple avec un remplissage par le haut et une installation de la r\u00e9sistance (0,8\u2126 ou 1,6\u2126) simplifi\u00e9 au maximum.<\/p>\n<p>Ce produit est dot\u00e9 d&#8217;une <strong>bonne maniabilit\u00e9<\/strong> gr\u00e2ce \u00e0 sa forme, et permet une bonne prise en main. Il n&#8217;attend qu&#8217;une chose, que vous le testiez !<\/p>\n<p>Prix de vente minimum conseill\u00e9 en magasin physique: 69.90\u20acTTC (prix donn\u00e9 par le fabricant INNOKIN)<\/p>\n<p><a href=\"https:\/\/dscvape.fr\/wp-content\/uploads\/2018\/11\/INNOKIN-KROMA.pdf\">T\u00e9l\u00e9chargez-moi pour une aide \u00e0 la vente INNOKIN KROMA A Zenith<\/a><\/p>\n","protected":false},"featured_media":72489,"comment_status":"closed","ping_status":"closed","template":"","meta":[],"marques":[7484],"bundle_layout":"","bundled_by":[],"bundled_items":[],"supplier_id":null,"supplier_sku":"","atum_controlled":true,"out_stock_date":null,"out_stock_threshold":null,"inheritable":false,"inbound_stock":null,"stock_on_hold":null,"sold_today":null,"sales_last_days":null,"reserved_stock":null,"customer_returns":null,"warehouse_damage":null,"lost_in_post":null,"other_logs":null,"out_stock_days":null,"lost_sales":null,"has_location":null,"update_date":null,"atum_locations":[],"atum_stock_status":"instock","low_stock":false,"mi_inventories":[],"multi_inventory":null,"inventory_sorting_mode":null,"inventory_iteration":null,"expirable_inventories":null,"price_per_inventory":null,"_links":{"self":[{"href":"https:\/\/lesaintlaurentvape.com\/en\/wp-json\/wp\/v2\/product\/101166\/"}],"collection":[{"href":"https:\/\/lesaintlaurentvape.com\/en\/wp-json\/wp\/v2\/product\/"}],"about":[{"href":"https:\/\/lesaintlaurentvape.com\/en\/wp-json\/wp\/v2\/types\/product\/"}],"replies":[{"embeddable":true,"href":"https:\/\/lesaintlaurentvape.com\/en\/wp-json\/wp\/v2\/comments\/?post=101166"}],"wp:featuredmedia":[{"embeddable":true,"href":"https:\/\/lesaintlaurentvape.com\/en\/wp-json\/wp\/v2\/media\/72489\/"}],"wp:attachment":[{"href":"https:\/\/lesaintlaurentvape.com\/en\/wp-json\/wp\/v2\/media\/?parent=101166"}],"wp:term":[{"taxonomy":"marques","embeddable":true,"href":"https:\/\/lesaintlaurentvape.com\/en\/wp-json\/wp\/v2\/marques\/?post=101166"}],"curies":[{"name":"wp","href":"https:\/\/api.w.org\/{rel}","templated":true}]}}