{"id":101165,"date":"2018-11-13T14:24:43","date_gmt":"2018-11-13T13:24:43","guid":{"rendered":"https:\/\/lesaintlaurentvape.com\/produit\/eleaf-amnis-avec-gs-drive-kit\/"},"modified":"2020-10-31T20:41:27","modified_gmt":"2020-10-31T19:41:27","slug":"eleaf-amnis-avec-gs-drive-kit","status":"publish","type":"product","link":"https:\/\/lesaintlaurentvape.com\/en\/produit\/eleaf-amnis-avec-gs-drive-kit\/","title":{"rendered":"Eleaf Amnis avec GS Drive Kit"},"content":{"rendered":"<p><span style=\"color: #ffffff;\">Eleaf Amnis avec GS Drive Kit<\/span><\/p>\n<h2 style=\"text-align: center;\"><b>DESCRIPTION D\u00c9TAILL\u00c9E\u00a0:<\/b><\/h2>\n<p style=\"text-align: center;\"><img loading=\"lazy\" class=\"aligncenter size-full wp-image-4213\" src=\"https:\/\/dscvape.fr\/wp-content\/uploads\/2018\/11\/Kit-amnis-d\u00e9tail-eleaf.png\" alt=\"\" width=\"1048\" height=\"824\" \/><\/p>\n<p style=\"text-align: center;\"><strong><u>Des nouvelles r\u00e9sistances<\/u><\/strong><\/p>\n<p style=\"text-align: center;\">Avec le kit, la marque lance \u00e9galement une nouvelle r\u00e9sistance GS Air en 1,6 ohm, destin\u00e9e \u00e0 une vape en MTL. Avec un assemblage encore plus fins que les pr\u00e9c\u00e9dentes r\u00e9sistances GS Air, on obtient donc un rendu encore impressionnant pour une exp\u00e9rience de vape toujours agr\u00e9able.<\/p>\n<p><img loading=\"lazy\" class=\"aligncenter size-full wp-image-3775\" src=\"https:\/\/dscvape.fr\/wp-content\/uploads\/2018\/11\/GS-Air-075ohm-1.png\" alt=\"\" width=\"188\" height=\"383\" \/><\/p>\n<p>&nbsp;<\/p>\n<p style=\"text-align: center;\"><strong><u>GS Drive, un clearomiseur simple mais efficace<\/u><\/strong><\/p>\n<p style=\"text-align: center;\">Ce clearomiseur reprend les fameuses r\u00e9sistances GS Air de la marque qui ne sont plus \u00e0 pr\u00e9senter dor\u00e9navant. Son design est repens\u00e9 pour un remplissage encore plus simple. En effet, il vous suffira d\u2019enfoncer le bouton situ\u00e9 sur le top cap et pousser celui-ci au niveau du petit triangle pour pouvoir d\u00e9couvrir l\u2019orifice d\u00e9di\u00e9 au remplissage situ\u00e9e en dessous. Une fois remplis, il vous suffira de refermer le top cap. C\u2019est donc une s\u00e9curit\u00e9 enfant renforc\u00e9e avec ce top cap qui allie simplicit\u00e9 et efficacit\u00e9.<\/p>\n<p><img loading=\"lazy\" class=\"aligncenter size-full wp-image-3764\" src=\"https:\/\/dscvape.fr\/wp-content\/uploads\/2018\/11\/Animation-remplissage2.0.gif\" alt=\"\" width=\"857\" height=\"807\" \/><\/p>\n<p style=\"text-align: center;\"><strong><u>Une petite batterie qui ne lui fait pas d\u00e9faut<\/u><\/strong><\/p>\n<p style=\"text-align: center;\">La batterie de l\u2019iStick peut en effet \u00eatre consid\u00e9r\u00e9e comme une tr\u00e8s petite box. La box dispara\u00eet dans le creux de la main, parfait pour ceux qui recherchent un appareil discret pour vaper au quotidien. Au lieu de lui faire d\u00e9faut, sa petite n\u2019emp\u00eache pas une capacit\u00e9 de 900mAh, plut\u00f4t correcte pour une box de ce format l\u00e0. Eleaf l\u2019a fait recouvrir de caoutchouc pour une meilleure tenue en main.<\/p>\n<p style=\"text-align: center;\">Quant au niveau de batterie, l\u2019iStick Amnis indique le niveau de batterie restant avec le petit led lumineux situ\u00e9 en bas de la box\u00a0:<\/p>\n<p><img loading=\"lazy\" class=\"aligncenter size-full wp-image-2852\" src=\"https:\/\/dscvape.fr\/wp-content\/uploads\/2018\/11\/Batterie-indication.png\" alt=\"\" width=\"1202\" height=\"800\" \/><\/p>\n<p style=\"text-align: center;\">Verte \u00e0 100-60%<\/p>\n<p style=\"text-align: center;\">Orange \u00e0 59-30%<\/p>\n<p style=\"text-align: center;\">Violette \u00e0 29-10%<\/p>\n<p style=\"text-align: center;\">Rouge \u00e0 \u22649%<\/p>\n<p style=\"text-align: center;\"><strong><u>Des protections multiples<\/u><\/strong><\/p>\n<p style=\"text-align: center;\">Eleaf n\u2019oublie pas la s\u00e9curit\u00e9 dans ce kit avec une protection contre la surcharge, contre la d\u00e9charge excessive, contre la surintensit\u00e9 ainsi qu\u2019une protection contre les courts-circuits.<\/p>\n<p style=\"text-align: center;\">L\u2019iStick Amnis se recharge par un cable USB fourni par la marque dans le kit.<img loading=\"lazy\" class=\"aligncenter size-full wp-image-2853\" src=\"https:\/\/dscvape.fr\/wp-content\/uploads\/2018\/11\/iStick-Amnis-with-GS-Drive-chargement.png\" alt=\"\" width=\"1404\" height=\"852\" \/><\/p>\n","protected":false},"excerpt":{"rendered":"<p><em><strong>Nouveaux produit<\/strong> chez la famille\u00a0<strong>Eleaf <\/strong>!!<\/em><\/p>\n<p>D\u00e9couvrez l\u2019<strong>iStick Amnis<\/strong>. Ce kit allie la box iStick Amnis avec le clearomiseur GS Drive destin\u00e9 plut\u00f4t aux primo-vapoteurs recherchant un appareil simple pour le quotidien. Tout d\u2019abord le clearomiseur est compatible avec les fameuses r\u00e9sistances GS Air d\u2019Eleaf. Ce petit<strong> clearomiseur d\u2019une capacit\u00e9 de 2 ml<\/strong> se remplit par le haut en tout simplicit\u00e9 par une trappe situ\u00e9 sous le top cap pour un remplissage simple et propre. Elle poss\u00e8de un<strong> airflow r\u00e9glable<\/strong> sur le bas du clearomiseur.<br \/>\nEnsuite pour la box, Eleaf nous pr\u00e9sente une <strong>box courb\u00e9e<\/strong> qui s\u2019adapte \u00e0 la forme de vos mains afin d&#8217;avoir une <strong>bonne maniabilit\u00e9s<\/strong>. C\u2019est une box <strong>sans r\u00e9glage<\/strong> au niveau de la puissance, elle s\u2019adaptera <strong>automatiquement<\/strong> \u00e0 la r\u00e9sistance install\u00e9e.<br \/>\nC\u2019est un kit \u00e0 conseiller aux d\u00e9butants qui recherche un tirage modulable (il vous suffira de changer de r\u00e9sistance pour un tirage plus serr\u00e9 par exemple) combin\u00e9 \u00e0 un petit appareil facilement transportable, le tout \u00e0 <strong>petit prix<\/strong>\u00a0!<\/p>\n<p><a href=\"https:\/\/dscvape.fr\/wp-content\/uploads\/2018\/11\/Eleaf-Amnis-avec-GS-Drive-Kit.pdf\">T\u00e9l\u00e9chargez-moi pour une aide Eleaf Amnis avec GS Drive Kit<\/a><\/p>\n","protected":false},"featured_media":72474,"comment_status":"closed","ping_status":"closed","template":"","meta":[],"marques":[7490],"bundle_layout":"","bundled_by":[],"bundled_items":[],"supplier_id":null,"supplier_sku":"","atum_controlled":true,"out_stock_date":null,"out_stock_threshold":null,"inheritable":false,"inbound_stock":null,"stock_on_hold":null,"sold_today":null,"sales_last_days":null,"reserved_stock":null,"customer_returns":null,"warehouse_damage":null,"lost_in_post":null,"other_logs":null,"out_stock_days":null,"lost_sales":null,"has_location":null,"update_date":null,"atum_locations":[],"atum_stock_status":"instock","low_stock":false,"mi_inventories":[],"multi_inventory":null,"inventory_sorting_mode":null,"inventory_iteration":null,"expirable_inventories":null,"price_per_inventory":null,"_links":{"self":[{"href":"https:\/\/lesaintlaurentvape.com\/en\/wp-json\/wp\/v2\/product\/101165\/"}],"collection":[{"href":"https:\/\/lesaintlaurentvape.com\/en\/wp-json\/wp\/v2\/product\/"}],"about":[{"href":"https:\/\/lesaintlaurentvape.com\/en\/wp-json\/wp\/v2\/types\/product\/"}],"replies":[{"embeddable":true,"href":"https:\/\/lesaintlaurentvape.com\/en\/wp-json\/wp\/v2\/comments\/?post=101165"}],"wp:featuredmedia":[{"embeddable":true,"href":"https:\/\/lesaintlaurentvape.com\/en\/wp-json\/wp\/v2\/media\/72474\/"}],"wp:attachment":[{"href":"https:\/\/lesaintlaurentvape.com\/en\/wp-json\/wp\/v2\/media\/?parent=101165"}],"wp:term":[{"taxonomy":"marques","embeddable":true,"href":"https:\/\/lesaintlaurentvape.com\/en\/wp-json\/wp\/v2\/marques\/?post=101165"}],"curies":[{"name":"wp","href":"https:\/\/api.w.org\/{rel}","templated":true}]}}