{"id":101164,"date":"2018-11-13T13:50:51","date_gmt":"2018-11-13T12:50:51","guid":{"rendered":"https:\/\/lesaintlaurentvape.com\/produit\/eleaf-istick-power-nano-kit\/"},"modified":"2020-10-31T20:46:25","modified_gmt":"2020-10-31T19:46:25","slug":"eleaf-istick-power-nano-kit","status":"publish","type":"product","link":"https:\/\/lesaintlaurentvape.com\/en\/produit\/eleaf-istick-power-nano-kit\/","title":{"rendered":"Eleaf iStick Power Nano Kit"},"content":{"rendered":"<p><span style=\"color: #ffffff;\">Eleaf iStick Power Nano Kit<\/span><\/p>\n<h2 style=\"text-align: center;\"><b>DESCRIPTION D\u00c9TAILL\u00c9E\u00a0:<\/b><\/h2>\n<p><a href=\"https:\/\/dscvape.fr\/wp-content\/uploads\/2018\/11\/iStick-Power-Nano-Kit-d\u00e9tail-appareil-eleaf-v2.png\"><img loading=\"lazy\" class=\"aligncenter size-full wp-image-8993\" src=\"https:\/\/dscvape.fr\/wp-content\/uploads\/2018\/11\/iStick-Power-Nano-Kit-d\u00e9tail-appareil-eleaf-v2.png\" alt=\"\" width=\"2240\" height=\"1094\" \/><\/a><\/p>\n<p>&nbsp;<\/p>\n<p style=\"text-align: center;\"><strong><u>Des nouvelles r\u00e9sistances<\/u><\/strong><\/p>\n<p style=\"text-align: center;\">Eleaf lance avec la sortie de son kit iStick Power Nano ses nouvelles r\u00e9sistances ECML 0,75 ohm, destin\u00e9 au MTL pour imiter le tirage serr\u00e9 que pourrait donner la cigarette. Le but est l\u00e0 d\u2019obtenir un appareil avec un tirage modulable pour pouvoir satisfaire le plus de consommateurs possible. Ne pas oublier l\u2019amor\u00e7age de la r\u00e9sistance lorsque l&#8217;on en installe une nouvelle afin d\u2019\u00e9viter tout risque de br\u00fbler sa r\u00e9sistance pr\u00e9matur\u00e9ment. (L\u2019amor\u00e7age est lorsque l&#8217;on laisse la r\u00e9sistance s\u2019imbiber du e-liquide afin d\u2019\u00e9viter tout risque de br\u00fbler celle-ci, souvent 5-10 min.)<\/p>\n<p><img loading=\"lazy\" class=\"aligncenter size-full wp-image-3771\" src=\"https:\/\/dscvape.fr\/wp-content\/uploads\/2018\/11\/R\u00e9sistance-ECML-075ohm.png\" alt=\"\" width=\"490\" height=\"582\" \/><\/p>\n<p style=\"text-align: center;\"><strong><u>Melo III Nano, petit mais efficace<\/u><\/strong><\/p>\n<p style=\"text-align: center;\">Ce Melo III Nano a tout pour plaire, \u00e0 commencer par son remplissage par le haut. Il vous suffira de deviser le top cap afin de remplir le r\u00e9servoir de votre e-liquide. Important, il faut remplir sur les c\u00f4t\u00e9s du r\u00e9servoir et non dans le centre de la r\u00e9sistance.<\/p>\n<p style=\"text-align: center;\">Ce petit clearomiseur est \u00e9galement dot\u00e9 d\u2019un airflow r\u00e9glable au niveau de la bague sur le bottom cap, un petit plus.<\/p>\n<p><img loading=\"lazy\" class=\"aligncenter size-full wp-image-3772\" src=\"https:\/\/dscvape.fr\/wp-content\/uploads\/2018\/11\/Remplissage-melo-3.png\" alt=\"\" width=\"524\" height=\"839\" \/><\/p>\n<p style=\"text-align: center;\"><strong><u>Petite box aux modes multiples<\/u><\/strong><\/p>\n<p><strong style=\"text-align: center;\"><u><img loading=\"lazy\" class=\"aligncenter wp-image-2837\" src=\"https:\/\/dscvape.fr\/wp-content\/uploads\/2018\/11\/iStick-Power-Nano-Kit-box-chargement.png\" alt=\"\" width=\"300\" height=\"263\" \/><\/u><\/strong><\/p>\n<p style=\"text-align: center;\">Malgr\u00e9 sa petite taille, la box iStick Power Nano pr\u00e9sente diff\u00e9rents modes de vape pour toujours am\u00e9liorer votre exp\u00e9rience de vape et vous approprier l\u2019appareil avec vos pr\u00e9f\u00e9rences personnelles. Switcher donc entre les diff\u00e9rents modes comme VW\/Bypass\/Smart \/TC (Ni, Ti, SS, TCR-M1, M2, M3).<\/p>\n<p style=\"text-align: center;\">La box peut d\u00e9livrer jusqu\u2019\u00e0 une puissance de 40 W.<\/p>\n<p style=\"text-align: center;\">Pour recharger votre box, il vous suffira de brancher le c\u00e2ble USB, fourni par Eleaf dans le kit, \u00e0 votre batterie (le dessous de l\u2019appareil) et de brancher l\u2019autre bout \u00e0 un adaptateur \u00e0 maximum 1 A (sachez que l\u2019ordinateur fera l\u2019affaire).<\/p>\n","protected":false},"excerpt":{"rendered":"<p>Le kit<strong> iStick Power Nano<\/strong> d\u2019<strong>Eleaf<\/strong> combine la box Power Nano \u00e0 une Melo III Nano pour le plaisir de tous. Ce petit appareil pourra facilement \u00eatre transport\u00e9 dans vos poches ou vos sacs sans vous encombrer gr\u00e2ce \u00e0 une <strong>petite taille<\/strong>. C&#8217;est un produit de tr\u00e8s bonne qualit\u00e9 et pratique vis \u00e0 vis de sa taille.<\/p>\n<p>Vous saurez l\u2019adapter pour une <strong>vape volumineuse mais discr\u00e8te<\/strong> pour le quotidien. Cette box permet de <strong>modifier le type de vape<\/strong> (VW\/Bypass\/Smart \/TC (Ni, Ti, SS, TCR)) et poss\u00e8de une <strong>capacit\u00e9 de 40 W<\/strong>, de quoi convenir aux d\u00e9butants mais aussi aux plus exp\u00e9riment\u00e9s \u00e0 la recherche d\u2019une petite box discr\u00e8te.<\/p>\n<p>Du c\u00f4t\u00e9 de la Melo III Nano, nous avons l\u00e0 une clearomiseur simple \u00e0 utiliser avec un remplissage par le haut et un <strong>airflow r\u00e9glable<\/strong>. Plut\u00f4t destin\u00e9 \u00e0 une inhalation directe, Eleaf lance avec ce kit ses r\u00e9sistances ECML en 0,75ohm pour un <strong>tirage plus serr\u00e9<\/strong> afin de convenir \u00e9galement \u00e0 des primo-vapoteurs recherchant un tirage imitant la cigarette traditionnelle.<\/p>\n<p><a href=\"https:\/\/dscvape.fr\/wp-content\/uploads\/2018\/11\/Eleaf-iStick-Power-Nano-Kit.pdf\">T\u00e9l\u00e9chargez-moi pour une aide Eleaf iStick Power Nano Kit<\/a><\/p>\n","protected":false},"featured_media":72463,"comment_status":"closed","ping_status":"closed","template":"","meta":[],"marques":[7490],"bundle_layout":"","bundled_by":[],"bundled_items":[],"supplier_id":null,"supplier_sku":"","atum_controlled":true,"out_stock_date":null,"out_stock_threshold":null,"inheritable":false,"inbound_stock":null,"stock_on_hold":null,"sold_today":null,"sales_last_days":null,"reserved_stock":null,"customer_returns":null,"warehouse_damage":null,"lost_in_post":null,"other_logs":null,"out_stock_days":null,"lost_sales":null,"has_location":null,"update_date":null,"atum_locations":[],"atum_stock_status":"instock","low_stock":false,"mi_inventories":[],"multi_inventory":null,"inventory_sorting_mode":null,"inventory_iteration":null,"expirable_inventories":null,"price_per_inventory":null,"_links":{"self":[{"href":"https:\/\/lesaintlaurentvape.com\/en\/wp-json\/wp\/v2\/product\/101164\/"}],"collection":[{"href":"https:\/\/lesaintlaurentvape.com\/en\/wp-json\/wp\/v2\/product\/"}],"about":[{"href":"https:\/\/lesaintlaurentvape.com\/en\/wp-json\/wp\/v2\/types\/product\/"}],"replies":[{"embeddable":true,"href":"https:\/\/lesaintlaurentvape.com\/en\/wp-json\/wp\/v2\/comments\/?post=101164"}],"wp:featuredmedia":[{"embeddable":true,"href":"https:\/\/lesaintlaurentvape.com\/en\/wp-json\/wp\/v2\/media\/72463\/"}],"wp:attachment":[{"href":"https:\/\/lesaintlaurentvape.com\/en\/wp-json\/wp\/v2\/media\/?parent=101164"}],"wp:term":[{"taxonomy":"marques","embeddable":true,"href":"https:\/\/lesaintlaurentvape.com\/en\/wp-json\/wp\/v2\/marques\/?post=101164"}],"curies":[{"name":"wp","href":"https:\/\/api.w.org\/{rel}","templated":true}]}}