{"id":101163,"date":"2019-02-18T13:15:04","date_gmt":"2019-02-18T12:15:04","guid":{"rendered":"https:\/\/lesaintlaurentvape.com\/produit\/innokin-endura-t18ll\/"},"modified":"2020-10-31T20:33:10","modified_gmt":"2020-10-31T19:33:10","slug":"innokin-endura-t18ll","status":"publish","type":"product","link":"https:\/\/lesaintlaurentvape.com\/en\/produit\/innokin-endura-t18ll\/","title":{"rendered":"INNOKIN ENDURA T18II KIT"},"content":{"rendered":"<p><span style=\"color: #ffffff;\">INNOKIN ENDURA T18II KIT<\/span><\/p>\n<h2 style=\"text-align: center;\"><b>DESCRIPTION D\u00c9TAILL\u00c9E\u00a0:<\/b><\/h2>\n<p><img loading=\"lazy\" class=\"aligncenter size-full wp-image-4209\" src=\"https:\/\/dscvape.fr\/wp-content\/uploads\/2018\/11\/D\u00e9tail-ENDURA-T18II-innokin.png\" alt=\"\" width=\"1424\" height=\"1282\" \/><\/p>\n<p style=\"text-align: center;\"><strong><u>Un remplissage simple <\/u><\/strong><\/p>\n<p style=\"text-align: center;\">Le remplissage par le haut se fait de mani\u00e8re tr\u00e8s simple. Il vous suffit de deviser le top cap afin d\u2019avoir acc\u00e8s au r\u00e9servoir. Le remplissage se fait sur le c\u00f4t\u00e9, juste \u00e0 c\u00f4t\u00e9 de la r\u00e9sistance (voir photo ci-joint).<\/p>\n<p><img loading=\"lazy\" class=\"aligncenter size-full wp-image-3528\" src=\"https:\/\/dscvape.fr\/wp-content\/uploads\/2018\/11\/Remplissage-2.png\" alt=\"\" width=\"844\" height=\"564\" \/><\/p>\n<p style=\"text-align: center;\">Attention, peu importe l\u2019appareil, il est tr\u00e8s important de faire l\u2019amor\u00e7age de la r\u00e9sistance. Rappel\u00a0: Etant donn\u00e9 qu\u2019une r\u00e9sistance est compos\u00e9e de coton, lors de la premi\u00e8re utilisation (ou lorsque vous changez de r\u00e9sistance) celle-ci est compl\u00e8tement sec. Il faut donc laisser baigner la r\u00e9sistance dans le liquide apr\u00e8s le remplissage plusieurs minutes (environ 10-15 min) pour \u00e9viter que celle-ci ne br\u00fble pr\u00e9matur\u00e9ment n\u2019\u00e9tant pas imbib\u00e9e de liquide lors que l\u2019appareil la chauffe.<\/p>\n<p style=\"text-align: center;\"><strong><u>Une puissance variable <\/u><\/strong><\/p>\n<p style=\"text-align: center;\">Ce kit permet \u00e9galement de modifier la puissance afin de d\u00e9terminer le tirage qui vous correspondra le mieux. En effet, vous allez pouvoir alterner entre trois niveaux de puissance\u00a0:<\/p>\n<table class=\" aligncenter\">\n<tbody>\n<tr>\n<td width=\"314\">1<sup>er<\/sup> LED allum\u00e9\u00a0: 10 W<\/p>\n<p><img loading=\"lazy\" class=\"aligncenter size-full wp-image-3529\" src=\"https:\/\/dscvape.fr\/wp-content\/uploads\/2018\/11\/Niveau-1.png\" alt=\"\" width=\"145\" height=\"55\" \/><\/td>\n<td width=\"314\">2<sup>nd<\/sup> LED allum\u00e9\u00a0: 12W<\/p>\n<p><img loading=\"lazy\" class=\"aligncenter size-full wp-image-3530\" src=\"https:\/\/dscvape.fr\/wp-content\/uploads\/2018\/11\/Niveau-2.png\" alt=\"\" width=\"154\" height=\"59\" \/><\/td>\n<td width=\"314\">3<sup>\u00e8me<\/sup> LED allum\u00e9\u00a0: 13,5W<\/p>\n<p><img loading=\"lazy\" class=\"aligncenter size-full wp-image-3531\" src=\"https:\/\/dscvape.fr\/wp-content\/uploads\/2018\/11\/Niveau-3.png\" alt=\"\" width=\"154\" height=\"53\" \/><\/td>\n<\/tr>\n<\/tbody>\n<\/table>\n<p style=\"text-align: center;\">Pour cela, \u00e9teignez l\u2019appareil. Une fois \u00e9teint, appuyez de mani\u00e8re continue sur le bouton fire jusqu\u2019\u00e0 ce que le led appara\u00eet. Modifiez en maintenant le bouton entre chaque niveau de puissance. Une fois que vous avez s\u00e9lectionnez, allumer la machine quand le LED indique le niveau souhait\u00e9.<br \/>\nCes LED indiquent \u00e9galement le niveau de batterie restant lorsque l&#8217;appareil est allum\u00e9 :<\/p>\n<table class=\" aligncenter\">\n<tbody>\n<tr>\n<td width=\"314\">1 LED allum\u00e9\u00a0: PLEIN<\/td>\n<td width=\"314\">2 LED allum\u00e9s\u00a0: MOYEN<\/td>\n<td width=\"314\">3 LED allum\u00e9s\u00a0: PRESQUE VIDE<\/td>\n<\/tr>\n<\/tbody>\n<\/table>\n<p style=\"text-align: center;\"><strong><u>Changer sa r\u00e9sistance<\/u><\/strong><\/p>\n<p style=\"text-align: center;\">Pour changer sa r\u00e9sistance, rien de plus simple. Il vous suffira de deviser le bottom cap du r\u00e9servoir, tirer sur la r\u00e9sistance et en replacer une nouvelle en l\u2019embo\u00eetant correctement avec les lignes indiqu\u00e9es sur le r\u00e9servoir.<\/p>\n<p><img loading=\"lazy\" class=\"aligncenter size-full wp-image-3533\" src=\"https:\/\/dscvape.fr\/wp-content\/uploads\/2018\/11\/Changer-r\u00e9sistance.png\" alt=\"\" width=\"724\" height=\"523\" \/><\/p>\n","protected":false},"excerpt":{"rendered":"<p>Apr\u00e8s le kit MTL Endura T18 de la marque <strong>INNOKIN<\/strong>, celle-ci lance la seconde version nomm\u00e9e <strong>Endura T18II<\/strong> avec un design plus travaill\u00e9 et remis au go\u00fbt du jour. Ce kit utilise les m\u00eames r\u00e9sistances que la version pr\u00e9c\u00e9dente mais apporte tout de m\u00eame des nouveaut\u00e9s au niveau des fonctionnalit\u00e9s telles que un airflow qui sera d\u00e9sormais modulable, des LED indicateurs du niveau de batterie et enfin la possibilit\u00e9 de changer la puissance de la machine. La batterie obtient aussi son am\u00e9lioration avec le passage d\u2019une autonomie de 1000mAh \u00e0 1300mAh. C\u2019est donc un kit \u00e0 pr\u00e9senter aux primo-vapoteurs cherchant une alternative efficace et puissante.<\/p>\n<p>Prix de vente minimum conseill\u00e9 en magasin physique: 34.90\u20acTTC (prix donn\u00e9 par le fabricant INNOKIN)<\/p>\n<p><a href=\"https:\/\/dscvape.fr\/wp-content\/uploads\/2019\/02\/Aide-\u00e0-la-vente-INNOKIN-T18II.pdf\">T\u00e9l\u00e9chargez-moi pour une aide \u00e0 la vente INNOKIN T18II<\/a><\/p>\n","protected":false},"featured_media":75881,"comment_status":"closed","ping_status":"closed","template":"","meta":[],"marques":[7484],"bundle_layout":"","bundled_by":[],"bundled_items":[],"supplier_id":null,"supplier_sku":"","atum_controlled":true,"out_stock_date":null,"out_stock_threshold":null,"inheritable":false,"inbound_stock":null,"stock_on_hold":null,"sold_today":null,"sales_last_days":null,"reserved_stock":null,"customer_returns":null,"warehouse_damage":null,"lost_in_post":null,"other_logs":null,"out_stock_days":null,"lost_sales":null,"has_location":null,"update_date":null,"atum_locations":[],"atum_stock_status":"instock","low_stock":false,"mi_inventories":[],"multi_inventory":null,"inventory_sorting_mode":null,"inventory_iteration":null,"expirable_inventories":null,"price_per_inventory":null,"_links":{"self":[{"href":"https:\/\/lesaintlaurentvape.com\/en\/wp-json\/wp\/v2\/product\/101163\/"}],"collection":[{"href":"https:\/\/lesaintlaurentvape.com\/en\/wp-json\/wp\/v2\/product\/"}],"about":[{"href":"https:\/\/lesaintlaurentvape.com\/en\/wp-json\/wp\/v2\/types\/product\/"}],"replies":[{"embeddable":true,"href":"https:\/\/lesaintlaurentvape.com\/en\/wp-json\/wp\/v2\/comments\/?post=101163"}],"wp:featuredmedia":[{"embeddable":true,"href":"https:\/\/lesaintlaurentvape.com\/en\/wp-json\/wp\/v2\/media\/75881\/"}],"wp:attachment":[{"href":"https:\/\/lesaintlaurentvape.com\/en\/wp-json\/wp\/v2\/media\/?parent=101163"}],"wp:term":[{"taxonomy":"marques","embeddable":true,"href":"https:\/\/lesaintlaurentvape.com\/en\/wp-json\/wp\/v2\/marques\/?post=101163"}],"curies":[{"name":"wp","href":"https:\/\/api.w.org\/{rel}","templated":true}]}}