{"id":101162,"date":"2018-11-13T13:19:07","date_gmt":"2018-11-13T12:19:07","guid":{"rendered":"https:\/\/lesaintlaurentvape.com\/produit\/eleaf-gs-drive-clearomiseur\/"},"modified":"2020-10-31T20:29:58","modified_gmt":"2020-10-31T19:29:58","slug":"eleaf-gs-drive-clearomiseur","status":"publish","type":"product","link":"https:\/\/lesaintlaurentvape.com\/en\/produit\/eleaf-gs-drive-clearomiseur\/","title":{"rendered":"Eleaf GS Drive Clearomiseur"},"content":{"rendered":"<p><span style=\"color: #ffffff;\">Eleaf GS Drive Clearomiseur<\/span><\/p>\n<h2 style=\"text-align: center;\"><b>DESCRIPTION D\u00c9TAILL\u00c9E\u00a0:<\/b><\/h2>\n<p style=\"text-align: center;\"><strong><u><img loading=\"lazy\" class=\"aligncenter size-full wp-image-4210\" src=\"https:\/\/dscvape.fr\/wp-content\/uploads\/2018\/11\/GS-Drive-D\u00e9tail-Eleaf.png\" alt=\"\" width=\"1048\" height=\"824\" \/>Des nouvelles r\u00e9sistances<\/u><\/strong><\/p>\n<p style=\"text-align: center;\">Eleaf lance avec la sortie de son clearomiseur GS Drive, une nouvelle r\u00e9sistance\u00a0: GS Air M. C\u2019est une r\u00e9sistance en Kanthal d\u2019un tirage de 0,35ohm \u00e0 utiliser entre 10 et 25W. Celle-ci am\u00e9liorerait encore plus la retranscription des saveurs pour exp\u00e9rience de vape pure.<\/p>\n<p style=\"text-align: center;\"><strong><u><img loading=\"lazy\" class=\"aligncenter size-full wp-image-3760\" src=\"https:\/\/dscvape.fr\/wp-content\/uploads\/2018\/11\/R\u00e9sistance-GS-Air-M-035.png\" alt=\"\" width=\"513\" height=\"490\" \/>GS Drive, un clearomiseur simple mais efficace<\/u><\/strong><\/p>\n<p><img loading=\"lazy\" class=\"aligncenter size-full wp-image-3764\" src=\"https:\/\/dscvape.fr\/wp-content\/uploads\/2018\/11\/Animation-remplissage2.0.gif\" alt=\"\" width=\"857\" height=\"807\" \/><\/p>\n<p>&nbsp;<\/p>\n<p style=\"text-align: center;\">Ce clearomiseur reprend les fameuses r\u00e9sistances GS Air de la marque qui ne sont plus \u00e0 pr\u00e9senter dor\u00e9navant. Son design est repens\u00e9 pour un remplissage encore plus simple. En effet, il vous suffira d\u2019enfoncer le bouton situ\u00e9 sur le top cap et pousser celui-ci au niveau du petit triangle pour pouvoir d\u00e9couvrir l\u2019orifice d\u00e9di\u00e9 au remplissage situ\u00e9e en dessous. Une fois rempli, il vous suffira de refermer le top cap. C\u2019est donc une s\u00e9curit\u00e9 enfant renforc\u00e9e avec ce top cap qui allie simplicit\u00e9 et efficacit\u00e9.<\/p>\n","protected":false},"excerpt":{"rendered":"<p>Eleaf lance son nouveau clearomiseur, le GS Drive. Il est compatible avec les fameuses r\u00e9sistances GS Air. Eleaf en profite pour introduire avec ce produit ses nouvelles r\u00e9sistances <a href=\"https:\/\/dscvape.fr\/produit\/eleaf-gs-air-m-resistance-035-ohm\/\">GS Air M 0,35 ohm<\/a> inclues dans le kit pour une exp\u00e9rience de vape toujours plus intense. Ce petit clearomiseur d\u2019une capacit\u00e9 de 2 ml se remplit par le haut en tout simplicit\u00e9 par une trappe situ\u00e9 sous le top cap avec s\u00e9curit\u00e9 enfant pour un remplissage simple et propre. Elle poss\u00e8de un airflow r\u00e9glable sur le bas du clearomiseur.<\/p>\n","protected":false},"featured_media":72459,"comment_status":"closed","ping_status":"closed","template":"","meta":[],"marques":[7490],"bundle_layout":"","bundled_by":[],"bundled_items":[],"supplier_id":null,"supplier_sku":"","atum_controlled":true,"out_stock_date":null,"out_stock_threshold":null,"inheritable":false,"inbound_stock":null,"stock_on_hold":0,"sold_today":0,"sales_last_days":0,"reserved_stock":null,"customer_returns":null,"warehouse_damage":null,"lost_in_post":null,"other_logs":null,"out_stock_days":0,"lost_sales":0,"has_location":null,"update_date":"2020-11-02T23:20:35","atum_locations":[],"atum_stock_status":"instock","low_stock":false,"mi_inventories":[173],"multi_inventory":null,"inventory_sorting_mode":null,"inventory_iteration":null,"expirable_inventories":null,"price_per_inventory":null,"_links":{"self":[{"href":"https:\/\/lesaintlaurentvape.com\/en\/wp-json\/wp\/v2\/product\/101162\/"}],"collection":[{"href":"https:\/\/lesaintlaurentvape.com\/en\/wp-json\/wp\/v2\/product\/"}],"about":[{"href":"https:\/\/lesaintlaurentvape.com\/en\/wp-json\/wp\/v2\/types\/product\/"}],"replies":[{"embeddable":true,"href":"https:\/\/lesaintlaurentvape.com\/en\/wp-json\/wp\/v2\/comments\/?post=101162"}],"wp:featuredmedia":[{"embeddable":true,"href":"https:\/\/lesaintlaurentvape.com\/en\/wp-json\/wp\/v2\/media\/72459\/"}],"wp:attachment":[{"href":"https:\/\/lesaintlaurentvape.com\/en\/wp-json\/wp\/v2\/media\/?parent=101162"}],"wp:term":[{"taxonomy":"marques","embeddable":true,"href":"https:\/\/lesaintlaurentvape.com\/en\/wp-json\/wp\/v2\/marques\/?post=101162"}],"curies":[{"name":"wp","href":"https:\/\/api.w.org\/{rel}","templated":true}]}}