{"id":101161,"date":"2018-11-13T12:58:47","date_gmt":"2018-11-13T11:58:47","guid":{"rendered":"https:\/\/lesaintlaurentvape.com\/produit\/eleaf-gs-air-2-clearomiseur\/"},"modified":"2020-10-31T20:29:56","modified_gmt":"2020-10-31T19:29:56","slug":"eleaf-gs-air-2-clearomiseur","status":"publish","type":"product","link":"https:\/\/lesaintlaurentvape.com\/en\/produit\/eleaf-gs-air-2-clearomiseur\/","title":{"rendered":"Eleaf GS Air 2                Clearomiseur"},"content":{"rendered":"<p><span style=\"color: #ffffff;\">Eleaf GS Air 2 Clearomiseur<\/span><\/p>\n<p>Le GS Air 2, petit fr\u00e8re du GS Air est un clearomiseur de la marque Eleaf destin\u00e9 \u00e0 l\u2019inhalation indirecte. Avec une r\u00e9sistance en <a href=\"https:\/\/dscvape.fr\/produit\/eleaf-gs-air-resistance-075-ohm\/\">0,75 ohm<\/a> pr\u00e9-install\u00e9e, d\u00e9couvrez un clearomiseur simple et parfait pour commencer la vape.<\/p>\n<p class=\"p1\"><span class=\"s1\" style=\"color: #ffffff;\"><a style=\"color: #ffffff;\" href=\"https:\/\/dscvape.fr\/product-brands\/eleaf\/\">Voir tous les produits Eleaf sur le site<\/a><\/span><\/p>\n<p class=\"p1\"><span class=\"s1\" style=\"color: #ffffff;\"><a style=\"color: #ffffff;\" href=\"http:\/\/www.eleafworld.com\/\">Voir le site du fournisseur<\/a><\/span><\/p>\n<p><span style=\"color: #ffffff;\">AUSSI.\u00a0<\/span><\/p>\n","protected":false},"excerpt":{"rendered":"<p>Eleaf GS Air 2 Clearomiseur.<\/p>\n<p class=\"p1\">\n","protected":false},"featured_media":72456,"comment_status":"closed","ping_status":"closed","template":"","meta":[],"marques":[7490],"bundle_layout":"","bundled_by":[],"bundled_items":[],"supplier_id":null,"supplier_sku":"","atum_controlled":true,"out_stock_date":null,"out_stock_threshold":null,"inheritable":false,"inbound_stock":null,"stock_on_hold":0,"sold_today":0,"sales_last_days":0,"reserved_stock":null,"customer_returns":null,"warehouse_damage":null,"lost_in_post":null,"other_logs":null,"out_stock_days":0,"lost_sales":0,"has_location":null,"update_date":"2020-11-02T23:20:35","atum_locations":[],"atum_stock_status":"instock","low_stock":false,"mi_inventories":[184],"multi_inventory":null,"inventory_sorting_mode":null,"inventory_iteration":null,"expirable_inventories":null,"price_per_inventory":null,"_links":{"self":[{"href":"https:\/\/lesaintlaurentvape.com\/en\/wp-json\/wp\/v2\/product\/101161\/"}],"collection":[{"href":"https:\/\/lesaintlaurentvape.com\/en\/wp-json\/wp\/v2\/product\/"}],"about":[{"href":"https:\/\/lesaintlaurentvape.com\/en\/wp-json\/wp\/v2\/types\/product\/"}],"replies":[{"embeddable":true,"href":"https:\/\/lesaintlaurentvape.com\/en\/wp-json\/wp\/v2\/comments\/?post=101161"}],"wp:featuredmedia":[{"embeddable":true,"href":"https:\/\/lesaintlaurentvape.com\/en\/wp-json\/wp\/v2\/media\/72456\/"}],"wp:attachment":[{"href":"https:\/\/lesaintlaurentvape.com\/en\/wp-json\/wp\/v2\/media\/?parent=101161"}],"wp:term":[{"taxonomy":"marques","embeddable":true,"href":"https:\/\/lesaintlaurentvape.com\/en\/wp-json\/wp\/v2\/marques\/?post=101161"}],"curies":[{"name":"wp","href":"https:\/\/api.w.org\/{rel}","templated":true}]}}