{"id":101155,"date":"2018-11-12T15:04:55","date_gmt":"2018-11-12T14:04:55","guid":{"rendered":"https:\/\/lesaintlaurentvape.com\/produit\/aspire-pockex-resistance-12-ohm\/"},"modified":"2020-10-31T21:18:45","modified_gmt":"2020-10-31T20:18:45","slug":"aspire-pockex-resistance-12-ohm","status":"publish","type":"product","link":"https:\/\/lesaintlaurentvape.com\/en\/produit\/aspire-pockex-resistance-12-ohm\/","title":{"rendered":"Aspire &#8211; PockeX R\u00e9sistance"},"content":{"rendered":"<p><span style=\"color: #ffffff;\">PockeX\u00a0<\/span><\/p>\n<p style=\"text-align: center;\"><strong><u>La technologie U-TECH par Aspire<\/u><\/strong><\/p>\n<p style=\"text-align: center;\"><img loading=\"lazy\" class=\"aligncenter wp-image-2735\" src=\"https:\/\/dscvape.fr\/wp-content\/uploads\/2018\/11\/R\u00e9sistance-Spryte-12-ohm-10.png\" alt=\"\" width=\"459\" height=\"254\" \/><\/p>\n<p style=\"text-align: center;\">En cr\u00e9ant la PockeX, Aspire s\u2019inspire de la Nautilus X, un clearomiseur de la marque. C\u2019est donc sans surprise qu\u2019on retrouve des r\u00e9sistances utilisant la technologie U-Tech d\u2019Aspire. En effet, cela permettrait d\u2019obtenir une meilleure exp\u00e9rience de vape gr\u00e2ce au passage de l\u2019air dans une chambre en forme de U. Gr\u00e2ce \u00e0 cette forme, l\u2019air passe \u00e0 travers le montage de la r\u00e9sistance deux fois (dans les deux parties de fil de r\u00e9sistif en kanthal sur les deux branches du \u00ab\u00a0U\u00a0\u00bb) avant l\u2019inhalation. Cela permet un excellent rendu des saveurs \u00e0 chaque bouff\u00e9.<\/p>\n<p><img class=\"aligncenter\" src=\"https:\/\/www.aspirecig.com\/templets\/mi\/images\/nautilusx\/5.png\" \/><\/p>\n<p class=\"p1\"><span class=\"s1\" style=\"color: #ffffff;\"><a style=\"color: #ffffff;\" href=\"https:\/\/dscvape.fr\/product-brands\/aspire\/\">https:\/\/dscvape.fr\/product-brands\/aspire\/<\/a><\/span><\/p>\n<p class=\"p1\"><span class=\"s1\" style=\"color: #ffffff;\"><a style=\"color: #ffffff;\" href=\"https:\/\/www.aspirecig.com\/\">https:\/\/www.aspirecig.com\/<\/a><\/span><\/p>\n<p>&nbsp;<\/p>\n","protected":false},"excerpt":{"rendered":"<p>R\u00e9sistances au kit <a href=\"https:\/\/dscvape.fr\/produit\/pockex-kit\/\">PockeX<\/a> de la marque Aspire. Vendue par bo\u00eete de 5 pi\u00e8ces. Existe en 0.6ohm et 1.2ohm.<\/p>\n<p><span style=\"text-decoration: underline;\"><strong>Compatibilit\u00e9:<\/strong><\/span> PockeX<\/p>\n","protected":false},"featured_media":72424,"comment_status":"closed","ping_status":"closed","template":"","meta":[],"marques":[7439],"bundle_layout":"","bundled_by":[],"bundled_items":[],"supplier_id":null,"supplier_sku":"","atum_controlled":true,"out_stock_date":"2020-10-31T18:29:47","out_stock_threshold":null,"inheritable":false,"inbound_stock":null,"stock_on_hold":0,"sold_today":0,"sales_last_days":0,"reserved_stock":null,"customer_returns":null,"warehouse_damage":null,"lost_in_post":null,"other_logs":null,"out_stock_days":1983,"lost_sales":0,"has_location":null,"update_date":"2026-04-06T22:36:45","atum_locations":[],"atum_stock_status":"outofstock","low_stock":false,"mi_inventories":[],"multi_inventory":null,"inventory_sorting_mode":null,"inventory_iteration":null,"expirable_inventories":null,"price_per_inventory":null,"_links":{"self":[{"href":"https:\/\/lesaintlaurentvape.com\/en\/wp-json\/wp\/v2\/product\/101155\/"}],"collection":[{"href":"https:\/\/lesaintlaurentvape.com\/en\/wp-json\/wp\/v2\/product\/"}],"about":[{"href":"https:\/\/lesaintlaurentvape.com\/en\/wp-json\/wp\/v2\/types\/product\/"}],"replies":[{"embeddable":true,"href":"https:\/\/lesaintlaurentvape.com\/en\/wp-json\/wp\/v2\/comments\/?post=101155"}],"wp:featuredmedia":[{"embeddable":true,"href":"https:\/\/lesaintlaurentvape.com\/en\/wp-json\/wp\/v2\/media\/72424\/"}],"wp:attachment":[{"href":"https:\/\/lesaintlaurentvape.com\/en\/wp-json\/wp\/v2\/media\/?parent=101155"}],"wp:term":[{"taxonomy":"marques","embeddable":true,"href":"https:\/\/lesaintlaurentvape.com\/en\/wp-json\/wp\/v2\/marques\/?post=101155"}],"curies":[{"name":"wp","href":"https:\/\/api.w.org\/{rel}","templated":true}]}}