{"id":101154,"date":"2018-11-12T14:50:24","date_gmt":"2018-11-12T13:50:24","guid":{"rendered":"https:\/\/lesaintlaurentvape.com\/produit\/innokin-jem\/"},"modified":"2020-10-31T21:09:03","modified_gmt":"2020-10-31T20:09:03","slug":"innokin-jem","status":"publish","type":"product","link":"https:\/\/lesaintlaurentvape.com\/en\/produit\/innokin-jem\/","title":{"rendered":"INNOKIN JEM Kit"},"content":{"rendered":"<p><span style=\"color: #ffffff;\">JEM Kit<\/span><\/p>\n<h2 style=\"text-align: center;\"><b>DESCRIPTION D\u00c9TAILL\u00c9E\u00a0:<\/b><\/h2>\n<p><img loading=\"lazy\" class=\"aligncenter size-full wp-image-4207\" src=\"https:\/\/dscvape.fr\/wp-content\/uploads\/2018\/11\/D\u00e9tail-kit-jem.png\" alt=\"\" width=\"1802\" height=\"1185\" \/><\/p>\n<p style=\"text-align: center;\"><strong><u>Un clearomiseur MTL<\/u><\/strong><\/p>\n<p style=\"text-align: center;\">Le clearomiseur, d\u2019une capacit\u00e9 de 2 ml, se pr\u00e9sente comme un produit MTL avec des r\u00e9sistances en 1,6 ohm. Le remplissage se fait par le haut en d\u00e9vissant le top cap et pour changer la r\u00e9sistance, retournez l\u2019appareil vers le bas et deviser au niveau de la bague de l\u2019airflow.<\/p>\n<p><a href=\"https:\/\/dscvape.fr\/wp-content\/uploads\/2018\/11\/Remplissage-JEM-innokin.jpg\"><img loading=\"lazy\" class=\"aligncenter size-full wp-image-7553\" src=\"https:\/\/dscvape.fr\/wp-content\/uploads\/2018\/11\/Remplissage-JEM-innokin.jpg\" alt=\"\" width=\"1239\" height=\"666\" \/><\/a><\/p>\n<p style=\"text-align: center;\">Attention, peu importe l\u2019appareil, il est tr\u00e8s important de faire l\u2019amor\u00e7age de la r\u00e9sistance. Rappel\u00a0: Etant donn\u00e9 qu\u2019une r\u00e9sistance est compos\u00e9e de coton, lors de la premi\u00e8re utilisation (ou lorsque vous changez de r\u00e9sistance) celle-ci est compl\u00e8tement sec. Il faut donc laisser baigner la r\u00e9sistance dans le liquide apr\u00e8s le remplissage plusieurs minutes (environ 10-15 min) pour \u00e9viter que celle-ci ne br\u00fble pr\u00e9matur\u00e9ment n\u2019\u00e9tant pas imbib\u00e9e de liquide lors que l\u2019appareil la chauffe.<\/p>\n<p><a href=\"https:\/\/dscvape.fr\/wp-content\/uploads\/2018\/11\/Changer-r\u00e9sistance-innokin-jem.jpg\"><img loading=\"lazy\" class=\"aligncenter size-full wp-image-7554\" src=\"https:\/\/dscvape.fr\/wp-content\/uploads\/2018\/11\/Changer-r\u00e9sistance-innokin-jem.jpg\" alt=\"\" width=\"2299\" height=\"661\" \/><\/a><\/p>\n<p style=\"text-align: center;\"><strong><u>Une mini-box<\/u><\/strong><\/p>\n<p style=\"text-align: center;\">Cette box permet de d\u00e9finir la puissance d\u00e9sir\u00e9e en modifiant directement celle-ci avec les boutons +\/-. En effet, vous allez pouvoir alterner entre 5 puissances pr\u00e9d\u00e9finies\u00a0: 10 \/ 11 \/ 12 \/ 13 \/ 13,5 W. Cette fonctionnalit\u00e9, rare pour les petites box MTL, va vous permettre de d\u00e9terminer le tirage qui vont conviendra le mieux. Cette batterie poss\u00e8de une autonomie de 1000 mAh et est en oxyde d\u2019aluminium durable.<br \/>\nPour allumer, il vous suffira de presser 3x rapidement le bouton fire et pareillement pour \u00e9teindre la machine. Un led indique le niveau de batterie restant\u00a0:<\/p>\n<table class=\" aligncenter\">\n<tbody>\n<tr>\n<td width=\"236\">Vert: Plein<\/td>\n<td width=\"236\">Orange: Moyen<\/td>\n<td width=\"236\">Rouge : Faible<\/td>\n<\/tr>\n<\/tbody>\n<\/table>\n<p style=\"text-align: center;\"><strong><u>Chargement<\/u><\/strong><\/p>\n<p style=\"text-align: center;\">La box se recharge sur le dessous, avec un c\u00e2ble USB fourni par la marque. Utilisez un adaptateur mural pour charger votre appareil, mais pr\u00e9f\u00e9rez plut\u00f4t les ordinateurs pour le chargement.<\/p>\n<p><a href=\"https:\/\/dscvape.fr\/wp-content\/uploads\/2018\/11\/JEM-PORT-USB.png\"><img loading=\"lazy\" class=\"aligncenter size-full wp-image-7552\" src=\"https:\/\/dscvape.fr\/wp-content\/uploads\/2018\/11\/JEM-PORT-USB.png\" alt=\"\" width=\"984\" height=\"650\" \/><\/a><\/p>\n","protected":false},"excerpt":{"rendered":"<p><strong><em>Produit phare !<\/em><\/strong><\/p>\n<p>Notre fameux kit <strong>JEM<\/strong> est pr\u00e9sent\u00e9 par la marque<strong> INNOKIN<\/strong>. C\u2019est un kit MTL donc d\u00e9di\u00e9 plut\u00f4t aux primo-vapoteurs avec des r\u00e9sistances en 1,6 ohm. C\u2019est un kit tr\u00e8s facilement transportable au quotidien pour ceux qui recherchent un appareil <strong>discret mais efficace<\/strong>. Son design, ses couleurs, ainsi que ses fonctionnalit\u00e9s saura vous donner satisfaction. En effet, il est possible de modifier, par des param\u00e8tres pr\u00e9d\u00e9finis, la puissance en watt de l\u2019appareil. Associ\u00e9 \u00e0 un <strong>airflow r\u00e9glable<\/strong>, vous allez pouvoir d\u00e9terminer quel type de tirage vous conviendra le mieux. Cela permet un certain contr\u00f4le sans pour autant avoir une box difficile \u00e0 utiliser. Enti\u00e8rement d\u00e9montable pour un nettoyage plus pratique et complet. Le <strong>JEM <\/strong>d&#8217;<strong>INNOKIN<\/strong> est le partenaire id\u00e9al pour une vape diff\u00e9rente.<\/p>\n<p>Prix de vente minimum conseill\u00e9 en magasin physique: 32.90\u20acTTC (prix donn\u00e9 par le fabricant INNOKIN)<\/p>\n<p><a href=\"https:\/\/dscvape.fr\/wp-content\/uploads\/2018\/11\/Aide-\u00e0-la-vente-INNOKIN-JEM.pdf\">T\u00e9l\u00e9chargez-moi pour une aide \u00e0 la vente INNOKIN JEM<\/a><\/p>\n<p>&nbsp;<\/p>\n","protected":false},"featured_media":72404,"comment_status":"closed","ping_status":"closed","template":"","meta":[],"marques":[7484],"bundle_layout":"","bundled_by":[],"bundled_items":[],"supplier_id":null,"supplier_sku":"","atum_controlled":true,"out_stock_date":null,"out_stock_threshold":null,"inheritable":false,"inbound_stock":null,"stock_on_hold":null,"sold_today":null,"sales_last_days":null,"reserved_stock":null,"customer_returns":null,"warehouse_damage":null,"lost_in_post":null,"other_logs":null,"out_stock_days":null,"lost_sales":null,"has_location":null,"update_date":null,"atum_locations":[],"atum_stock_status":"instock","low_stock":false,"mi_inventories":[],"multi_inventory":null,"inventory_sorting_mode":null,"inventory_iteration":null,"expirable_inventories":null,"price_per_inventory":null,"_links":{"self":[{"href":"https:\/\/lesaintlaurentvape.com\/en\/wp-json\/wp\/v2\/product\/101154\/"}],"collection":[{"href":"https:\/\/lesaintlaurentvape.com\/en\/wp-json\/wp\/v2\/product\/"}],"about":[{"href":"https:\/\/lesaintlaurentvape.com\/en\/wp-json\/wp\/v2\/types\/product\/"}],"replies":[{"embeddable":true,"href":"https:\/\/lesaintlaurentvape.com\/en\/wp-json\/wp\/v2\/comments\/?post=101154"}],"wp:featuredmedia":[{"embeddable":true,"href":"https:\/\/lesaintlaurentvape.com\/en\/wp-json\/wp\/v2\/media\/72404\/"}],"wp:attachment":[{"href":"https:\/\/lesaintlaurentvape.com\/en\/wp-json\/wp\/v2\/media\/?parent=101154"}],"wp:term":[{"taxonomy":"marques","embeddable":true,"href":"https:\/\/lesaintlaurentvape.com\/en\/wp-json\/wp\/v2\/marques\/?post=101154"}],"curies":[{"name":"wp","href":"https:\/\/api.w.org\/{rel}","templated":true}]}}