{"id":101153,"date":"2018-11-12T14:47:28","date_gmt":"2018-11-12T13:47:28","guid":{"rendered":"https:\/\/lesaintlaurentvape.com\/produit\/aspire-spryte-pod\/"},"modified":"2020-10-31T20:29:45","modified_gmt":"2020-10-31T19:29:45","slug":"aspire-spryte-pod","status":"publish","type":"product","link":"https:\/\/lesaintlaurentvape.com\/en\/produit\/aspire-spryte-pod\/","title":{"rendered":"Aspire Spryte Pod"},"content":{"rendered":"<p><span style=\"color: #ffffff;\">Aspire Spryte Pod<\/span><\/p>\n<p style=\"text-align: center;\"><strong><u>Un airflow ajustable<\/u><\/strong><\/p>\n<p style=\"text-align: center;\">Tout d\u2019abord, ce syst\u00e8me d\u2019AIO poss\u00e8de un airflow r\u00e9glable, ce qui reste assez rare pour les appareils de cette taille.<br \/>\nEn effet, en plus des ouvertures d\u2019air pr\u00e9sentes sur les c\u00f4t\u00e9s de l\u2019appareil, ASPIRE propose \u00e0 ses utilisateurs la capacit\u00e9 de r\u00e9gler le d\u00e9bit d\u2019air gr\u00e2ce \u00e0 une bague pr\u00e9sente sur le bas du r\u00e9servoir (photo ci-jointe).<\/p>\n<p><img loading=\"lazy\" class=\"aligncenter size-full wp-image-3576\" src=\"https:\/\/dscvape.fr\/wp-content\/uploads\/2018\/11\/Airflow-spryte.png\" alt=\"\" width=\"741\" height=\"639\" \/><\/p>\n<p style=\"text-align: center;\"><strong><u>Des r\u00e9sistances d\u00e9di\u00e9es \u00e0 l\u2019inhalation indirecte<\/u><\/strong><\/p>\n<p><img loading=\"lazy\" class=\"aligncenter size-full wp-image-3577\" src=\"https:\/\/dscvape.fr\/wp-content\/uploads\/2018\/11\/R\u00e9sistance-Spryte.png\" alt=\"\" width=\"1058\" height=\"426\" \/><\/p>\n<p style=\"text-align: center;\">Ce kit propose deux r\u00e9sistances, une r\u00e9sistance <a href=\"https:\/\/dscvape.fr\/produit\/aspire-resistance-bvc-18-ohm\/\">BVC en 1.8ohm<\/a> mais aussi une nouveaut\u00e9, une r\u00e9sistance <a href=\"https:\/\/dscvape.fr\/produit\/aspire-spryte-resistance-12-ohm\/\">BVC NS en 1,2 ohm<\/a> cr\u00e9\u00e9e sp\u00e9cialement pour les e-liquides \u00e0 base de sel de nicotine. En effet, ASPIRE lance une gamme de r\u00e9sistance BVC, reconnaissable par leurs bandes turquoises, d\u00e9di\u00e9e aux e-liquides \u00e0 base de sel de nicotine pour une vape toujours plus agr\u00e9able. Bien s\u00fbr, ces nouvelles r\u00e9sistances peuvent s\u2019utiliser avec des e-liquides classiques.<\/p>\n<p style=\"text-align: center;\"><strong><u>Remplir et changer les r\u00e9sistances<\/u><\/strong><\/p>\n<p style=\"text-align: center;\"><img loading=\"lazy\" class=\"aligncenter size-full wp-image-3579\" src=\"https:\/\/dscvape.fr\/wp-content\/uploads\/2018\/11\/Remplissage-spryte.png\" alt=\"\" width=\"1386\" height=\"564\" \/><\/p>\n<p style=\"text-align: center;\">Pour <strong>remplir<\/strong> c\u2019est simple, il suffit de soulever la petite languette orange qui laissera appara\u00eetre un orifice d\u00e9di\u00e9 au remplissage d\u2019un diam\u00e8tre de 4,6 mm qui correspondra \u00e0 la plupart des fioles d\u2019e-liquide sur le march\u00e9. Une fois rempli, vous n\u2019aurez qu\u2019\u00e0 refermer le trou et installer le <a href=\"https:\/\/dscvape.fr\/produit\/aspire-spryte-pod\/\">pod<\/a> sur la batterie.<\/p>\n<p><img loading=\"lazy\" class=\"aligncenter size-full wp-image-3580\" src=\"https:\/\/dscvape.fr\/wp-content\/uploads\/2018\/11\/Changement-r\u00e9sistance-spryte.png\" alt=\"\" width=\"1325\" height=\"501\" \/><\/p>\n<p style=\"text-align: center;\">Pour ce qui est du <strong>changement de la r\u00e9sistance<\/strong>, retirez dans un premier temps la bague d\u00e9di\u00e9e \u00e0 l\u2019airflow. Ensuite, visez votre r\u00e9sistance sur la bague. Enfin installez la bague \u00e0 nouveau sur le r\u00e9servoir. Ne pas oublier l\u2019amor\u00e7age de la r\u00e9sistance lorsque l&#8217;on en installe une nouvelle afin d\u2019\u00e9viter tout risque de br\u00fbler sa r\u00e9sistance pr\u00e9matur\u00e9ment. (L\u2019amor\u00e7age est lorsque l&#8217;on laisse la r\u00e9sistance s\u2019imbiber du e-liquide afin d\u2019\u00e9viter tout risque de br\u00fbler celle-ci, souvent 5-10 min.)<\/p>\n","protected":false},"excerpt":{"rendered":"<p>Pod destin\u00e9e \u00e0 l&#8217;appareil <a href=\"https:\/\/dscvape.fr\/produit\/aspire-spryte-aio\/\">Spryte<\/a> de la marque Aspire.<\/p>\n","protected":false},"featured_media":72401,"comment_status":"closed","ping_status":"closed","template":"","meta":[],"marques":[7439],"bundle_layout":"","bundled_by":[],"bundled_items":[],"supplier_id":null,"supplier_sku":"","atum_controlled":true,"out_stock_date":null,"out_stock_threshold":null,"inheritable":false,"inbound_stock":0,"stock_on_hold":0,"sold_today":0,"sales_last_days":0,"reserved_stock":0,"customer_returns":0,"warehouse_damage":0,"lost_in_post":0,"other_logs":0,"out_stock_days":0,"lost_sales":0,"has_location":false,"update_date":"2021-03-25T11:18:32","atum_locations":[],"atum_stock_status":"instock","low_stock":false,"mi_inventories":[158],"multi_inventory":null,"inventory_sorting_mode":null,"inventory_iteration":null,"expirable_inventories":null,"price_per_inventory":null,"_links":{"self":[{"href":"https:\/\/lesaintlaurentvape.com\/en\/wp-json\/wp\/v2\/product\/101153\/"}],"collection":[{"href":"https:\/\/lesaintlaurentvape.com\/en\/wp-json\/wp\/v2\/product\/"}],"about":[{"href":"https:\/\/lesaintlaurentvape.com\/en\/wp-json\/wp\/v2\/types\/product\/"}],"replies":[{"embeddable":true,"href":"https:\/\/lesaintlaurentvape.com\/en\/wp-json\/wp\/v2\/comments\/?post=101153"}],"wp:featuredmedia":[{"embeddable":true,"href":"https:\/\/lesaintlaurentvape.com\/en\/wp-json\/wp\/v2\/media\/72401\/"}],"wp:attachment":[{"href":"https:\/\/lesaintlaurentvape.com\/en\/wp-json\/wp\/v2\/media\/?parent=101153"}],"wp:term":[{"taxonomy":"marques","embeddable":true,"href":"https:\/\/lesaintlaurentvape.com\/en\/wp-json\/wp\/v2\/marques\/?post=101153"}],"curies":[{"name":"wp","href":"https:\/\/api.w.org\/{rel}","templated":true}]}}