{"id":101151,"date":"2018-11-12T14:45:14","date_gmt":"2018-11-12T13:45:14","guid":{"rendered":"https:\/\/lesaintlaurentvape.com\/produit\/suorin\/"},"modified":"2020-10-31T20:34:57","modified_gmt":"2020-10-31T19:34:57","slug":"suorin","status":"publish","type":"product","link":"https:\/\/lesaintlaurentvape.com\/en\/produit\/suorin\/","title":{"rendered":"SUORIN AIR 400mAh, Pod 2ml"},"content":{"rendered":"<p><span style=\"color: #ffffff;\">SUORIN AIR<\/span><\/p>\n<p style=\"text-align: center;\"><strong><u>Un design de qualit\u00e9<\/u><\/strong><\/p>\n<p style=\"text-align: center;\">Le premier aspect de cette cigarette \u00e9lectronique qui nous interpelle est sa forme assez sp\u00e9ciale qui rappelle les petits smartphones. L&#8217;ensemble des \u00e9l\u00e9ments de cette cigarette \u00e9lectronique atypique se fait au sein du c\u00e9l\u00e8bre sous-traitant Foxconn. Oui oui, il s&#8217;agit de la m\u00eame usine qui fabrique les iPhones. Ainsi, vous pouvez voir quelques ressemblances avec le smartphone de Apple.\u00a0 La batterie utilis\u00e9e est la m\u00eame que celle utilis\u00e9e au sein de l&#8217;iPhone. La finition au toucher est identique \u00e9galement. Bref, un produit de qualit\u00e9 et compacte qui se glisse facilement dans la poche avant de votre chemise ou la poche avant de votre jean.<br \/>\nDe par son gabarit, il ne vous quittera pas de la journ\u00e9e.<\/p>\n<p><img loading=\"lazy\" class=\"aligncenter size-full wp-image-3737\" src=\"https:\/\/dscvape.fr\/wp-content\/uploads\/2018\/11\/Suorin-air.png\" alt=\"\" width=\"1304\" height=\"640\" \/><\/p>\n<p style=\"text-align: center;\"><strong><u>Remplissage du POD<\/u><\/strong><\/p>\n<p style=\"text-align: center;\">Pour remplir le r\u00e9servoir, il vous suffira de soulever la languette en caoutchouc situ\u00e9e sur la base du POD pour d\u00e9couvrir le trou d\u00e9di\u00e9 au remplissage. Enfoncez l\u2019embout de votre e-liquide et remplissez. Une fois fini, refermer le trou et remettez en place le POD. Attention, peu importe l\u2019appareil, il est tr\u00e8s important de faire l\u2019amor\u00e7age de la r\u00e9sistance. Rappel\u00a0: Etant donn\u00e9 qu\u2019une r\u00e9sistance est compos\u00e9e de coton, lors de la premi\u00e8re utilisation (ou lorsque vous changez de r\u00e9sistance) celle-ci est compl\u00e8tement sec. Il faut donc laisser baigner la r\u00e9sistance dans le liquide apr\u00e8s le remplissage plusieurs minutes (environ 10-15min) pour \u00e9viter que celle-ci ne br\u00fble pr\u00e9matur\u00e9ment n\u2019\u00e9tant pas imbib\u00e9e de liquide lors que l\u2019appareil la chauffe.<\/p>\n<p><img loading=\"lazy\" class=\"aligncenter wp-image-3739\" src=\"https:\/\/dscvape.fr\/wp-content\/uploads\/2018\/11\/Suorin-Air-remplissage.png\" alt=\"\" width=\"626\" height=\"657\" \/><\/p>\n<p style=\"text-align: center;\"><strong><u>Syst\u00e8me automatique<\/u><\/strong><\/p>\n<p style=\"text-align: center;\">Le seul \u00e9l\u00e9ment pr\u00e9sent sur l\u2019appareil est le bouton On\/Off. Cet appareil est enti\u00e8rement automatique, c\u2019est-\u00e0-dire qu\u2019il vous suffira de vaper et le syst\u00e8me s\u2019active. Plus besoin de bouton. Cela conviendra parfaitement pour les personnes qui ont d\u00fb mal \u00e0 allumer les cigarettes \u00e9lectroniques par le syst\u00e8me \u00ab\u00a0appuyez 5x rapidement sur le bouton\u00a0\u00bb.<\/p>\n<p><img loading=\"lazy\" class=\"aligncenter wp-image-3738\" src=\"https:\/\/dscvape.fr\/wp-content\/uploads\/2018\/11\/Suorin-ouverture.png\" alt=\"\" width=\"458\" height=\"480\" \/><\/p>\n","protected":false},"excerpt":{"rendered":"<p>Vous cherchez un syst\u00e8me de<strong> pod rechargeable<\/strong> avec un beau design, de belles couleurs, discret et pratique\u00a0? Ne cherchez plus, voil\u00e0 le <strong>Suorin AIR<\/strong>, le syst\u00e8me de POD de la marque <strong>SUORIN<\/strong>. Cet appareil ne ressemble \u00e0 aucun autre sur le march\u00e9 par sa <strong>surface plate<\/strong>. En effet, c\u2019est un <strong>appareil fin<\/strong>, plus fin qu\u2019un smartphone et celui ci rentre facilement dans une poche ou un sac. Son syst\u00e8me est <strong>automatique,<\/strong> c\u2019est-\u00e0-dire qu\u2019il suffit pousser le bouton en mode On et tirer directement sur la machine pour vaper. Le syst\u00e8me s\u2019enclenche lors de l\u2019inspiration, vous n&#8217;aurez pas besoin de rester appuyer sur un bouton. Les pods se changent facilement et se remplisse par une petite languette situ\u00e9e sur la base du pod.<\/p>\n<p>Celui-ci est rechargeable avec les liquides de votre choix. Toutefois, le fabricant recommande d&#8217;utiliser la SUORIN Air avec des e-liquides avec des teneurs de 70VG\/30PG ou 60VG\/40PG, plus la teneur en PG sera \u00e9lev\u00e9, plus il y aura des risques de spit-back (remont\u00e9es de e-liquides en bouche).<\/p>\n<p>PVC: 29.90\u20ac TTC<\/p>\n<p><a href=\"https:\/\/dscvape.fr\/wp-content\/uploads\/2018\/11\/Aide-\u00e0-la-vente-SUORIN-AIR.pdf\">T\u00e9l\u00e9chargez-moi pour une aide \u00e0 la vente SUORIN AIR<\/a><\/p>\n","protected":false},"featured_media":72384,"comment_status":"closed","ping_status":"closed","template":"","meta":[],"marques":[7477],"bundle_layout":"","bundled_by":[],"bundled_items":[],"supplier_id":null,"supplier_sku":"","atum_controlled":true,"out_stock_date":null,"out_stock_threshold":null,"inheritable":false,"inbound_stock":null,"stock_on_hold":null,"sold_today":null,"sales_last_days":null,"reserved_stock":null,"customer_returns":null,"warehouse_damage":null,"lost_in_post":null,"other_logs":null,"out_stock_days":null,"lost_sales":null,"has_location":null,"update_date":null,"atum_locations":[],"atum_stock_status":"instock","low_stock":false,"mi_inventories":[],"multi_inventory":null,"inventory_sorting_mode":null,"inventory_iteration":null,"expirable_inventories":null,"price_per_inventory":null,"_links":{"self":[{"href":"https:\/\/lesaintlaurentvape.com\/en\/wp-json\/wp\/v2\/product\/101151\/"}],"collection":[{"href":"https:\/\/lesaintlaurentvape.com\/en\/wp-json\/wp\/v2\/product\/"}],"about":[{"href":"https:\/\/lesaintlaurentvape.com\/en\/wp-json\/wp\/v2\/types\/product\/"}],"replies":[{"embeddable":true,"href":"https:\/\/lesaintlaurentvape.com\/en\/wp-json\/wp\/v2\/comments\/?post=101151"}],"wp:featuredmedia":[{"embeddable":true,"href":"https:\/\/lesaintlaurentvape.com\/en\/wp-json\/wp\/v2\/media\/72384\/"}],"wp:attachment":[{"href":"https:\/\/lesaintlaurentvape.com\/en\/wp-json\/wp\/v2\/media\/?parent=101151"}],"wp:term":[{"taxonomy":"marques","embeddable":true,"href":"https:\/\/lesaintlaurentvape.com\/en\/wp-json\/wp\/v2\/marques\/?post=101151"}],"curies":[{"name":"wp","href":"https:\/\/api.w.org\/{rel}","templated":true}]}}