{"id":101150,"date":"2018-11-12T13:27:52","date_gmt":"2018-11-12T12:27:52","guid":{"rendered":"https:\/\/lesaintlaurentvape.com\/produit\/aspire-spryte-resistance-12-ohm\/"},"modified":"2020-10-31T20:29:42","modified_gmt":"2020-10-31T19:29:42","slug":"aspire-spryte-resistance-12-ohm","status":"publish","type":"product","link":"https:\/\/lesaintlaurentvape.com\/en\/produit\/aspire-spryte-resistance-12-ohm\/","title":{"rendered":"Aspire Spryte\/BVC Coil NS 1,2 ohm"},"content":{"rendered":"<p><span style=\"color: #ffffff;\">Aspire Spryte\/BVC Coil<\/span><\/p>\n<p style=\"text-align: center;\"><strong><u>Des r\u00e9sistances d\u00e9di\u00e9es \u00e0 l\u2019inhalation indirecte<\/u><\/strong><\/p>\n<p style=\"text-align: center;\"><img loading=\"lazy\" class=\"aligncenter size-full wp-image-3736\" src=\"https:\/\/dscvape.fr\/wp-content\/uploads\/2018\/11\/R\u00e9sistance-BVC-SN.png\" alt=\"\" width=\"436\" height=\"426\" \/><\/p>\n<p style=\"text-align: center;\">Aspire lance une nouveaut\u00e9 avec son kit Spryte. Une r\u00e9sistance BVC NS en 1,2ohm cr\u00e9\u00e9e sp\u00e9cialement pour les e-liquides \u00e0 base de sel de nicotine. En effet, la marque lance une gamme de r\u00e9sistance BVC, reconnaissable par leurs bandes turquoises, d\u00e9di\u00e9e aux e-liquides \u00e0 base de sel de nicotine pour une vape toujours plus agr\u00e9able. Bien s\u00fbr, ces nouvelles r\u00e9sistances peuvent s\u2019utiliser avec des e-liquides classiques.<\/p>\n<p class=\"p1\"><span class=\"s1\" style=\"color: #ffffff;\"><a style=\"color: #ffffff;\" href=\"https:\/\/dscvape.fr\/product-brands\/aspire\/\">https:\/\/dscvape.fr\/product-brands\/aspire\/<\/a><\/span><\/p>\n<p class=\"p1\"><span class=\"s1\" style=\"color: #ffffff;\"><a style=\"color: #ffffff;\" href=\"https:\/\/www.aspirecig.com\/\">https:\/\/www.aspirecig.com\/<\/a><\/span><\/p>\n","protected":false},"excerpt":{"rendered":"<p>R\u00e9sistance BVC NS de rechange en 1,2 ohm de la marque Aspire.\u00a0D\u00e9couvrez cette toute nouvelle r\u00e9sistance imagin\u00e9e pour les liquides en sel de nicotine. Aussi disponible en version classique en <a href=\"https:\/\/dscvape.fr\/produit\/aspire-resistance-bvc-18-ohm\/\">1,8 ohm<\/a>.Vendue par bo\u00eete de 5 pi\u00e8ces.<\/p>\n<p><span style=\"text-decoration: underline;\"><strong>Compatibilit\u00e9:<\/strong><\/span>\u00a0<a href=\"https:\/\/dscvape.fr\/produit\/aspire-spryte-aio\/\">Spryte<\/a>\/ CE5 \/ CE5-S \/ ET \/ ET-S \/ K1 \/ Maxi \/ Vivi nova \/ Mini Vivi nova<\/p>\n","protected":false},"featured_media":72381,"comment_status":"closed","ping_status":"closed","template":"","meta":[],"marques":[7439],"bundle_layout":"","bundled_by":[],"bundled_items":[],"supplier_id":null,"supplier_sku":"","atum_controlled":true,"out_stock_date":null,"out_stock_threshold":null,"inheritable":false,"inbound_stock":0,"stock_on_hold":0,"sold_today":0,"sales_last_days":0,"reserved_stock":0,"customer_returns":0,"warehouse_damage":0,"lost_in_post":0,"other_logs":0,"out_stock_days":0,"lost_sales":0,"has_location":false,"update_date":"2021-03-25T11:18:32","atum_locations":[],"atum_stock_status":"instock","low_stock":false,"mi_inventories":[2322],"multi_inventory":null,"inventory_sorting_mode":null,"inventory_iteration":null,"expirable_inventories":null,"price_per_inventory":null,"_links":{"self":[{"href":"https:\/\/lesaintlaurentvape.com\/en\/wp-json\/wp\/v2\/product\/101150\/"}],"collection":[{"href":"https:\/\/lesaintlaurentvape.com\/en\/wp-json\/wp\/v2\/product\/"}],"about":[{"href":"https:\/\/lesaintlaurentvape.com\/en\/wp-json\/wp\/v2\/types\/product\/"}],"replies":[{"embeddable":true,"href":"https:\/\/lesaintlaurentvape.com\/en\/wp-json\/wp\/v2\/comments\/?post=101150"}],"wp:featuredmedia":[{"embeddable":true,"href":"https:\/\/lesaintlaurentvape.com\/en\/wp-json\/wp\/v2\/media\/72381\/"}],"wp:attachment":[{"href":"https:\/\/lesaintlaurentvape.com\/en\/wp-json\/wp\/v2\/media\/?parent=101150"}],"wp:term":[{"taxonomy":"marques","embeddable":true,"href":"https:\/\/lesaintlaurentvape.com\/en\/wp-json\/wp\/v2\/marques\/?post=101150"}],"curies":[{"name":"wp","href":"https:\/\/api.w.org\/{rel}","templated":true}]}}