{"id":101149,"date":"2018-11-12T12:55:20","date_gmt":"2018-11-12T11:55:20","guid":{"rendered":"https:\/\/lesaintlaurentvape.com\/produit\/aspire-breeze-2-pod\/"},"modified":"2020-10-31T20:29:41","modified_gmt":"2020-10-31T19:29:41","slug":"aspire-breeze-2-pod","status":"publish","type":"product","link":"https:\/\/lesaintlaurentvape.com\/en\/produit\/aspire-breeze-2-pod\/","title":{"rendered":"Aspire Breeze 2 Pod"},"content":{"rendered":"<h3 style=\"text-align: center;\"><strong><u>Un airflow ajustable<\/u><\/strong><\/h3>\n<p style=\"text-align: center;\">Tout d\u2019abord, ce syst\u00e8me d\u2019AIO poss\u00e8de un airflow r\u00e9glable, ce qui est rare pour les appareils de cette taille.<br \/>\nEn effet, en plus des ouvertures d\u2019air pr\u00e9sentes sur le c\u00f4t\u00e9 de l\u2019appareil, ASPIRE propose \u00e0 ses utilisateurs la capacit\u00e9 de r\u00e9gler le d\u00e9bit d\u2019air gr\u00e2ce \u00e0 une bague pr\u00e9sente sur le bas du r\u00e9servoir (photo ci-jointe).<\/p>\n<p style=\"text-align: center;\"><img loading=\"lazy\" class=\"aligncenter size-full wp-image-3583\" src=\"https:\/\/dscvape.fr\/wp-content\/uploads\/2018\/11\/Airflow-r\u00e9glable-breeze-2.png\" alt=\"\" width=\"1290\" height=\"574\" \/><\/p>\n<h3 style=\"text-align: center;\"><strong><u>Une installation pratique<\/u><\/strong><\/h3>\n<p style=\"text-align: center;\">Aspire am\u00e9liore la Breeze avec l\u2019installation du pod. En effet, pour retirer le pod, il suffit de faire pression sur le cot\u00e9 de la batterie et tirer le pod pour le retirer. Ensuite, pour la r\u00e9installer, rien de plus simple, il suffit de l\u2019enfoncer directement contre la batterie jusqu\u2019\u00e0 entendre un \u00ab\u00a0clic\u00a0\u00bb qui signifiera que le pod est bien install\u00e9.<\/p>\n<p style=\"text-align: center;\"><img loading=\"lazy\" class=\"aligncenter size-full wp-image-3584\" src=\"https:\/\/dscvape.fr\/wp-content\/uploads\/2018\/11\/Installer-le-pod-breeze-2.png\" alt=\"\" width=\"1236\" height=\"515\" \/><\/p>\n<h3 style=\"text-align: center;\"><strong><u>Changer ses r\u00e9sistances<\/u><\/strong><\/h3>\n<p style=\"text-align: center;\">Pour changer la r\u00e9sistance, il suffira de retirer le drip tip, tirer la r\u00e9sistance install\u00e9e sous la bague d\u2019airflow et installer une nouvelle. Une fois install\u00e9e, refaire les \u00e9tapes dans le sens inverse. Ne pas oublier l\u2019amor\u00e7age de la r\u00e9sistance lorsque l\u2019on en installe une nouvelle afin d\u2019\u00e9viter tout risque de br\u00fbler sa r\u00e9sistance pr\u00e9matur\u00e9ment. (L\u2019amor\u00e7age c&#8217;est lorsqu\u2019on laisse la r\u00e9sistance s\u2019imbiber du e-liquide afin d\u2019\u00e9viter tout risque de br\u00fbler celle-ci, souvent 5-10min.)<\/p>\n<p style=\"text-align: center;\"><img loading=\"lazy\" class=\"aligncenter size-full wp-image-3574\" src=\"https:\/\/dscvape.fr\/wp-content\/uploads\/2018\/11\/Changer-r\u00e9sistance-Breeze.png\" alt=\"\" width=\"562\" height=\"255\" \/><\/p>\n<h3 style=\"text-align: center;\"><strong><u>Remplir sa Breeze 2<\/u><\/strong><\/h3>\n<p style=\"text-align: center;\">Pour\u00a0<strong>remplir<\/strong>\u00a0c\u2019est simple, il suffit de soulever la petite languette blanche en silicone qui laissera appara\u00eetre un orifice d\u00e9di\u00e9 au remplissage. Une fois rempli, vous n\u2019aurez qu\u2019\u00e0 refermer le trou et installer le pod sur la batterie.<\/p>\n<p><img loading=\"lazy\" class=\"aligncenter size-full wp-image-3585\" src=\"https:\/\/dscvape.fr\/wp-content\/uploads\/2018\/11\/Remplissage-breeze-2.png\" alt=\"\" width=\"1024\" height=\"568\" \/><\/p>\n","protected":false},"excerpt":{"rendered":"<p>Pod destin\u00e9e \u00e0 la <a href=\"https:\/\/dscvape.fr\/produit\/aspire-breeze-2\/\">Breeze 2<\/a> de la marque ASPIRE.<\/p>\n","protected":false},"featured_media":72378,"comment_status":"closed","ping_status":"closed","template":"","meta":[],"marques":[7439],"bundle_layout":"","bundled_by":[],"bundled_items":[],"supplier_id":null,"supplier_sku":"","atum_controlled":true,"out_stock_date":null,"out_stock_threshold":null,"inheritable":false,"inbound_stock":0,"stock_on_hold":0,"sold_today":0,"sales_last_days":0,"reserved_stock":0,"customer_returns":0,"warehouse_damage":0,"lost_in_post":0,"other_logs":0,"out_stock_days":0,"lost_sales":0,"has_location":false,"update_date":"2021-03-25T11:18:32","atum_locations":[],"atum_stock_status":"instock","low_stock":false,"mi_inventories":[159],"multi_inventory":null,"inventory_sorting_mode":null,"inventory_iteration":null,"expirable_inventories":null,"price_per_inventory":null,"_links":{"self":[{"href":"https:\/\/lesaintlaurentvape.com\/en\/wp-json\/wp\/v2\/product\/101149\/"}],"collection":[{"href":"https:\/\/lesaintlaurentvape.com\/en\/wp-json\/wp\/v2\/product\/"}],"about":[{"href":"https:\/\/lesaintlaurentvape.com\/en\/wp-json\/wp\/v2\/types\/product\/"}],"replies":[{"embeddable":true,"href":"https:\/\/lesaintlaurentvape.com\/en\/wp-json\/wp\/v2\/comments\/?post=101149"}],"wp:featuredmedia":[{"embeddable":true,"href":"https:\/\/lesaintlaurentvape.com\/en\/wp-json\/wp\/v2\/media\/72378\/"}],"wp:attachment":[{"href":"https:\/\/lesaintlaurentvape.com\/en\/wp-json\/wp\/v2\/media\/?parent=101149"}],"wp:term":[{"taxonomy":"marques","embeddable":true,"href":"https:\/\/lesaintlaurentvape.com\/en\/wp-json\/wp\/v2\/marques\/?post=101149"}],"curies":[{"name":"wp","href":"https:\/\/api.w.org\/{rel}","templated":true}]}}