{"id":101148,"date":"2018-11-12T12:52:53","date_gmt":"2018-11-12T11:52:53","guid":{"rendered":"https:\/\/lesaintlaurentvape.com\/produit\/pockex-kit\/"},"modified":"2020-10-31T21:07:10","modified_gmt":"2020-10-31T20:07:10","slug":"pockex-kit","status":"publish","type":"product","link":"https:\/\/lesaintlaurentvape.com\/en\/produit\/pockex-kit\/","title":{"rendered":"Aspire PockeX Kit"},"content":{"rendered":"<p><span style=\"color: #ffffff;\">Aspire PockeX Kit<\/span><\/p>\n<h2 style=\"text-align: center;\"><b>DESCRIPTION D\u00c9TAILL\u00c9E\u00a0:<\/b><\/h2>\n<p><img loading=\"lazy\" class=\"aligncenter size-full wp-image-4206\" src=\"https:\/\/dscvape.fr\/wp-content\/uploads\/2018\/11\/Pockex-d\u00e9tail-aspire.png\" alt=\"\" width=\"1290\" height=\"836\" \/><\/p>\n<p style=\"text-align: center;\"><strong><u>La technologie U-TECH par Aspire<\/u><\/strong><\/p>\n<p><img loading=\"lazy\" class=\"aligncenter\" src=\"https:\/\/www.aspirecig.com\/templets\/mi\/images\/nautilusx\/5.png\" width=\"823\" height=\"455\" \/><\/p>\n<p style=\"text-align: center;\">En cr\u00e9ant la PockeX, Aspire s\u2019inspire de la Nautilus X, un clearomiseur de la marque. C\u2019est donc sans surprise qu\u2019on retrouve des r\u00e9sistances utilisant la technologie U-Tech d\u2019Aspire. En effet, cela permettrait d\u2019obtenir une meilleure exp\u00e9rience de vape gr\u00e2ce au passage de l\u2019air dans une chambre en forme de U. Gr\u00e2ce \u00e0 cette forme, l\u2019air passe \u00e0 travers le montage de la r\u00e9sistance deux fois avant l\u2019inhalation. Dans les deux parties de fil de r\u00e9sistif en kanthal sur les deux branches du \u00ab U \u00bb. Cela permettrait un excellent rendu des saveurs \u00e0 chaque bouff\u00e9e.<\/p>\n<p style=\"text-align: center;\"><strong><u>Un remplissage toujours plus simple gr\u00e2ce \u00e0 une r\u00e9sistance accroch\u00e9e au top cap<\/u><\/strong><\/p>\n<p style=\"text-align: center;\"><img src=\"https:\/\/www.aspirecig.com\/templets\/new\/images\/pockex\/8.png\" alt=\"Aspire PockeX\" \/><\/p>\n<p style=\"text-align: center;\">Le point fort de la PockeX qui n\u2019est pas \u00e0 ignorer est bien sa forme m\u00eame. En effet, Aspire propose un appareil avec une r\u00e9sistance qui reste accroch\u00e9e sur le top cap pour faciliter non seulement le changement de celle-ci mais aussi le remplissage.<\/p>\n<p style=\"text-align: center;\">Tout d\u2019abord, habituellement le changement des r\u00e9sistances n\u00e9cessite de vider le contenu du r\u00e9servoir afin de retirer la r\u00e9sistance du bottom cap. On \u00e9conomise donc du l\u2019e-liquide mais aussi du temps. Ne pas oublier l\u2019amor\u00e7age de la r\u00e9sistance lorsque l&#8217;on en installe une nouvelle afin d\u2019\u00e9viter tout risque de br\u00fbler sa r\u00e9sistance pr\u00e9matur\u00e9ment. (L\u2019amor\u00e7age est lorsque l&#8217;on laisse la r\u00e9sistance s\u2019imbiber du e-liquide afin d\u2019\u00e9viter tout risque de br\u00fbler celle-ci, souvent 5-10 min.)<\/p>\n<p style=\"text-align: center;\">Ensuite, le remplissage n\u2019en devient que plus simple car il vous suffira de mettre directement votre e-liquide dans le r\u00e9servoir sans peur d\u2019en mettre dans la r\u00e9sistance par m\u00e9garde. Attention tout de m\u00eame \u00e0 ne pas d\u00e9passer la ligne \u00ab max \u00bb. Elle est visible sur le cot\u00e9 du pyrex afin d\u2019\u00e9viter le d\u00e9bordement de l\u2019e-liquide une fois le top cap remis en place.<\/p>\n<p style=\"text-align: center;\">Finalement, la PockeX, en plus de convenir aux deux types d\u2019inhalation. Elle pourra \u00eatre pr\u00e9sent\u00e9e comme le kit pour d\u00e9marrer les cigarettes \u00e9lectroniques gr\u00e2ce \u00e0 sa simplicit\u00e9 d\u2019utilisation.<\/p>\n","protected":false},"excerpt":{"rendered":"<p>L\u2019AIO de la marque <strong>Aspire<\/strong>, le kit\u00a0<strong>PockeX<\/strong> est le tout en un qui saura plaire \u00e0 tous. Fiable, discr\u00e8te et \u00e9l\u00e9gante, elle offre une excellente restitution des ar\u00f4mes\u00a0avec une quantit\u00e9 de vapeur mod\u00e9r\u00e9e.<\/p>\n<p><strong>Pratique et compacte<\/strong>, il deviendra un accessoire \u00e0 emporter partout. R\u00e9sistance accroch\u00e9e sur le top-cap, il a tout pour plaire et pour d\u00e9buter dans le monde de la vape. Malgr\u00e9 tout, le tirage reste modulable. En effet, en fonction de la r\u00e9sistance utilis\u00e9e, vous allez pouvoir passer d\u2019une inhalation indirecte avec la r\u00e9sistance en <a href=\"https:\/\/dscvape.fr\/produit\/aspire-pockex-resistance-12-ohm\/\">1,2<\/a> ohm \u00e0 une inhalation un peu plus directe avec la r\u00e9sistance en <a href=\"https:\/\/dscvape.fr\/produit\/aspire-pockex-resistance-06-ohm\/\">0,6<\/a> ohm.<br \/>\nC\u2019est donc un appareil \u00e0 conseiller \u00e0 ceux qui recherche un tirage serr\u00e9 imitant la cigarette traditionnelle mais le tout dans un kit simple \u00e0 utiliser, ou un vapoteur un peu plus exp\u00e9riment\u00e9 mais qui recherche un appareil compact facile \u00e0 transporter.<\/p>\n<p><a href=\"https:\/\/dscvape.fr\/wp-content\/uploads\/2018\/11\/Aide-\u00e0-la-vente-PockeX.pdf\">T\u00e9l\u00e9chargez-moi pour une aide \u00e0 la vente PockeX<\/a><\/p>\n","protected":false},"featured_media":72362,"comment_status":"closed","ping_status":"closed","template":"","meta":[],"marques":[7439],"bundle_layout":"","bundled_by":[],"bundled_items":[],"supplier_id":null,"supplier_sku":"","atum_controlled":true,"out_stock_date":null,"out_stock_threshold":null,"inheritable":false,"inbound_stock":null,"stock_on_hold":null,"sold_today":null,"sales_last_days":null,"reserved_stock":null,"customer_returns":null,"warehouse_damage":null,"lost_in_post":null,"other_logs":null,"out_stock_days":null,"lost_sales":null,"has_location":null,"update_date":null,"atum_locations":[],"atum_stock_status":"instock","low_stock":false,"mi_inventories":[],"multi_inventory":null,"inventory_sorting_mode":null,"inventory_iteration":null,"expirable_inventories":null,"price_per_inventory":null,"_links":{"self":[{"href":"https:\/\/lesaintlaurentvape.com\/en\/wp-json\/wp\/v2\/product\/101148\/"}],"collection":[{"href":"https:\/\/lesaintlaurentvape.com\/en\/wp-json\/wp\/v2\/product\/"}],"about":[{"href":"https:\/\/lesaintlaurentvape.com\/en\/wp-json\/wp\/v2\/types\/product\/"}],"replies":[{"embeddable":true,"href":"https:\/\/lesaintlaurentvape.com\/en\/wp-json\/wp\/v2\/comments\/?post=101148"}],"wp:featuredmedia":[{"embeddable":true,"href":"https:\/\/lesaintlaurentvape.com\/en\/wp-json\/wp\/v2\/media\/72362\/"}],"wp:attachment":[{"href":"https:\/\/lesaintlaurentvape.com\/en\/wp-json\/wp\/v2\/media\/?parent=101148"}],"wp:term":[{"taxonomy":"marques","embeddable":true,"href":"https:\/\/lesaintlaurentvape.com\/en\/wp-json\/wp\/v2\/marques\/?post=101148"}],"curies":[{"name":"wp","href":"https:\/\/api.w.org\/{rel}","templated":true}]}}