{"id":101147,"date":"2018-11-12T12:20:47","date_gmt":"2018-11-12T11:20:47","guid":{"rendered":"https:\/\/lesaintlaurentvape.com\/produit\/aspire-breeze-resistance-06-ohm\/"},"modified":"2020-10-31T20:29:39","modified_gmt":"2020-10-31T19:29:39","slug":"aspire-breeze-resistance-06-ohm","status":"publish","type":"product","link":"https:\/\/lesaintlaurentvape.com\/en\/produit\/aspire-breeze-resistance-06-ohm\/","title":{"rendered":"Aspire Breeze Coil 0,6 ohm"},"content":{"rendered":"<p><span style=\"color: #ffffff;\">Aspire Breeze Coil<\/span><\/p>\n<p style=\"text-align: center;\"><strong><u>Installation de la r\u00e9sistance<\/u><\/strong><\/p>\n<p style=\"text-align: center;\">Pour changer la r\u00e9sistance sur la <a href=\"https:\/\/dscvape.fr\/produit\/aspire-breeze-2\/\">Breeze 2<\/a>, il suffira de retirer le drip tip, tirer la r\u00e9sistance install\u00e9e sous la bague d\u2019airflow et installer une nouvelle. Une fois install\u00e9e, refaire les \u00e9tapes dans le sens inverse. Ne pas oublier l\u2019amor\u00e7age de la r\u00e9sistance lorsque l&#8217;on en installe une nouvelle afin d\u2019\u00e9viter tout risque de br\u00fbler sa r\u00e9sistance pr\u00e9matur\u00e9ment. (L\u2019amor\u00e7age est lorsque l&#8217;on laisse la r\u00e9sistance s\u2019imbiber du e-liquide afin d\u2019\u00e9viter tout risque de br\u00fbler celle-ci, souvent 5-10 min.)<\/p>\n<p><img loading=\"lazy\" class=\"aligncenter size-full wp-image-3574\" src=\"https:\/\/dscvape.fr\/wp-content\/uploads\/2018\/11\/Changer-r\u00e9sistance-Breeze.png\" alt=\"\" width=\"562\" height=\"255\" \/><\/p>\n<p>&nbsp;<\/p>\n<p class=\"p1\"><span class=\"s1\" style=\"color: #ffffff;\"><a style=\"color: #ffffff;\" href=\"https:\/\/dscvape.fr\/product-brands\/aspire\/\">https:\/\/dscvape.fr\/product-brands\/aspire\/<\/a><\/span><\/p>\n<p class=\"p1\"><span class=\"s1\" style=\"color: #ffffff;\"><a style=\"color: #ffffff;\" href=\"https:\/\/www.aspirecig.com\/\">https:\/\/www.aspirecig.com\/<\/a><\/span><\/p>\n","protected":false},"excerpt":{"rendered":"<p>R\u00e9sistance en 0,6 ohm destin\u00e9e \u00e0 la Breeze, aussi compatible sur la <a href=\"https:\/\/dscvape.fr\/produit\/aspire-breeze-2\/\">Breeze 2<\/a>. Existe \u00e9galement en 1,0 ohm.<\/p>\n<p><span style=\"text-decoration: underline;\"><strong>Compatibilit\u00e9:<\/strong><\/span> Breeze\/Breeze 2<\/p>\n","protected":false},"featured_media":72359,"comment_status":"closed","ping_status":"closed","template":"","meta":[],"marques":[7439],"bundle_layout":"","bundled_by":[],"bundled_items":[],"supplier_id":null,"supplier_sku":"","atum_controlled":true,"out_stock_date":null,"out_stock_threshold":null,"inheritable":false,"inbound_stock":0,"stock_on_hold":0,"sold_today":0,"sales_last_days":0,"reserved_stock":0,"customer_returns":0,"warehouse_damage":0,"lost_in_post":0,"other_logs":0,"out_stock_days":0,"lost_sales":0,"has_location":false,"update_date":"2021-03-25T11:18:32","atum_locations":[],"atum_stock_status":"instock","low_stock":false,"mi_inventories":[2323],"multi_inventory":null,"inventory_sorting_mode":null,"inventory_iteration":null,"expirable_inventories":null,"price_per_inventory":null,"_links":{"self":[{"href":"https:\/\/lesaintlaurentvape.com\/en\/wp-json\/wp\/v2\/product\/101147\/"}],"collection":[{"href":"https:\/\/lesaintlaurentvape.com\/en\/wp-json\/wp\/v2\/product\/"}],"about":[{"href":"https:\/\/lesaintlaurentvape.com\/en\/wp-json\/wp\/v2\/types\/product\/"}],"replies":[{"embeddable":true,"href":"https:\/\/lesaintlaurentvape.com\/en\/wp-json\/wp\/v2\/comments\/?post=101147"}],"wp:featuredmedia":[{"embeddable":true,"href":"https:\/\/lesaintlaurentvape.com\/en\/wp-json\/wp\/v2\/media\/72359\/"}],"wp:attachment":[{"href":"https:\/\/lesaintlaurentvape.com\/en\/wp-json\/wp\/v2\/media\/?parent=101147"}],"wp:term":[{"taxonomy":"marques","embeddable":true,"href":"https:\/\/lesaintlaurentvape.com\/en\/wp-json\/wp\/v2\/marques\/?post=101147"}],"curies":[{"name":"wp","href":"https:\/\/api.w.org\/{rel}","templated":true}]}}