{"id":101144,"date":"2018-11-12T09:28:16","date_gmt":"2018-11-12T08:28:16","guid":{"rendered":"https:\/\/lesaintlaurentvape.com\/produit\/aspire-breeze-2\/"},"modified":"2020-10-31T20:31:35","modified_gmt":"2020-10-31T19:31:35","slug":"aspire-breeze-2","status":"publish","type":"product","link":"https:\/\/lesaintlaurentvape.com\/en\/produit\/aspire-breeze-2\/","title":{"rendered":"Aspire Breeze 2 Kit"},"content":{"rendered":"<p><span style=\"color: #ffffff;\">Aspire Breeze 2 Kit<\/span><\/p>\n<h2 style=\"text-align: center;\"><b>DESCRIPTION D\u00c9TAILL\u00c9E\u00a0:<\/b><\/h2>\n<p><img loading=\"lazy\" class=\"aligncenter size-full wp-image-4204\" src=\"https:\/\/dscvape.fr\/wp-content\/uploads\/2018\/11\/D\u00e9tail-breeze-2-aspire.png\" alt=\"\" width=\"1497\" height=\"803\" \/><\/p>\n<p style=\"text-align: center;\"><span style=\"color: #000000;\"><strong><u>Un airflow ajustable<\/u><\/strong><\/span><\/p>\n<p style=\"text-align: center;\">Tout d\u2019abord, ce syst\u00e8me d\u2019AIO poss\u00e8de un airflow r\u00e9glable, ce qui est rare pour les appareils de cette taille.<br \/>\nEn effet, en plus des ouvertures d\u2019air pr\u00e9sentes sur le c\u00f4t\u00e9 de l\u2019appareil, ASPIRE propose \u00e0 ses utilisateurs la capacit\u00e9 de r\u00e9gler le d\u00e9bit d\u2019air gr\u00e2ce \u00e0 une bague situ\u00e9e sur le bas du r\u00e9servoir (photo ci-jointe).<\/p>\n<p><img loading=\"lazy\" class=\"aligncenter size-full wp-image-3583\" src=\"https:\/\/dscvape.fr\/wp-content\/uploads\/2018\/11\/Airflow-r\u00e9glable-breeze-2.png\" alt=\"\" width=\"1290\" height=\"574\" \/><\/p>\n<h3 style=\"text-align: center;\"><strong><u>Une installation pratique<\/u><\/strong><\/h3>\n<p style=\"text-align: center;\">Aspire am\u00e9liore la Breeze avec l\u2019installation du pod. En effet, pour retirer le pod, il suffit de faire pression sur les\u00a0cot\u00e9s de la batterie et tirer le pod pour le retirer. Ensuite, pour la r\u00e9installer, rien de plus simple, il suffit de l\u2019enfoncer directement contre la batterie jusqu\u2019\u00e0 entendre un \u00ab\u00a0clic\u00a0\u00bb qui signifiera que le pod est bien install\u00e9.<\/p>\n<p><img loading=\"lazy\" class=\"aligncenter size-full wp-image-4148\" src=\"https:\/\/dscvape.fr\/wp-content\/uploads\/2018\/11\/Installer-les-pods-breeze-2.png\" alt=\"\" width=\"1236\" height=\"515\" \/><\/p>\n<h3 style=\"text-align: center;\"><strong><u>Changer ses r\u00e9sistances<\/u><\/strong><\/h3>\n<p style=\"text-align: center;\">Pour changer la r\u00e9sistance, il suffira de retirer le drip tip, tirer la r\u00e9sistance install\u00e9e sous la bague d\u2019airflow et installer une nouvelle. Une fois install\u00e9e, refaire les \u00e9tapes dans le sens inverse. Ne pas oublier l\u2019amor\u00e7age de la r\u00e9sistance lorsqu&#8217;on installe une nouvelle r\u00e9sistance afin d\u2019\u00e9viter de br\u00fbler sa r\u00e9sistance pr\u00e9matur\u00e9ment. (L\u2019amor\u00e7age c&#8217;est lorsqu&#8217;on laisse la r\u00e9sistance s\u2019imbiber du e-liquide afin d\u2019\u00e9viter tout risque de br\u00fbler celle-ci, souvent 5-10min.)<\/p>\n<p><img loading=\"lazy\" class=\"aligncenter size-full wp-image-3574\" src=\"https:\/\/dscvape.fr\/wp-content\/uploads\/2018\/11\/Changer-r\u00e9sistance-Breeze.png\" alt=\"\" width=\"562\" height=\"255\" \/><\/p>\n<h3 style=\"text-align: center;\"><strong><u>Remplir sa Breeze 2<\/u><\/strong><\/h3>\n<p style=\"text-align: center;\">Pour <strong>remplir<\/strong> c\u2019est simple, il suffit de soulever la petite languette blanche en silicone qui laissera appara\u00eetre un orifice d\u00e9di\u00e9 au remplissage. Une fois rempli, vous n\u2019aurez qu\u2019\u00e0 refermer le trou et installer le pod sur la batterie.<\/p>\n<p><img loading=\"lazy\" class=\"aligncenter size-full wp-image-3585\" src=\"https:\/\/dscvape.fr\/wp-content\/uploads\/2018\/11\/Remplissage-breeze-2.png\" alt=\"\" width=\"1024\" height=\"568\" \/><\/p>\n<h3><\/h3>\n<h3 style=\"text-align: center;\"><strong><u>Charger la Breeze 2<\/u><\/strong><\/h3>\n<p style=\"text-align: center;\">Il vous suffira de brancher le c\u00e2ble USB, fourni par ASPIRE dans le kit, \u00e0 votre Breeze 2 (le cot\u00e9 de l\u2019appareil) et de brancher l\u2019autre bout \u00e0 un adaptateur \u00e0 maximum 800mA (sachez que l\u2019ordinateur fera l\u2019affaire). Lorsque vous la brancherez, le t\u00e9moin lumineux affichera d\u2019abord une lumi\u00e8re bleue suivie de 3 flashes de lumi\u00e8re orange.<\/p>\n","protected":false},"excerpt":{"rendered":"<p>Successeur \u00e0 la <strong>Breeze<\/strong>, <strong>Aspire<\/strong> nous pr\u00e9sente la :\u00a0\u00a0<strong>Breeze 2<\/strong>, un syst\u00e8me AIO (all in one) qui saura plaire aux primo-vapoteurs par son utilisation simple.\u00a0Son remplissage simple va vous faciliter la tache au quotidien.<\/p>\n<p>\u00c9l\u00e9gant et tr\u00e8s maniable, <strong>le Breeze 2<\/strong> n\u2019en est pas moins endurant gr\u00e2ce \u00e0 sa contenance de 2ml et sa batterie int\u00e9gr\u00e9e \u00e0 l\u2019autonomie remarquable de 1000 mAh.<\/p>\n<p>Design <strong>petit et fin<\/strong> il pourra se faufiler dans vos poches ou sacs sans probl\u00e8me. Ce syst\u00e8me de pod poss\u00e8de un tirage modulable. C\u2019est-\u00e0-dire qu\u2019en fonction de la r\u00e9sistance utilis\u00e9e, vous allez pouvoir passer d\u2019une inhalation indirecte avec la r\u00e9sistance en 1,0 ohm \u00e0 une inhalation un peu plus directe avec la r\u00e9sistance en 0,6 ohm. C\u2019est donc un appareil qui convient \u00e0 ceux qui recherche un tirage serr\u00e9 imitant la cigarette traditionnelle tout en restant simple \u00e0 utiliser, ou encore \u00e0 un vapoteur un peu plus exp\u00e9riment\u00e9 qui recherche un appareil compact facile \u00e0 transporter. Ce kit saura donc tr\u00e8s bien trouver son public que ce soit chez les primo-vapoteurs ou bien les vapeurs avec un peu plus d\u2019exp\u00e9rience.<\/p>\n<p><a href=\"https:\/\/dscvape.fr\/wp-content\/uploads\/2018\/11\/Aide-\u00e0-la-vente-Breeze-2.pdf\">T\u00e9l\u00e9chargez-moi pour une aide \u00e0 la vente Breeze 2<\/a><\/p>\n","protected":false},"featured_media":72326,"comment_status":"closed","ping_status":"closed","template":"","meta":[],"marques":[7439],"bundle_layout":"","bundled_by":[],"bundled_items":[],"supplier_id":null,"supplier_sku":"","atum_controlled":true,"out_stock_date":null,"out_stock_threshold":null,"inheritable":false,"inbound_stock":null,"stock_on_hold":null,"sold_today":null,"sales_last_days":null,"reserved_stock":null,"customer_returns":null,"warehouse_damage":null,"lost_in_post":null,"other_logs":null,"out_stock_days":null,"lost_sales":null,"has_location":null,"update_date":null,"atum_locations":[],"atum_stock_status":"instock","low_stock":false,"mi_inventories":[],"multi_inventory":null,"inventory_sorting_mode":null,"inventory_iteration":null,"expirable_inventories":null,"price_per_inventory":null,"_links":{"self":[{"href":"https:\/\/lesaintlaurentvape.com\/en\/wp-json\/wp\/v2\/product\/101144\/"}],"collection":[{"href":"https:\/\/lesaintlaurentvape.com\/en\/wp-json\/wp\/v2\/product\/"}],"about":[{"href":"https:\/\/lesaintlaurentvape.com\/en\/wp-json\/wp\/v2\/types\/product\/"}],"replies":[{"embeddable":true,"href":"https:\/\/lesaintlaurentvape.com\/en\/wp-json\/wp\/v2\/comments\/?post=101144"}],"wp:featuredmedia":[{"embeddable":true,"href":"https:\/\/lesaintlaurentvape.com\/en\/wp-json\/wp\/v2\/media\/72326\/"}],"wp:attachment":[{"href":"https:\/\/lesaintlaurentvape.com\/en\/wp-json\/wp\/v2\/media\/?parent=101144"}],"wp:term":[{"taxonomy":"marques","embeddable":true,"href":"https:\/\/lesaintlaurentvape.com\/en\/wp-json\/wp\/v2\/marques\/?post=101144"}],"curies":[{"name":"wp","href":"https:\/\/api.w.org\/{rel}","templated":true}]}}